{"id":94159,"date":"2019-07-11T13:56:29","date_gmt":"2019-07-11T13:56:29","guid":{"rendered":"https:\/\/www.3p-gmbh.de\/produkt\/palamides-delta-502-sortie-de-banderolage-de-paquets\/"},"modified":"2019-07-11T13:56:29","modified_gmt":"2019-07-11T13:56:29","slug":"sortie-de-banderole-a-deux-paquets","status":"publish","type":"product","link":"https:\/\/www.3p-gmbh.de\/fr\/produkt\/sortie-de-banderole-a-deux-paquets\/","title":{"rendered":"Palamides Delta 502 Sortie de banderolage de paquets"},"content":{"rendered":"<p><strong>Paquet double de banderoles Palamides Delta 502<\/strong><br \/>\n<strong>Ann\u00e9e de construction 2013 en tr\u00e8s bon \u00e9tat<\/strong><\/p>\n<p>La Delta est un syst\u00e8me de distribution enti\u00e8rement automatique qui rationalise le processus de production. L&rsquo;accent n&rsquo;est pas mis sur le banderolage des paquets, mais sur la rationalisation. Gr\u00e2ce \u00e0 l&rsquo;utilisation d&rsquo;une Delta, un seul op\u00e9rateur est n\u00e9cessaire sur la plieuse. M\u00eame au niveau de l&rsquo;encarteuse-piqueuse, les piles sont enlev\u00e9es \u00e0 moindre co\u00fbt par une seule personne, qu&rsquo;il s&rsquo;agisse d&rsquo;une production \u00e0 double ou \u00e0 triple entr\u00e9e, et ce \u00e0 pleine capacit\u00e9 de marche. M\u00eame en utilisation interne, de la plieuse \u00e0 l&rsquo;encarteuse-piqueuse, la manipulation des paquets est facile et rapide. La banderole ne sert ici que d&rsquo;outil pour pouvoir \u00e9couler les produits de mani\u00e8re rapide, simple et rationnelle.<\/p>\n<ul>\n<li>Format : max. 510 x 305 mm , min. 110 x 95 mm<\/li>\n<li>Usage simple ou double<\/li>\n<li>banderolage automatique \u00e0 2 niveaux<\/li>\n<li>Reconnaissance du format<\/li>\n<li>\u00c9talement des avantages<\/li>\n<li>\u00e9vacuation automatique des maculatures<\/li>\n<li>Station de pressage<\/li>\n<li>Courant d&rsquo;\u00e9cailles et fonctionnement en feuille simple<\/li>\n<li>Air de soufflage<\/li>\n<\/ul>\n","protected":false},"excerpt":{"rendered":"<p>Paquet double de banderoles Palamides Delta 502 Ann\u00e9e de construction 2013 en tr\u00e8s bon \u00e9tat La Delta est un syst\u00e8me de distribution enti\u00e8rement automatique qui rationalise le processus de production. L&rsquo;accent n&rsquo;est pas mis sur le banderolage des paquets, mais sur la rationalisation. Gr\u00e2ce \u00e0 l&rsquo;utilisation d&rsquo;une Delta, un seul op\u00e9rateur est n\u00e9cessaire sur la [&hellip;]<\/p>\n","protected":false},"featured_media":60556,"template":"","meta":[],"product_brand":[],"product_cat":[2916],"product_tag":[],"class_list":{"0":"post-94159","1":"product","2":"type-product","3":"status-publish","4":"has-post-thumbnail","6":"product_cat-depenses","7":"pa_baujahr-305","8":"pa_hersteller-palamides","9":"pa_typ-delta-502","11":"first","12":"instock","13":"sold-individually","14":"taxable","15":"shipping-taxable","16":"purchasable","17":"product-type-simple"},"jetpack_sharing_enabled":true,"_links":{"self":[{"href":"https:\/\/www.3p-gmbh.de\/fr\/wp-json\/wp\/v2\/product\/94159","targetHints":{"allow":["GET"]}}],"collection":[{"href":"https:\/\/www.3p-gmbh.de\/fr\/wp-json\/wp\/v2\/product"}],"about":[{"href":"https:\/\/www.3p-gmbh.de\/fr\/wp-json\/wp\/v2\/types\/product"}],"wp:featuredmedia":[{"embeddable":true,"href":"https:\/\/www.3p-gmbh.de\/fr\/wp-json\/wp\/v2\/media\/60556"}],"wp:attachment":[{"href":"https:\/\/www.3p-gmbh.de\/fr\/wp-json\/wp\/v2\/media?parent=94159"}],"wp:term":[{"taxonomy":"product_brand","embeddable":true,"href":"https:\/\/www.3p-gmbh.de\/fr\/wp-json\/wp\/v2\/product_brand?post=94159"},{"taxonomy":"product_cat","embeddable":true,"href":"https:\/\/www.3p-gmbh.de\/fr\/wp-json\/wp\/v2\/product_cat?post=94159"},{"taxonomy":"product_tag","embeddable":true,"href":"https:\/\/www.3p-gmbh.de\/fr\/wp-json\/wp\/v2\/product_tag?post=94159"}],"curies":[{"name":"wp","href":"https:\/\/api.w.org\/{rel}","templated":true}]}}