{"id":94150,"date":"2019-07-11T13:56:45","date_gmt":"2019-07-11T13:56:45","guid":{"rendered":"https:\/\/www.3p-gmbh.de\/produkt\/table-mobile-dangle-heidelberg-stahlfolder-et-43-a\/"},"modified":"2019-07-11T13:56:45","modified_gmt":"2019-07-11T13:56:45","slug":"eckfoerdertisch","status":"publish","type":"product","link":"https:\/\/www.3p-gmbh.de\/fr\/produkt\/eckfoerdertisch\/","title":{"rendered":"Table mobile d&rsquo;angle Heidelberg Stahlfolder ET 43 A"},"content":{"rendered":"<ul>\n<li>table d&rsquo;angle mobile &#8211; table \u00e0 rouleaux<\/li>\n<li>pour tourner horizontalement \u00e0 90\u00b0 des produits pli\u00e9s, des magazines, des enveloppes, etc.<\/li>\n<li>jusqu&rsquo;\u00e0 43cm de largeur d&rsquo;entr\u00e9e<\/li>\n<\/ul>\n","protected":false},"excerpt":{"rendered":"<p>table d&rsquo;angle mobile &#8211; table \u00e0 rouleaux pour tourner horizontalement \u00e0 90\u00b0 des produits pli\u00e9s, des magazines, des enveloppes, etc. jusqu&rsquo;\u00e0 43cm de largeur d&rsquo;entr\u00e9e<\/p>\n","protected":false},"featured_media":57509,"template":"","meta":[],"product_brand":[],"product_cat":[2984],"product_tag":[],"class_list":{"0":"post-94150","1":"product","2":"type-product","3":"status-publish","4":"has-post-thumbnail","6":"product_cat-plieuses-fr","7":"pa_baujahr-272","8":"pa_hersteller-stahl-ludwigsburg","9":"pa_typ-et-43-a","11":"first","12":"instock","13":"sold-individually","14":"taxable","15":"shipping-taxable","16":"purchasable","17":"product-type-simple"},"jetpack_sharing_enabled":true,"_links":{"self":[{"href":"https:\/\/www.3p-gmbh.de\/fr\/wp-json\/wp\/v2\/product\/94150","targetHints":{"allow":["GET"]}}],"collection":[{"href":"https:\/\/www.3p-gmbh.de\/fr\/wp-json\/wp\/v2\/product"}],"about":[{"href":"https:\/\/www.3p-gmbh.de\/fr\/wp-json\/wp\/v2\/types\/product"}],"wp:featuredmedia":[{"embeddable":true,"href":"https:\/\/www.3p-gmbh.de\/fr\/wp-json\/wp\/v2\/media\/57509"}],"wp:attachment":[{"href":"https:\/\/www.3p-gmbh.de\/fr\/wp-json\/wp\/v2\/media?parent=94150"}],"wp:term":[{"taxonomy":"product_brand","embeddable":true,"href":"https:\/\/www.3p-gmbh.de\/fr\/wp-json\/wp\/v2\/product_brand?post=94150"},{"taxonomy":"product_cat","embeddable":true,"href":"https:\/\/www.3p-gmbh.de\/fr\/wp-json\/wp\/v2\/product_cat?post=94150"},{"taxonomy":"product_tag","embeddable":true,"href":"https:\/\/www.3p-gmbh.de\/fr\/wp-json\/wp\/v2\/product_tag?post=94150"}],"curies":[{"name":"wp","href":"https:\/\/api.w.org\/{rel}","templated":true}]}}