{"id":94146,"date":"2019-07-11T13:56:29","date_gmt":"2019-07-11T13:56:29","guid":{"rendered":"https:\/\/www.3p-gmbh.de\/produkt\/mbo-k-76-6-sktl-plieuse-combinee\/"},"modified":"2019-07-11T13:56:29","modified_gmt":"2019-07-11T13:56:29","slug":"plieuse-combinee-15","status":"publish","type":"product","link":"https:\/\/www.3p-gmbh.de\/fr\/produkt\/plieuse-combinee-15\/","title":{"rendered":"MBO K 76-6-SKTL Plieuse combin\u00e9e"},"content":{"rendered":"<ul>\n<li>Format 76 x 128 cm<\/li>\n<li>Margeur \u00e0 pile ronde R 76 avec MPC<\/li>\n<li>6 poches Largeur d&rsquo;entr\u00e9e 76cm, arbre porte-lames en aval<\/li>\n<li>1 \u00e9p\u00e9e<\/li>\n<li>1 poche couch\u00e9e<\/li>\n<li>1 \u00e9p\u00e9e<\/li>\n<li>1 poche \u00e0 soufflet pour fen\u00eatre avec bo\u00eetier de commande et poche aveugle<\/li>\n<li>Sortie en \u00e9cailles ou sortie en arc debout SBAP-72 ME<\/li>\n<\/ul>\n","protected":false},"excerpt":{"rendered":"<p>Format 76 x 128 cm Margeur \u00e0 pile ronde R 76 avec MPC 6 poches Largeur d&rsquo;entr\u00e9e 76cm, arbre porte-lames en aval 1 \u00e9p\u00e9e 1 poche couch\u00e9e 1 \u00e9p\u00e9e 1 poche \u00e0 soufflet pour fen\u00eatre avec bo\u00eetier de commande et poche aveugle Sortie en \u00e9cailles ou sortie en arc debout SBAP-72 ME<\/p>\n","protected":false},"featured_media":57292,"template":"","meta":[],"product_brand":[],"product_cat":[2984],"product_tag":[],"class_list":{"0":"post-94146","1":"product","2":"type-product","3":"status-publish","4":"has-post-thumbnail","6":"product_cat-plieuses-fr","7":"pa_baujahr-209","8":"pa_hersteller-mbo-maschinenbau-oppenweiler-binder-gmbh","9":"pa_typ-mbo-k-76-6-sktl-r-with-sbap-72-me","11":"first","12":"instock","13":"sold-individually","14":"taxable","15":"shipping-taxable","16":"purchasable","17":"product-type-simple"},"jetpack_sharing_enabled":true,"_links":{"self":[{"href":"https:\/\/www.3p-gmbh.de\/fr\/wp-json\/wp\/v2\/product\/94146","targetHints":{"allow":["GET"]}}],"collection":[{"href":"https:\/\/www.3p-gmbh.de\/fr\/wp-json\/wp\/v2\/product"}],"about":[{"href":"https:\/\/www.3p-gmbh.de\/fr\/wp-json\/wp\/v2\/types\/product"}],"wp:featuredmedia":[{"embeddable":true,"href":"https:\/\/www.3p-gmbh.de\/fr\/wp-json\/wp\/v2\/media\/57292"}],"wp:attachment":[{"href":"https:\/\/www.3p-gmbh.de\/fr\/wp-json\/wp\/v2\/media?parent=94146"}],"wp:term":[{"taxonomy":"product_brand","embeddable":true,"href":"https:\/\/www.3p-gmbh.de\/fr\/wp-json\/wp\/v2\/product_brand?post=94146"},{"taxonomy":"product_cat","embeddable":true,"href":"https:\/\/www.3p-gmbh.de\/fr\/wp-json\/wp\/v2\/product_cat?post=94146"},{"taxonomy":"product_tag","embeddable":true,"href":"https:\/\/www.3p-gmbh.de\/fr\/wp-json\/wp\/v2\/product_tag?post=94146"}],"curies":[{"name":"wp","href":"https:\/\/api.w.org\/{rel}","templated":true}]}}