{"id":94144,"date":"2019-07-11T13:56:29","date_gmt":"2019-07-11T13:56:29","guid":{"rendered":"https:\/\/www.3p-gmbh.de\/produkt\/palamides-alpha-500-sortie-de-piles-sortie-de-paquets\/"},"modified":"2019-07-11T13:56:29","modified_gmt":"2019-07-11T13:56:29","slug":"presentation-de-paquets-en-pile","status":"publish","type":"product","link":"https:\/\/www.3p-gmbh.de\/fr\/produkt\/presentation-de-paquets-en-pile\/","title":{"rendered":"Palamides Alpha 500 Sortie de piles &#8211; Sortie de paquets"},"content":{"rendered":"<ul>\n<li>Ann\u00e9e de construction 2006<\/li>\n<li>Pose sans marquage<\/li>\n<li>Traitement des b\u00e9n\u00e9fices multiples<\/li>\n<li>Enl\u00e8vement de piles lourdes<\/li>\n<li>hauteur d&rsquo;entr\u00e9e r\u00e9glable de 40 cm \u00e0 105 cm<\/li>\n<li>Largeur d&rsquo;entr\u00e9e min. 80mm<\/li>\n<li>longueur d&rsquo;entr\u00e9e 95mm<\/li>\n<li>Largeur d&rsquo;entr\u00e9e max. 1 utilit\u00e9 510 mm x longueur d&rsquo;entr\u00e9e 330mm<\/li>\n<li>Largeur d&rsquo;entr\u00e9e max. 2 utilisations 235 mm x longueur d&rsquo;entr\u00e9e 330mm<\/li>\n<li>Largeur d&rsquo;entr\u00e9e max. 3 Utilit\u00e9 150 mm x longueur d&rsquo;entr\u00e9e 330mm (en option)<\/li>\n<li>min. hauteur de la pile 3 mm<\/li>\n<li>max. hauteur d&#8217;empilage 160 mm<\/li>\n<li>Vitesse : 900 piles par heure par utilit\u00e9<\/li>\n<\/ul>\n","protected":false},"excerpt":{"rendered":"<p>Ann\u00e9e de construction 2006 Pose sans marquage Traitement des b\u00e9n\u00e9fices multiples Enl\u00e8vement de piles lourdes hauteur d&rsquo;entr\u00e9e r\u00e9glable de 40 cm \u00e0 105 cm Largeur d&rsquo;entr\u00e9e min. 80mm longueur d&rsquo;entr\u00e9e 95mm Largeur d&rsquo;entr\u00e9e max. 1 utilit\u00e9 510 mm x longueur d&rsquo;entr\u00e9e 330mm Largeur d&rsquo;entr\u00e9e max. 2 utilisations 235 mm x longueur d&rsquo;entr\u00e9e 330mm Largeur d&rsquo;entr\u00e9e [&hellip;]<\/p>\n","protected":false},"featured_media":55816,"template":"","meta":[],"product_brand":[],"product_cat":[2916],"product_tag":[],"class_list":{"0":"post-94144","1":"product","2":"type-product","3":"status-publish","4":"has-post-thumbnail","6":"product_cat-depenses","7":"pa_baujahr-127","8":"pa_hersteller-palamides","9":"pa_typ-alpha-500","11":"first","12":"instock","13":"sold-individually","14":"taxable","15":"shipping-taxable","16":"purchasable","17":"product-type-simple"},"jetpack_sharing_enabled":true,"_links":{"self":[{"href":"https:\/\/www.3p-gmbh.de\/fr\/wp-json\/wp\/v2\/product\/94144","targetHints":{"allow":["GET"]}}],"collection":[{"href":"https:\/\/www.3p-gmbh.de\/fr\/wp-json\/wp\/v2\/product"}],"about":[{"href":"https:\/\/www.3p-gmbh.de\/fr\/wp-json\/wp\/v2\/types\/product"}],"wp:featuredmedia":[{"embeddable":true,"href":"https:\/\/www.3p-gmbh.de\/fr\/wp-json\/wp\/v2\/media\/55816"}],"wp:attachment":[{"href":"https:\/\/www.3p-gmbh.de\/fr\/wp-json\/wp\/v2\/media?parent=94144"}],"wp:term":[{"taxonomy":"product_brand","embeddable":true,"href":"https:\/\/www.3p-gmbh.de\/fr\/wp-json\/wp\/v2\/product_brand?post=94144"},{"taxonomy":"product_cat","embeddable":true,"href":"https:\/\/www.3p-gmbh.de\/fr\/wp-json\/wp\/v2\/product_cat?post=94144"},{"taxonomy":"product_tag","embeddable":true,"href":"https:\/\/www.3p-gmbh.de\/fr\/wp-json\/wp\/v2\/product_tag?post=94144"}],"curies":[{"name":"wp","href":"https:\/\/api.w.org\/{rel}","templated":true}]}}