{"id":94140,"date":"2019-07-11T13:56:45","date_gmt":"2019-07-11T13:56:45","guid":{"rendered":"https:\/\/www.3p-gmbh.de\/produkt\/horizon-psx-56-sortie-des-paquets-avec-presse-a-arcades\/"},"modified":"2019-07-11T13:56:45","modified_gmt":"2019-07-11T13:56:45","slug":"presentation-de-paquets-avec-presse-a-arc","status":"publish","type":"product","link":"https:\/\/www.3p-gmbh.de\/fr\/produkt\/presentation-de-paquets-avec-presse-a-arc\/","title":{"rendered":"Horizon PSX-56 Sortie des paquets avec presse \u00e0 arcades"},"content":{"rendered":"<p>Avec ce syst\u00e8me de margeur \u00e0 raccorder aux plieuses et aux encarteuses-piqueuses, vous profitez pleinement de la puissance des machines \u00e0 rotation rapide et produisez ainsi de mani\u00e8re encore plus rentable. La PSX-56 comprime les produits entrants avec trois paires de rouleaux sous une tr\u00e8s forte pression pouvant atteindre deux fois 1 200 kg et les empile sans les marquer en paquets maniables. Les d\u00e9chets sont imm\u00e9diatement d\u00e9tect\u00e9s par un contr\u00f4le \u00e9lectronique et rejet\u00e9s. Le PSX-56 est \u00e9quip\u00e9 de s\u00e9rie d&rsquo;une fonction double usage.<\/p>\n<p>Vos avantages<\/p>\n<ul>\n<li>Empilage parfait en paquets maniables<\/li>\n<li>Auto-fonctionnement avec commande centrale et simple<\/li>\n<li>Un travail ergonomique avec une productivit\u00e9 maximale<\/li>\n<li>Trois paires de rouleaux de pressage pour une qualit\u00e9 sup\u00e9rieure<\/li>\n<li>Aiguillage de s\u00e9rie pour un fonctionnement non-stop<\/li>\n<\/ul>\n<p>Donn\u00e9es techniques<\/p>\n<ul>\n<li>Puissance max. 900 paquets\/h<\/li>\n<li>hauteur d&rsquo;entr\u00e9e 440 &#8211; 1.000 mm<\/li>\n<li>Hauteur d&#8217;empilage max. 200 mm<\/li>\n<li>Pression de pressage 2 x 1 200 kg<\/li>\n<li>Format max. 546 x 330 mm<\/li>\n<li>Format min.128 x 92 mm<\/li>\n<\/ul>\n","protected":false},"excerpt":{"rendered":"<p>Avec ce syst\u00e8me de margeur \u00e0 raccorder aux plieuses et aux encarteuses-piqueuses, vous profitez pleinement de la puissance des machines \u00e0 rotation rapide et produisez ainsi de mani\u00e8re encore plus rentable. La PSX-56 comprime les produits entrants avec trois paires de rouleaux sous une tr\u00e8s forte pression pouvant atteindre deux fois 1 200 kg et [&hellip;]<\/p>\n","protected":false},"featured_media":120875,"template":"","meta":[],"product_brand":[],"product_cat":[2916],"product_tag":[],"class_list":{"0":"post-94140","1":"product","2":"type-product","3":"status-publish","4":"has-post-thumbnail","6":"product_cat-depenses","7":"pa_baujahr-711","8":"pa_hersteller-horizon","9":"pa_typ-psx-56","11":"first","12":"instock","13":"sold-individually","14":"taxable","15":"shipping-taxable","16":"purchasable","17":"product-type-simple"},"jetpack_sharing_enabled":true,"_links":{"self":[{"href":"https:\/\/www.3p-gmbh.de\/fr\/wp-json\/wp\/v2\/product\/94140","targetHints":{"allow":["GET"]}}],"collection":[{"href":"https:\/\/www.3p-gmbh.de\/fr\/wp-json\/wp\/v2\/product"}],"about":[{"href":"https:\/\/www.3p-gmbh.de\/fr\/wp-json\/wp\/v2\/types\/product"}],"wp:featuredmedia":[{"embeddable":true,"href":"https:\/\/www.3p-gmbh.de\/fr\/wp-json\/wp\/v2\/media\/120875"}],"wp:attachment":[{"href":"https:\/\/www.3p-gmbh.de\/fr\/wp-json\/wp\/v2\/media?parent=94140"}],"wp:term":[{"taxonomy":"product_brand","embeddable":true,"href":"https:\/\/www.3p-gmbh.de\/fr\/wp-json\/wp\/v2\/product_brand?post=94140"},{"taxonomy":"product_cat","embeddable":true,"href":"https:\/\/www.3p-gmbh.de\/fr\/wp-json\/wp\/v2\/product_cat?post=94140"},{"taxonomy":"product_tag","embeddable":true,"href":"https:\/\/www.3p-gmbh.de\/fr\/wp-json\/wp\/v2\/product_tag?post=94140"}],"curies":[{"name":"wp","href":"https:\/\/api.w.org\/{rel}","templated":true}]}}