{"id":94122,"date":"2019-07-11T13:55:58","date_gmt":"2019-07-11T13:55:58","guid":{"rendered":"https:\/\/www.3p-gmbh.de\/produkt\/heidelberg-acier-sac-a-pliage-fenetre-66-cm\/"},"modified":"2019-07-11T13:55:58","modified_gmt":"2019-07-11T13:55:58","slug":"poche-a-soufflet-pour-fenetre-6","status":"publish","type":"product","link":"https:\/\/www.3p-gmbh.de\/fr\/produkt\/poche-a-soufflet-pour-fenetre-6\/","title":{"rendered":"Heidelberg Acier Sac \u00e0 pliage fen\u00eatre 66 cm"},"content":{"rendered":"<ul>\n<li>Poche de pliage de fen\u00eatre 66 cm, \u00e0 fonctionnement m\u00e9canique avec bo\u00eetier de commande<\/li>\n<li>utilis\u00e9 jusqu&rsquo;\u00e0 pr\u00e9sent sur l&rsquo;acier TD 66<\/li>\n<\/ul>\n","protected":false},"excerpt":{"rendered":"<p>Poche de pliage de fen\u00eatre 66 cm, \u00e0 fonctionnement m\u00e9canique avec bo\u00eetier de commande utilis\u00e9 jusqu&rsquo;\u00e0 pr\u00e9sent sur l&rsquo;acier TD 66<\/p>\n","protected":false},"featured_media":55628,"template":"","meta":[],"product_brand":[],"product_cat":[2984],"product_tag":[],"class_list":{"0":"post-94122","1":"product","2":"type-product","3":"status-publish","4":"has-post-thumbnail","6":"product_cat-plieuses-fr","7":"pa_baujahr-188","8":"pa_hersteller-stahl","9":"pa_typ-fensterfalztasche-66cm","11":"first","12":"instock","13":"sold-individually","14":"taxable","15":"shipping-taxable","16":"purchasable","17":"product-type-simple"},"jetpack_sharing_enabled":true,"_links":{"self":[{"href":"https:\/\/www.3p-gmbh.de\/fr\/wp-json\/wp\/v2\/product\/94122","targetHints":{"allow":["GET"]}}],"collection":[{"href":"https:\/\/www.3p-gmbh.de\/fr\/wp-json\/wp\/v2\/product"}],"about":[{"href":"https:\/\/www.3p-gmbh.de\/fr\/wp-json\/wp\/v2\/types\/product"}],"wp:featuredmedia":[{"embeddable":true,"href":"https:\/\/www.3p-gmbh.de\/fr\/wp-json\/wp\/v2\/media\/55628"}],"wp:attachment":[{"href":"https:\/\/www.3p-gmbh.de\/fr\/wp-json\/wp\/v2\/media?parent=94122"}],"wp:term":[{"taxonomy":"product_brand","embeddable":true,"href":"https:\/\/www.3p-gmbh.de\/fr\/wp-json\/wp\/v2\/product_brand?post=94122"},{"taxonomy":"product_cat","embeddable":true,"href":"https:\/\/www.3p-gmbh.de\/fr\/wp-json\/wp\/v2\/product_cat?post=94122"},{"taxonomy":"product_tag","embeddable":true,"href":"https:\/\/www.3p-gmbh.de\/fr\/wp-json\/wp\/v2\/product_tag?post=94122"}],"curies":[{"name":"wp","href":"https:\/\/api.w.org\/{rel}","templated":true}]}}