{"id":94121,"date":"2019-07-11T13:55:58","date_gmt":"2019-07-11T13:55:58","guid":{"rendered":"https:\/\/www.3p-gmbh.de\/produkt\/mbo-ftf-820-pochette-de-pliage-pour-autel\/"},"modified":"2019-07-11T13:55:58","modified_gmt":"2019-07-11T13:55:58","slug":"pochette-a-pliage-altar","status":"publish","type":"product","link":"https:\/\/www.3p-gmbh.de\/fr\/produkt\/pochette-a-pliage-altar\/","title":{"rendered":"MBO FTF 820 Pochette de pliage pour autel"},"content":{"rendered":"<ul>\n<li>poche de pliage de fen\u00eatre contr\u00f4l\u00e9e par processeur 82 cm<\/li>\n<li>utilis\u00e9 jusqu&rsquo;\u00e0 pr\u00e9sent sur la MBO K 820<\/li>\n<\/ul>\n","protected":false},"excerpt":{"rendered":"<p>poche de pliage de fen\u00eatre contr\u00f4l\u00e9e par processeur 82 cm utilis\u00e9 jusqu&rsquo;\u00e0 pr\u00e9sent sur la MBO K 820<\/p>\n","protected":false},"featured_media":55625,"template":"","meta":[],"product_brand":[],"product_cat":[2886],"product_tag":[],"class_list":{"0":"post-94121","1":"product","2":"type-product","3":"status-publish","4":"has-post-thumbnail","6":"product_cat-accessoires-pour-plieuses","7":"pa_baujahr-130","8":"pa_hersteller-mbo","9":"pa_typ-ftf-820","11":"first","12":"instock","13":"sold-individually","14":"taxable","15":"shipping-taxable","16":"purchasable","17":"product-type-simple"},"jetpack_sharing_enabled":true,"_links":{"self":[{"href":"https:\/\/www.3p-gmbh.de\/fr\/wp-json\/wp\/v2\/product\/94121","targetHints":{"allow":["GET"]}}],"collection":[{"href":"https:\/\/www.3p-gmbh.de\/fr\/wp-json\/wp\/v2\/product"}],"about":[{"href":"https:\/\/www.3p-gmbh.de\/fr\/wp-json\/wp\/v2\/types\/product"}],"wp:featuredmedia":[{"embeddable":true,"href":"https:\/\/www.3p-gmbh.de\/fr\/wp-json\/wp\/v2\/media\/55625"}],"wp:attachment":[{"href":"https:\/\/www.3p-gmbh.de\/fr\/wp-json\/wp\/v2\/media?parent=94121"}],"wp:term":[{"taxonomy":"product_brand","embeddable":true,"href":"https:\/\/www.3p-gmbh.de\/fr\/wp-json\/wp\/v2\/product_brand?post=94121"},{"taxonomy":"product_cat","embeddable":true,"href":"https:\/\/www.3p-gmbh.de\/fr\/wp-json\/wp\/v2\/product_cat?post=94121"},{"taxonomy":"product_tag","embeddable":true,"href":"https:\/\/www.3p-gmbh.de\/fr\/wp-json\/wp\/v2\/product_tag?post=94121"}],"curies":[{"name":"wp","href":"https:\/\/api.w.org\/{rel}","templated":true}]}}