{"id":94111,"date":"2019-07-11T13:55:58","date_gmt":"2019-07-11T13:55:58","guid":{"rendered":"https:\/\/www.3p-gmbh.de\/produkt\/eurofold-235-21-plieuse-a-poches\/"},"modified":"2019-07-11T13:55:58","modified_gmt":"2019-07-11T13:55:58","slug":"plieuse-de-poche-13","status":"publish","type":"product","link":"https:\/\/www.3p-gmbh.de\/fr\/produkt\/plieuse-de-poche-13\/","title":{"rendered":"Eurofold 235-21 Plieuse \u00e0 poches"},"content":{"rendered":"<ul>\n<li>avec margeur par aspiration sous le sol et sortie motoris\u00e9e des \u00e9cailles et compteur \u00e0 pr\u00e9s\u00e9lection<\/li>\n<li>Falzagreggat 235 avec deux poches<\/li>\n<li>margeur \u00e0 ventouse 35 x 65 cm<\/li>\n<li>sortie motoris\u00e9e en \u00e9cailles<\/li>\n<li>Table d&rsquo;alignement<\/li>\n<li>Compteur \u00e0 pr\u00e9s\u00e9lection<\/li>\n<li>Pompe \u00e0 vide<\/li>\n<li>Jeu de rainures et de perforations<\/li>\n<li>format de papier max.350 x 500(650) mm<\/li>\n<li>Poids du papier : 40 &#8211; 240 g\/m2<\/li>\n<\/ul>\n","protected":false},"excerpt":{"rendered":"<p>avec margeur par aspiration sous le sol et sortie motoris\u00e9e des \u00e9cailles et compteur \u00e0 pr\u00e9s\u00e9lection Falzagreggat 235 avec deux poches margeur \u00e0 ventouse 35 x 65 cm sortie motoris\u00e9e en \u00e9cailles Table d&rsquo;alignement Compteur \u00e0 pr\u00e9s\u00e9lection Pompe \u00e0 vide Jeu de rainures et de perforations format de papier max.350 x 500(650) mm Poids du [&hellip;]<\/p>\n","protected":false},"featured_media":55629,"template":"","meta":[],"product_brand":[],"product_cat":[2984],"product_tag":[],"class_list":{"0":"post-94111","1":"product","2":"type-product","3":"status-publish","4":"has-post-thumbnail","6":"product_cat-plieuses-fr","7":"pa_baujahr-153","8":"pa_hersteller-schneider","9":"pa_typ-eurofold-235-121","11":"first","12":"instock","13":"sold-individually","14":"taxable","15":"shipping-taxable","16":"purchasable","17":"product-type-simple"},"jetpack_sharing_enabled":true,"_links":{"self":[{"href":"https:\/\/www.3p-gmbh.de\/fr\/wp-json\/wp\/v2\/product\/94111","targetHints":{"allow":["GET"]}}],"collection":[{"href":"https:\/\/www.3p-gmbh.de\/fr\/wp-json\/wp\/v2\/product"}],"about":[{"href":"https:\/\/www.3p-gmbh.de\/fr\/wp-json\/wp\/v2\/types\/product"}],"wp:featuredmedia":[{"embeddable":true,"href":"https:\/\/www.3p-gmbh.de\/fr\/wp-json\/wp\/v2\/media\/55629"}],"wp:attachment":[{"href":"https:\/\/www.3p-gmbh.de\/fr\/wp-json\/wp\/v2\/media?parent=94111"}],"wp:term":[{"taxonomy":"product_brand","embeddable":true,"href":"https:\/\/www.3p-gmbh.de\/fr\/wp-json\/wp\/v2\/product_brand?post=94111"},{"taxonomy":"product_cat","embeddable":true,"href":"https:\/\/www.3p-gmbh.de\/fr\/wp-json\/wp\/v2\/product_cat?post=94111"},{"taxonomy":"product_tag","embeddable":true,"href":"https:\/\/www.3p-gmbh.de\/fr\/wp-json\/wp\/v2\/product_tag?post=94111"}],"curies":[{"name":"wp","href":"https:\/\/api.w.org\/{rel}","templated":true}]}}