{"id":94107,"date":"2019-07-11T13:56:09","date_gmt":"2019-07-11T13:56:09","guid":{"rendered":"https:\/\/www.3p-gmbh.de\/produkt\/heidelberg-stahl-th-56-4-ffh-sak-66-plieuse-a-poches\/"},"modified":"2019-07-11T13:56:09","modified_gmt":"2019-07-11T13:56:09","slug":"plieuse-de-poche-14","status":"publish","type":"product","link":"https:\/\/www.3p-gmbh.de\/fr\/produkt\/plieuse-de-poche-14\/","title":{"rendered":"Heidelberg Stahl TH 56-4-FFH SAK 66 Plieuse \u00e0 poches"},"content":{"rendered":"<ul>\n<li>Ann\u00e9e de construction 2004<\/li>\n<li>Format du plano max. 56\u00d790cm<\/li>\n<li>Format du plano min. 14\u00d718cm<\/li>\n<li>Poids du papier 40-250 (g\/m\u00b2)<\/li>\n<li>Hauteur d&#8217;empilage max. 80cm<\/li>\n<li>diam\u00e8tre des rouleaux de pliage 44mm<\/li>\n<li>Vitesse max. 230 m\/min<\/li>\n<li>Longueur de pliage min. 6&#215;6,85cm<\/li>\n<li>Margeur \u00e0 pile plate FFH 56 avec Tremat<\/li>\n<li>1. usine 4 poches de pliage combin\u00e9es largeur d&rsquo;entr\u00e9e 56cm avec arbre porte-lames en aval<\/li>\n<li>Exposition en \u00e9cailles SAK 66<\/li>\n<\/ul>\n","protected":false},"excerpt":{"rendered":"<p>Ann\u00e9e de construction 2004 Format du plano max. 56\u00d790cm Format du plano min. 14\u00d718cm Poids du papier 40-250 (g\/m\u00b2) Hauteur d&#8217;empilage max. 80cm diam\u00e8tre des rouleaux de pliage 44mm Vitesse max. 230 m\/min Longueur de pliage min. 6&#215;6,85cm Margeur \u00e0 pile plate FFH 56 avec Tremat 1. usine 4 poches de pliage combin\u00e9es largeur d&rsquo;entr\u00e9e [&hellip;]<\/p>\n","protected":false},"featured_media":57064,"template":"","meta":[],"product_brand":[],"product_cat":[2984],"product_tag":[],"class_list":{"0":"post-94107","1":"product","2":"type-product","3":"status-publish","4":"has-post-thumbnail","6":"product_cat-plieuses-fr","7":"pa_baujahr-198","8":"pa_hersteller-heidelberg","9":"pa_typ-stahlfolder-th-56-4-ffh-mit-sak-66-h","11":"first","12":"instock","13":"sold-individually","14":"taxable","15":"shipping-taxable","16":"purchasable","17":"product-type-simple"},"jetpack_sharing_enabled":true,"_links":{"self":[{"href":"https:\/\/www.3p-gmbh.de\/fr\/wp-json\/wp\/v2\/product\/94107","targetHints":{"allow":["GET"]}}],"collection":[{"href":"https:\/\/www.3p-gmbh.de\/fr\/wp-json\/wp\/v2\/product"}],"about":[{"href":"https:\/\/www.3p-gmbh.de\/fr\/wp-json\/wp\/v2\/types\/product"}],"wp:featuredmedia":[{"embeddable":true,"href":"https:\/\/www.3p-gmbh.de\/fr\/wp-json\/wp\/v2\/media\/57064"}],"wp:attachment":[{"href":"https:\/\/www.3p-gmbh.de\/fr\/wp-json\/wp\/v2\/media?parent=94107"}],"wp:term":[{"taxonomy":"product_brand","embeddable":true,"href":"https:\/\/www.3p-gmbh.de\/fr\/wp-json\/wp\/v2\/product_brand?post=94107"},{"taxonomy":"product_cat","embeddable":true,"href":"https:\/\/www.3p-gmbh.de\/fr\/wp-json\/wp\/v2\/product_cat?post=94107"},{"taxonomy":"product_tag","embeddable":true,"href":"https:\/\/www.3p-gmbh.de\/fr\/wp-json\/wp\/v2\/product_tag?post=94107"}],"curies":[{"name":"wp","href":"https:\/\/api.w.org\/{rel}","templated":true}]}}