{"id":94103,"date":"2019-07-11T13:56:09","date_gmt":"2019-07-11T13:56:09","guid":{"rendered":"https:\/\/www.3p-gmbh.de\/produkt\/baeuerle-setmatic-cas-52-4-4-fl2-sa-plieuse-a-poches\/"},"modified":"2019-07-11T13:56:09","modified_gmt":"2019-07-11T13:56:09","slug":"plieuse-de-poche-15","status":"publish","type":"product","link":"https:\/\/www.3p-gmbh.de\/fr\/produkt\/plieuse-de-poche-15\/","title":{"rendered":"B\u00e4uerle Setmatic CAS 52-4-4-FL2 -SA Plieuse \u00e0 poches"},"content":{"rendered":"<ul>\n<li>commande par ordinateur avec r\u00e9glage automatique (r\u00e8gles et poches des groupes de pliage r\u00e9glables automatiquement)<\/li>\n<li>Margeur \u00e0 pile plate FL<\/li>\n<li>Format : min 10x12cm, max. 52&#215;85 cm<\/li>\n<li>poids du papier 40-250gr\/m<\/li>\n<li>1.usine 4 poches 52 cm avec arbre porte-lames en aval<\/li>\n<li>Table de chevauchement<\/li>\n<li>2.usine 4 poches 52cm avec arbre porte-lames en aval<\/li>\n<li>Exposition en \u00e9cailles<\/li>\n<li>Compteurs de tirage et de pr\u00e9s\u00e9lection<\/li>\n<li>D\u00e9tection de double feuille<\/li>\n<li>Capots d&rsquo;insonorisation<\/li>\n<li>Compresseur<\/li>\n<\/ul>\n","protected":false},"excerpt":{"rendered":"<p>commande par ordinateur avec r\u00e9glage automatique (r\u00e8gles et poches des groupes de pliage r\u00e9glables automatiquement) Margeur \u00e0 pile plate FL Format : min 10x12cm, max. 52&#215;85 cm poids du papier 40-250gr\/m 1.usine 4 poches 52 cm avec arbre porte-lames en aval Table de chevauchement 2.usine 4 poches 52cm avec arbre porte-lames en aval Exposition en [&hellip;]<\/p>\n","protected":false},"featured_media":55630,"template":"","meta":[],"product_brand":[],"product_cat":[2984],"product_tag":[],"class_list":{"0":"post-94103","1":"product","2":"type-product","3":"status-publish","4":"has-post-thumbnail","6":"product_cat-plieuses-fr","7":"pa_baujahr-168","8":"pa_hersteller-mathias-baeuerle","9":"pa_typ-setmatic-cas-52-4-4-fl2-sa","11":"first","12":"instock","13":"sold-individually","14":"taxable","15":"shipping-taxable","16":"purchasable","17":"product-type-simple"},"jetpack_sharing_enabled":true,"_links":{"self":[{"href":"https:\/\/www.3p-gmbh.de\/fr\/wp-json\/wp\/v2\/product\/94103","targetHints":{"allow":["GET"]}}],"collection":[{"href":"https:\/\/www.3p-gmbh.de\/fr\/wp-json\/wp\/v2\/product"}],"about":[{"href":"https:\/\/www.3p-gmbh.de\/fr\/wp-json\/wp\/v2\/types\/product"}],"wp:featuredmedia":[{"embeddable":true,"href":"https:\/\/www.3p-gmbh.de\/fr\/wp-json\/wp\/v2\/media\/55630"}],"wp:attachment":[{"href":"https:\/\/www.3p-gmbh.de\/fr\/wp-json\/wp\/v2\/media?parent=94103"}],"wp:term":[{"taxonomy":"product_brand","embeddable":true,"href":"https:\/\/www.3p-gmbh.de\/fr\/wp-json\/wp\/v2\/product_brand?post=94103"},{"taxonomy":"product_cat","embeddable":true,"href":"https:\/\/www.3p-gmbh.de\/fr\/wp-json\/wp\/v2\/product_cat?post=94103"},{"taxonomy":"product_tag","embeddable":true,"href":"https:\/\/www.3p-gmbh.de\/fr\/wp-json\/wp\/v2\/product_tag?post=94103"}],"curies":[{"name":"wp","href":"https:\/\/api.w.org\/{rel}","templated":true}]}}