{"id":94097,"date":"2019-07-11T13:56:09","date_gmt":"2019-07-11T13:56:09","guid":{"rendered":"https:\/\/www.3p-gmbh.de\/produkt\/mbo-k-820-6-kz-pd-95-plieuse-combinee\/"},"modified":"2019-07-11T13:56:09","modified_gmt":"2019-07-11T13:56:09","slug":"plieuse-combinee-5","status":"publish","type":"product","link":"https:\/\/www.3p-gmbh.de\/fr\/produkt\/plieuse-combinee-5\/","title":{"rendered":"MBO K 820-6-KZ-PD 95 Plieuse combin\u00e9e"},"content":{"rendered":"<ul>\n<li>Ann\u00e9e de construction 1999<\/li>\n<li>Format 82&#215;120 cm<\/li>\n<li>Margeur de palettes FP 95 avec Vaculift<\/li>\n<li>6 poches<\/li>\n<li>2 \u00e9p\u00e9es<\/li>\n<li>Exposition A 92<\/li>\n<li>Sortie de presse ASP 66<\/li>\n<\/ul>\n","protected":false},"excerpt":{"rendered":"<p>Ann\u00e9e de construction 1999 Format 82&#215;120 cm Margeur de palettes FP 95 avec Vaculift 6 poches 2 \u00e9p\u00e9es Exposition A 92 Sortie de presse ASP 66<\/p>\n","protected":false},"featured_media":55640,"template":"","meta":[],"product_brand":[],"product_cat":[2984],"product_tag":[],"class_list":{"0":"post-94097","1":"product","2":"type-product","3":"status-publish","4":"has-post-thumbnail","6":"product_cat-plieuses-fr","7":"pa_baujahr-158","8":"pa_hersteller-mbo","9":"pa_typ-k-820-6-kz-pd-95","11":"first","12":"instock","13":"sold-individually","14":"taxable","15":"shipping-taxable","16":"purchasable","17":"product-type-simple"},"jetpack_sharing_enabled":true,"_links":{"self":[{"href":"https:\/\/www.3p-gmbh.de\/fr\/wp-json\/wp\/v2\/product\/94097","targetHints":{"allow":["GET"]}}],"collection":[{"href":"https:\/\/www.3p-gmbh.de\/fr\/wp-json\/wp\/v2\/product"}],"about":[{"href":"https:\/\/www.3p-gmbh.de\/fr\/wp-json\/wp\/v2\/types\/product"}],"wp:featuredmedia":[{"embeddable":true,"href":"https:\/\/www.3p-gmbh.de\/fr\/wp-json\/wp\/v2\/media\/55640"}],"wp:attachment":[{"href":"https:\/\/www.3p-gmbh.de\/fr\/wp-json\/wp\/v2\/media?parent=94097"}],"wp:term":[{"taxonomy":"product_brand","embeddable":true,"href":"https:\/\/www.3p-gmbh.de\/fr\/wp-json\/wp\/v2\/product_brand?post=94097"},{"taxonomy":"product_cat","embeddable":true,"href":"https:\/\/www.3p-gmbh.de\/fr\/wp-json\/wp\/v2\/product_cat?post=94097"},{"taxonomy":"product_tag","embeddable":true,"href":"https:\/\/www.3p-gmbh.de\/fr\/wp-json\/wp\/v2\/product_tag?post=94097"}],"curies":[{"name":"wp","href":"https:\/\/api.w.org\/{rel}","templated":true}]}}