{"id":94095,"date":"2019-07-11T13:56:09","date_gmt":"2019-07-11T13:56:09","guid":{"rendered":"https:\/\/www.3p-gmbh.de\/produkt\/plieuse-combinee-heidelberg-stahl-t-36-4-kb\/"},"modified":"2019-07-11T13:56:09","modified_gmt":"2019-07-11T13:56:09","slug":"plieuse-combinee-7","status":"publish","type":"product","link":"https:\/\/www.3p-gmbh.de\/fr\/produkt\/plieuse-combinee-7\/","title":{"rendered":"Plieuse combin\u00e9e Heidelberg Stahl T 36-4-KB"},"content":{"rendered":"<ul>\n<li>Margeur \u00e0 plat<\/li>\n<li>Format max. 36 x 65cm<\/li>\n<li>Format min. 8x10cm<\/li>\n<li>4 poches 36 Largeur d&rsquo;entr\u00e9e<\/li>\n<li>arbre porte-lames en aval<\/li>\n<li>fracture crois\u00e9e accrochable<\/li>\n<li>Format max. 36 x 26cm<\/li>\n<li>Format min. 8 x 2,5<\/li>\n<li>Compteur \u00e0 pr\u00e9s\u00e9lection EVZ 30<\/li>\n<li>sortie accrochable<\/li>\n<li>pas de protection contre le bruit !<\/li>\n<li>capacit\u00e9 de 40000 cycles\/h<\/li>\n<\/ul>\n","protected":false},"excerpt":{"rendered":"<p>Margeur \u00e0 plat Format max. 36 x 65cm Format min. 8x10cm 4 poches 36 Largeur d&rsquo;entr\u00e9e arbre porte-lames en aval fracture crois\u00e9e accrochable Format max. 36 x 26cm Format min. 8 x 2,5 Compteur \u00e0 pr\u00e9s\u00e9lection EVZ 30 sortie accrochable pas de protection contre le bruit ! capacit\u00e9 de 40000 cycles\/h<\/p>\n","protected":false},"featured_media":55638,"template":"","meta":[],"product_brand":[],"product_cat":[2984],"product_tag":[],"class_list":{"0":"post-94095","1":"product","2":"type-product","3":"status-publish","4":"has-post-thumbnail","6":"product_cat-plieuses-fr","7":"pa_baujahr-196","8":"pa_hersteller-stahl","9":"pa_typ-t-36-4-kb","11":"first","12":"instock","13":"sold-individually","14":"taxable","15":"shipping-taxable","16":"purchasable","17":"product-type-simple"},"jetpack_sharing_enabled":true,"_links":{"self":[{"href":"https:\/\/www.3p-gmbh.de\/fr\/wp-json\/wp\/v2\/product\/94095","targetHints":{"allow":["GET"]}}],"collection":[{"href":"https:\/\/www.3p-gmbh.de\/fr\/wp-json\/wp\/v2\/product"}],"about":[{"href":"https:\/\/www.3p-gmbh.de\/fr\/wp-json\/wp\/v2\/types\/product"}],"wp:featuredmedia":[{"embeddable":true,"href":"https:\/\/www.3p-gmbh.de\/fr\/wp-json\/wp\/v2\/media\/55638"}],"wp:attachment":[{"href":"https:\/\/www.3p-gmbh.de\/fr\/wp-json\/wp\/v2\/media?parent=94095"}],"wp:term":[{"taxonomy":"product_brand","embeddable":true,"href":"https:\/\/www.3p-gmbh.de\/fr\/wp-json\/wp\/v2\/product_brand?post=94095"},{"taxonomy":"product_cat","embeddable":true,"href":"https:\/\/www.3p-gmbh.de\/fr\/wp-json\/wp\/v2\/product_cat?post=94095"},{"taxonomy":"product_tag","embeddable":true,"href":"https:\/\/www.3p-gmbh.de\/fr\/wp-json\/wp\/v2\/product_tag?post=94095"}],"curies":[{"name":"wp","href":"https:\/\/api.w.org\/{rel}","templated":true}]}}