{"id":94081,"date":"2019-07-11T13:56:09","date_gmt":"2019-07-11T13:56:09","guid":{"rendered":"https:\/\/www.3p-gmbh.de\/produkt\/heidelberg-stahl-vfz-43-rupture-de-la-croix\/"},"modified":"2019-07-11T13:56:09","modified_gmt":"2019-07-11T13:56:09","slug":"rupture-de-la-croix","status":"publish","type":"product","link":"https:\/\/www.3p-gmbh.de\/fr\/produkt\/rupture-de-la-croix\/","title":{"rendered":"Heidelberg Stahl VFZ 43 Rupture de la croix"},"content":{"rendered":"<ul>\n<li>Unit\u00e9 de pliage \u00e0 couteau mobile et r\u00e9glable en hauteur pour compl\u00e9ter les plieuses \u00e0 poches et les plieuses combin\u00e9es<\/li>\n<li>Un investissement minime pour un gain de polyvalence dans les types de pliage<\/li>\n<li>comme troisi\u00e8me station de pliage pour une forme en U facile \u00e0 utiliser<\/li>\n<li>Le pliage international en quatre est r\u00e9alis\u00e9 en faisant pivoter la plieuse \u00e0 couteau de 180 degr\u00e9s.<\/li>\n<\/ul>\n","protected":false},"excerpt":{"rendered":"<p>Unit\u00e9 de pliage \u00e0 couteau mobile et r\u00e9glable en hauteur pour compl\u00e9ter les plieuses \u00e0 poches et les plieuses combin\u00e9es Un investissement minime pour un gain de polyvalence dans les types de pliage comme troisi\u00e8me station de pliage pour une forme en U facile \u00e0 utiliser Le pliage international en quatre est r\u00e9alis\u00e9 en faisant [&hellip;]<\/p>\n","protected":false},"featured_media":55660,"template":"","meta":[],"product_brand":[],"product_cat":[2924],"product_tag":[],"class_list":{"0":"post-94081","1":"product","2":"type-product","3":"status-publish","4":"has-post-thumbnail","6":"product_cat-plieuses","7":"pa_baujahr-262","8":"pa_hersteller-stahl","9":"pa_typ-vfz-43","11":"first","12":"instock","13":"sold-individually","14":"taxable","15":"shipping-taxable","16":"purchasable","17":"product-type-simple"},"jetpack_sharing_enabled":true,"_links":{"self":[{"href":"https:\/\/www.3p-gmbh.de\/fr\/wp-json\/wp\/v2\/product\/94081","targetHints":{"allow":["GET"]}}],"collection":[{"href":"https:\/\/www.3p-gmbh.de\/fr\/wp-json\/wp\/v2\/product"}],"about":[{"href":"https:\/\/www.3p-gmbh.de\/fr\/wp-json\/wp\/v2\/types\/product"}],"wp:featuredmedia":[{"embeddable":true,"href":"https:\/\/www.3p-gmbh.de\/fr\/wp-json\/wp\/v2\/media\/55660"}],"wp:attachment":[{"href":"https:\/\/www.3p-gmbh.de\/fr\/wp-json\/wp\/v2\/media?parent=94081"}],"wp:term":[{"taxonomy":"product_brand","embeddable":true,"href":"https:\/\/www.3p-gmbh.de\/fr\/wp-json\/wp\/v2\/product_brand?post=94081"},{"taxonomy":"product_cat","embeddable":true,"href":"https:\/\/www.3p-gmbh.de\/fr\/wp-json\/wp\/v2\/product_cat?post=94081"},{"taxonomy":"product_tag","embeddable":true,"href":"https:\/\/www.3p-gmbh.de\/fr\/wp-json\/wp\/v2\/product_tag?post=94081"}],"curies":[{"name":"wp","href":"https:\/\/api.w.org\/{rel}","templated":true}]}}