{"id":94073,"date":"2019-07-11T13:56:09","date_gmt":"2019-07-11T13:56:09","guid":{"rendered":"https:\/\/www.3p-gmbh.de\/produkt\/karl-traenklein-bp-presse-a-paquets-de-feuilles-pliees\/"},"modified":"2019-07-11T13:56:09","modified_gmt":"2019-07-11T13:56:09","slug":"presse-a-plier-et-a-cintrer","status":"publish","type":"product","link":"https:\/\/www.3p-gmbh.de\/fr\/produkt\/presse-a-plier-et-a-cintrer\/","title":{"rendered":"Karl Tr\u00e4nklein BP Presse \u00e0 paquets de feuilles pli\u00e9es"},"content":{"rendered":"<ul>\n<li>Convient au pressage et \u00e0 la mise en liasse de feuilles pli\u00e9es, de brochures, de blocs de livres, de cartons, etc.<\/li>\n<li>Entra\u00eenement \u00e9lectro-hydraulique, actionnement par bouton-poussoir Commande de s\u00e9curit\u00e9 bimanuelle<\/li>\n<li>Arr\u00eat automatique du moteur hydraulique lorsque la pression de pressage r\u00e9gl\u00e9e est atteinte<\/li>\n<li>la pression est maintenue jusqu&rsquo;\u00e0 ce que le retour soit d\u00e9clench\u00e9 par l&rsquo;interrupteur \u00e0 pression<\/li>\n<li>Lorsque la position finale est atteinte, la machine s&rsquo;arr\u00eate automatiquement, mais elle peut aussi \u00eatre arr\u00eat\u00e9e dans n&rsquo;importe quelle position \u00e0 l&rsquo;aide d&rsquo;un bouton-poussoir.<\/li>\n<li>pression de pressage r\u00e9glable en continu de 0 \u00e0 2 500 kg<\/li>\n<li>Longueur de l&rsquo;insert Max. 820 mm<\/li>\n<li>dimensions de la plaque de pressage 340 x 260 mm<\/li>\n<\/ul>\n","protected":false},"excerpt":{"rendered":"<p>Convient au pressage et \u00e0 la mise en liasse de feuilles pli\u00e9es, de brochures, de blocs de livres, de cartons, etc. Entra\u00eenement \u00e9lectro-hydraulique, actionnement par bouton-poussoir Commande de s\u00e9curit\u00e9 bimanuelle Arr\u00eat automatique du moteur hydraulique lorsque la pression de pressage r\u00e9gl\u00e9e est atteinte la pression est maintenue jusqu&rsquo;\u00e0 ce que le retour soit d\u00e9clench\u00e9 par [&hellip;]<\/p>\n","protected":false},"featured_media":55655,"template":"","meta":[],"product_brand":[],"product_cat":[2984],"product_tag":[],"class_list":{"0":"post-94073","1":"product","2":"type-product","3":"status-publish","4":"has-post-thumbnail","6":"product_cat-plieuses-fr","7":"pa_baujahr-262","8":"pa_hersteller-karl-traenklein","9":"pa_typ-bp","11":"first","12":"instock","13":"sold-individually","14":"taxable","15":"shipping-taxable","16":"purchasable","17":"product-type-simple"},"jetpack_sharing_enabled":true,"_links":{"self":[{"href":"https:\/\/www.3p-gmbh.de\/fr\/wp-json\/wp\/v2\/product\/94073","targetHints":{"allow":["GET"]}}],"collection":[{"href":"https:\/\/www.3p-gmbh.de\/fr\/wp-json\/wp\/v2\/product"}],"about":[{"href":"https:\/\/www.3p-gmbh.de\/fr\/wp-json\/wp\/v2\/types\/product"}],"wp:featuredmedia":[{"embeddable":true,"href":"https:\/\/www.3p-gmbh.de\/fr\/wp-json\/wp\/v2\/media\/55655"}],"wp:attachment":[{"href":"https:\/\/www.3p-gmbh.de\/fr\/wp-json\/wp\/v2\/media?parent=94073"}],"wp:term":[{"taxonomy":"product_brand","embeddable":true,"href":"https:\/\/www.3p-gmbh.de\/fr\/wp-json\/wp\/v2\/product_brand?post=94073"},{"taxonomy":"product_cat","embeddable":true,"href":"https:\/\/www.3p-gmbh.de\/fr\/wp-json\/wp\/v2\/product_cat?post=94073"},{"taxonomy":"product_tag","embeddable":true,"href":"https:\/\/www.3p-gmbh.de\/fr\/wp-json\/wp\/v2\/product_tag?post=94073"}],"curies":[{"name":"wp","href":"https:\/\/api.w.org\/{rel}","templated":true}]}}