{"id":94063,"date":"2019-07-11T13:56:09","date_gmt":"2019-07-11T13:56:09","guid":{"rendered":"https:\/\/www.3p-gmbh.de\/produkt\/heidelberg-stahl-vsa-66-d-sortie-de-pile-verticale\/"},"modified":"2019-07-11T13:56:09","modified_gmt":"2019-07-11T13:56:09","slug":"sortie-verticale-de-la-pile-3","status":"publish","type":"product","link":"https:\/\/www.3p-gmbh.de\/fr\/produkt\/sortie-verticale-de-la-pile-3\/","title":{"rendered":"Heidelberg Stahl VSA 66 D Sortie de pile verticale"},"content":{"rendered":"<ul>\n<li>syst\u00e8me de sortie mobile et particuli\u00e8rement compact qui compte, marque et presse les produits pli\u00e9s ou agraf\u00e9s et empile jusqu&rsquo;\u00e0 quatre poses de bas en haut<\/li>\n<li>Compte, marque, presse et empile jusqu&rsquo;\u00e0 quatre avantages<\/li>\n<li>Syst\u00e8me d&rsquo;exposition compact et peu encombrant<\/li>\n<li>Traitement de produits de petit format en usage multiple<\/li>\n<li>R\u00e9glage en continu de la hauteur de la table de travail, de la hauteur d&rsquo;entr\u00e9e et de la vitesse de transport<\/li>\n<li>Commande num\u00e9rique DCT<\/li>\n<li>Largeur d&rsquo;entr\u00e9e 66 cm<\/li>\n<li>avec dispositif de marquage<\/li>\n<\/ul>\n","protected":false},"excerpt":{"rendered":"<p>syst\u00e8me de sortie mobile et particuli\u00e8rement compact qui compte, marque et presse les produits pli\u00e9s ou agraf\u00e9s et empile jusqu&rsquo;\u00e0 quatre poses de bas en haut Compte, marque, presse et empile jusqu&rsquo;\u00e0 quatre avantages Syst\u00e8me d&rsquo;exposition compact et peu encombrant Traitement de produits de petit format en usage multiple R\u00e9glage en continu de la hauteur [&hellip;]<\/p>\n","protected":false},"featured_media":55666,"template":"","meta":[],"product_brand":[],"product_cat":[2916],"product_tag":[],"class_list":{"0":"post-94063","1":"product","2":"type-product","3":"status-publish","4":"has-post-thumbnail","6":"product_cat-depenses","7":"pa_baujahr-158","8":"pa_hersteller-stahl","9":"pa_typ-vsa-66-d","11":"first","12":"instock","13":"sold-individually","14":"taxable","15":"shipping-taxable","16":"purchasable","17":"product-type-simple"},"jetpack_sharing_enabled":true,"_links":{"self":[{"href":"https:\/\/www.3p-gmbh.de\/fr\/wp-json\/wp\/v2\/product\/94063","targetHints":{"allow":["GET"]}}],"collection":[{"href":"https:\/\/www.3p-gmbh.de\/fr\/wp-json\/wp\/v2\/product"}],"about":[{"href":"https:\/\/www.3p-gmbh.de\/fr\/wp-json\/wp\/v2\/types\/product"}],"wp:featuredmedia":[{"embeddable":true,"href":"https:\/\/www.3p-gmbh.de\/fr\/wp-json\/wp\/v2\/media\/55666"}],"wp:attachment":[{"href":"https:\/\/www.3p-gmbh.de\/fr\/wp-json\/wp\/v2\/media?parent=94063"}],"wp:term":[{"taxonomy":"product_brand","embeddable":true,"href":"https:\/\/www.3p-gmbh.de\/fr\/wp-json\/wp\/v2\/product_brand?post=94063"},{"taxonomy":"product_cat","embeddable":true,"href":"https:\/\/www.3p-gmbh.de\/fr\/wp-json\/wp\/v2\/product_cat?post=94063"},{"taxonomy":"product_tag","embeddable":true,"href":"https:\/\/www.3p-gmbh.de\/fr\/wp-json\/wp\/v2\/product_tag?post=94063"}],"curies":[{"name":"wp","href":"https:\/\/api.w.org\/{rel}","templated":true}]}}