{"id":94055,"date":"2019-07-11T13:56:09","date_gmt":"2019-07-11T13:56:09","guid":{"rendered":"https:\/\/www.3p-gmbh.de\/produkt\/heidelberg-stahl-52-4-kb-fl-sak-56-3-plieuse-combinee\/"},"modified":"2019-07-11T13:56:09","modified_gmt":"2019-07-11T13:56:09","slug":"plieuse-combinee-9","status":"publish","type":"product","link":"https:\/\/www.3p-gmbh.de\/fr\/produkt\/plieuse-combinee-9\/","title":{"rendered":"Heidelberg Stahl 52-4-KB-FL-SAK 56.3 Plieuse combin\u00e9e"},"content":{"rendered":"<ul>\n<li>Margeur \u00e0 plat<\/li>\n<li>Compteur \u00e0 pr\u00e9s\u00e9lection<\/li>\n<li>\u00e9lectrique. Contr\u00f4le<\/li>\n<li>Insonorisation<\/li>\n<li>m\u00e9c. R\u00e9glage de l&rsquo;\u00e9paisseur du papier<\/li>\n<li>4 poches avec largeur d&rsquo;entr\u00e9e de 52<\/li>\n<li>KB (\u00e9p\u00e9e)<\/li>\n<li>Exposition en \u00e9cailles SAK 56.3<\/li>\n<\/ul>\n","protected":false},"excerpt":{"rendered":"<p>Margeur \u00e0 plat Compteur \u00e0 pr\u00e9s\u00e9lection \u00e9lectrique. Contr\u00f4le Insonorisation m\u00e9c. R\u00e9glage de l&rsquo;\u00e9paisseur du papier 4 poches avec largeur d&rsquo;entr\u00e9e de 52 KB (\u00e9p\u00e9e) Exposition en \u00e9cailles SAK 56.3<\/p>\n","protected":false},"featured_media":55680,"template":"","meta":[],"product_brand":[],"product_cat":[2984],"product_tag":[],"class_list":{"0":"post-94055","1":"product","2":"type-product","3":"status-publish","4":"has-post-thumbnail","6":"product_cat-plieuses-fr","7":"pa_baujahr-221","8":"pa_hersteller-heidelberg-stahl","9":"pa_typ-52-4-kb-fl-sak-56-3","11":"first","12":"instock","13":"sold-individually","14":"taxable","15":"shipping-taxable","16":"purchasable","17":"product-type-simple"},"jetpack_sharing_enabled":true,"_links":{"self":[{"href":"https:\/\/www.3p-gmbh.de\/fr\/wp-json\/wp\/v2\/product\/94055","targetHints":{"allow":["GET"]}}],"collection":[{"href":"https:\/\/www.3p-gmbh.de\/fr\/wp-json\/wp\/v2\/product"}],"about":[{"href":"https:\/\/www.3p-gmbh.de\/fr\/wp-json\/wp\/v2\/types\/product"}],"wp:featuredmedia":[{"embeddable":true,"href":"https:\/\/www.3p-gmbh.de\/fr\/wp-json\/wp\/v2\/media\/55680"}],"wp:attachment":[{"href":"https:\/\/www.3p-gmbh.de\/fr\/wp-json\/wp\/v2\/media?parent=94055"}],"wp:term":[{"taxonomy":"product_brand","embeddable":true,"href":"https:\/\/www.3p-gmbh.de\/fr\/wp-json\/wp\/v2\/product_brand?post=94055"},{"taxonomy":"product_cat","embeddable":true,"href":"https:\/\/www.3p-gmbh.de\/fr\/wp-json\/wp\/v2\/product_cat?post=94055"},{"taxonomy":"product_tag","embeddable":true,"href":"https:\/\/www.3p-gmbh.de\/fr\/wp-json\/wp\/v2\/product_tag?post=94055"}],"curies":[{"name":"wp","href":"https:\/\/api.w.org\/{rel}","templated":true}]}}