{"id":94043,"date":"2019-07-11T13:56:09","date_gmt":"2019-07-11T13:56:09","guid":{"rendered":"https:\/\/www.3p-gmbh.de\/produkt\/plieuse-a-poches-mobile-de-2e-niveau-guk-fa-52-1-avec-boewe-310\/"},"modified":"2019-07-11T13:56:09","modified_gmt":"2019-07-11T13:56:09","slug":"plieuse-de-poche","status":"publish","type":"product","link":"https:\/\/www.3p-gmbh.de\/fr\/produkt\/plieuse-de-poche\/","title":{"rendered":"Plieuse \u00e0 poches mobile de 2e niveau GUK FA 52-1 avec B\u00f6we 310"},"content":{"rendered":"<p><strong>2\u00e8me plieuse mobile GUK FA 52-4 mais il n&rsquo;y a qu&rsquo;une seule poche de pliage int\u00e9gr\u00e9e !<\/strong><br \/>\n<strong>Ann\u00e9e de construction : 1987<\/strong><br \/>\nmobile, utilis\u00e9 jusqu&rsquo;\u00e0 pr\u00e9sent sur la d\u00e9coupeuse en continu B\u00f6we 310<br \/>\n&#8211; Dispositif antibruit<br \/>\n&#8211; Dispositif de coupe<\/p>\n<p><strong>Syst\u00e8me de coupe haute performance B\u00f6we 310<\/strong><\/p>\n","protected":false},"excerpt":{"rendered":"<p>2\u00e8me plieuse mobile GUK FA 52-4 mais il n&rsquo;y a qu&rsquo;une seule poche de pliage int\u00e9gr\u00e9e ! Ann\u00e9e de construction : 1987 mobile, utilis\u00e9 jusqu&rsquo;\u00e0 pr\u00e9sent sur la d\u00e9coupeuse en continu B\u00f6we 310 &#8211; Dispositif antibruit &#8211; Dispositif de coupe Syst\u00e8me de coupe haute performance B\u00f6we 310<\/p>\n","protected":false},"featured_media":61092,"template":"","meta":[],"product_brand":[],"product_cat":[2924],"product_tag":[],"class_list":{"0":"post-94043","1":"product","2":"type-product","3":"status-publish","4":"has-post-thumbnail","6":"product_cat-plieuses","7":"pa_baujahr-221","8":"pa_hersteller-guk-grieser-kunzmann","9":"pa_typ-fa-52-4","11":"first","12":"instock","13":"sold-individually","14":"taxable","15":"shipping-taxable","16":"purchasable","17":"product-type-simple"},"jetpack_sharing_enabled":true,"_links":{"self":[{"href":"https:\/\/www.3p-gmbh.de\/fr\/wp-json\/wp\/v2\/product\/94043","targetHints":{"allow":["GET"]}}],"collection":[{"href":"https:\/\/www.3p-gmbh.de\/fr\/wp-json\/wp\/v2\/product"}],"about":[{"href":"https:\/\/www.3p-gmbh.de\/fr\/wp-json\/wp\/v2\/types\/product"}],"wp:featuredmedia":[{"embeddable":true,"href":"https:\/\/www.3p-gmbh.de\/fr\/wp-json\/wp\/v2\/media\/61092"}],"wp:attachment":[{"href":"https:\/\/www.3p-gmbh.de\/fr\/wp-json\/wp\/v2\/media?parent=94043"}],"wp:term":[{"taxonomy":"product_brand","embeddable":true,"href":"https:\/\/www.3p-gmbh.de\/fr\/wp-json\/wp\/v2\/product_brand?post=94043"},{"taxonomy":"product_cat","embeddable":true,"href":"https:\/\/www.3p-gmbh.de\/fr\/wp-json\/wp\/v2\/product_cat?post=94043"},{"taxonomy":"product_tag","embeddable":true,"href":"https:\/\/www.3p-gmbh.de\/fr\/wp-json\/wp\/v2\/product_tag?post=94043"}],"curies":[{"name":"wp","href":"https:\/\/api.w.org\/{rel}","templated":true}]}}