{"id":94040,"date":"2019-07-11T13:56:09","date_gmt":"2019-07-11T13:56:09","guid":{"rendered":"https:\/\/www.3p-gmbh.de\/produkt\/guk-fa-50-4-fl2-50-sa-520-plieuse-a-poches\/"},"modified":"2019-07-11T13:56:09","modified_gmt":"2019-07-11T13:56:09","slug":"plieuse-de-poche-18","status":"publish","type":"product","link":"https:\/\/www.3p-gmbh.de\/fr\/produkt\/plieuse-de-poche-18\/","title":{"rendered":"GUK FA 50-4-FL2-50 SA 520 Plieuse \u00e0 poches"},"content":{"rendered":"<ul>\n<li>Margeur \u00e0 pile plate FL-2-50<\/li>\n<li>Plieuse avec 4 poches 54 cm de largeur d&rsquo;entr\u00e9e<\/li>\n<li>arbre porte-lames en aval<\/li>\n<li>Compteur \u00e0 pr\u00e9s\u00e9lection MCS 106<\/li>\n<li>Protection contre le bruit<\/li>\n<li>Exposition en \u00e9cailles<\/li>\n<li>plus petit pli : 26 mm<\/li>\n<li>vitesse jusqu&rsquo;\u00e0 30 000 feuilles\/heure ou 150m\/min<\/li>\n<li>Max. Format : 54 x 72 cm<\/li>\n<li>Min. Format : 54 x 9 cm<\/li>\n<\/ul>\n","protected":false},"excerpt":{"rendered":"<p>Margeur \u00e0 pile plate FL-2-50 Plieuse avec 4 poches 54 cm de largeur d&rsquo;entr\u00e9e arbre porte-lames en aval Compteur \u00e0 pr\u00e9s\u00e9lection MCS 106 Protection contre le bruit Exposition en \u00e9cailles plus petit pli : 26 mm vitesse jusqu&rsquo;\u00e0 30 000 feuilles\/heure ou 150m\/min Max. Format : 54 x 72 cm Min. Format : 54 x [&hellip;]<\/p>\n","protected":false},"featured_media":55694,"template":"","meta":[],"product_brand":[],"product_cat":[2984],"product_tag":[],"class_list":{"0":"post-94040","1":"product","2":"type-product","3":"status-publish","4":"has-post-thumbnail","6":"product_cat-plieuses-fr","7":"pa_baujahr-153","8":"pa_hersteller-guk-grieser-kunzmann","9":"pa_typ-fa-50-4-fl2-50-sa-520","11":"first","12":"instock","13":"sold-individually","14":"taxable","15":"shipping-taxable","16":"purchasable","17":"product-type-simple"},"jetpack_sharing_enabled":true,"_links":{"self":[{"href":"https:\/\/www.3p-gmbh.de\/fr\/wp-json\/wp\/v2\/product\/94040","targetHints":{"allow":["GET"]}}],"collection":[{"href":"https:\/\/www.3p-gmbh.de\/fr\/wp-json\/wp\/v2\/product"}],"about":[{"href":"https:\/\/www.3p-gmbh.de\/fr\/wp-json\/wp\/v2\/types\/product"}],"wp:featuredmedia":[{"embeddable":true,"href":"https:\/\/www.3p-gmbh.de\/fr\/wp-json\/wp\/v2\/media\/55694"}],"wp:attachment":[{"href":"https:\/\/www.3p-gmbh.de\/fr\/wp-json\/wp\/v2\/media?parent=94040"}],"wp:term":[{"taxonomy":"product_brand","embeddable":true,"href":"https:\/\/www.3p-gmbh.de\/fr\/wp-json\/wp\/v2\/product_brand?post=94040"},{"taxonomy":"product_cat","embeddable":true,"href":"https:\/\/www.3p-gmbh.de\/fr\/wp-json\/wp\/v2\/product_cat?post=94040"},{"taxonomy":"product_tag","embeddable":true,"href":"https:\/\/www.3p-gmbh.de\/fr\/wp-json\/wp\/v2\/product_tag?post=94040"}],"curies":[{"name":"wp","href":"https:\/\/api.w.org\/{rel}","templated":true}]}}