{"id":94035,"date":"2019-07-11T13:56:09","date_gmt":"2019-07-11T13:56:09","guid":{"rendered":"https:\/\/www.3p-gmbh.de\/produkt\/heidelberg-stahl-ffp-52-altarfalz-pochette-de-pliage-pneumatique-pour-fenetres\/"},"modified":"2019-07-11T13:56:09","modified_gmt":"2019-07-11T13:56:09","slug":"sacoche-pneumatique-pour-pliage-de-fenetre-a-lancienne-2","status":"publish","type":"product","link":"https:\/\/www.3p-gmbh.de\/fr\/produkt\/sacoche-pneumatique-pour-pliage-de-fenetre-a-lancienne-2\/","title":{"rendered":"Heidelberg Stahl FFP 52 Altarfalz &#8211; Pochette de pliage pneumatique pour fen\u00eatres"},"content":{"rendered":"<p>L&rsquo;appareil poss\u00e8de un bo\u00eetier de commande Acc 2.4, un d\u00e9codeur (encodeur rotatif) et une console de machine, adapt\u00e9s aux plieuses en acier. Le pliage de fen\u00eatre \u00e0 trois plis (pliage Altar) est un type de pliage volontiers utilis\u00e9 par les graphistes, mais qui exigeait du relieur, avec la technique de pliage disponible jusqu&rsquo;\u00e0 pr\u00e9sent, beaucoup d&rsquo;exp\u00e9rience et de doigt\u00e9 pour r\u00e9aliser la commande dans le temps calcul\u00e9 avec une bonne qualit\u00e9 de pliage. La poche de pliage pneumatique des fen\u00eatres est command\u00e9e num\u00e9riquement, le profil de renvoi est ouvert et ferm\u00e9 pneumatiquement. L&rsquo;appareil de commande num\u00e9rique ACC 2.4 r\u00e8gle exactement les moments de commutation &#8211; individuellement et ind\u00e9pendamment de la vitesse de pliage. La commande pr\u00e9cise du profil de d\u00e9viation permet des \u00e9carts minimaux entre les volets de seulement 0,5 \u00e0 1,0 millim\u00e8tre, selon l&rsquo;\u00e9paisseur du papier. M\u00eame en fonctionnement continu, des cadences \u00e9lev\u00e9es (jusqu&rsquo;\u00e0 15.000 cycles\/heure) sont possibles sans probl\u00e8me.<\/p>\n","protected":false},"excerpt":{"rendered":"<p>L&rsquo;appareil poss\u00e8de un bo\u00eetier de commande Acc 2.4, un d\u00e9codeur (encodeur rotatif) et une console de machine, adapt\u00e9s aux plieuses en acier. Le pliage de fen\u00eatre \u00e0 trois plis (pliage Altar) est un type de pliage volontiers utilis\u00e9 par les graphistes, mais qui exigeait du relieur, avec la technique de pliage disponible jusqu&rsquo;\u00e0 pr\u00e9sent, beaucoup [&hellip;]<\/p>\n","protected":false},"featured_media":55692,"template":"","meta":[],"product_brand":[],"product_cat":[2886],"product_tag":[],"class_list":{"0":"post-94035","1":"product","2":"type-product","3":"status-publish","4":"has-post-thumbnail","6":"product_cat-accessoires-pour-plieuses","7":"pa_baujahr-127","8":"pa_hersteller-heidelberg-stahl","9":"pa_typ-ffp-52","11":"first","12":"instock","13":"sold-individually","14":"taxable","15":"shipping-taxable","16":"purchasable","17":"product-type-simple"},"jetpack_sharing_enabled":true,"_links":{"self":[{"href":"https:\/\/www.3p-gmbh.de\/fr\/wp-json\/wp\/v2\/product\/94035","targetHints":{"allow":["GET"]}}],"collection":[{"href":"https:\/\/www.3p-gmbh.de\/fr\/wp-json\/wp\/v2\/product"}],"about":[{"href":"https:\/\/www.3p-gmbh.de\/fr\/wp-json\/wp\/v2\/types\/product"}],"wp:featuredmedia":[{"embeddable":true,"href":"https:\/\/www.3p-gmbh.de\/fr\/wp-json\/wp\/v2\/media\/55692"}],"wp:attachment":[{"href":"https:\/\/www.3p-gmbh.de\/fr\/wp-json\/wp\/v2\/media?parent=94035"}],"wp:term":[{"taxonomy":"product_brand","embeddable":true,"href":"https:\/\/www.3p-gmbh.de\/fr\/wp-json\/wp\/v2\/product_brand?post=94035"},{"taxonomy":"product_cat","embeddable":true,"href":"https:\/\/www.3p-gmbh.de\/fr\/wp-json\/wp\/v2\/product_cat?post=94035"},{"taxonomy":"product_tag","embeddable":true,"href":"https:\/\/www.3p-gmbh.de\/fr\/wp-json\/wp\/v2\/product_tag?post=94035"}],"curies":[{"name":"wp","href":"https:\/\/api.w.org\/{rel}","templated":true}]}}