{"id":94031,"date":"2019-07-11T13:56:20","date_gmt":"2019-07-11T13:56:20","guid":{"rendered":"https:\/\/www.3p-gmbh.de\/produkt\/guk-fa-35-4-r1-plieuse-a-poches\/"},"modified":"2019-07-11T13:56:20","modified_gmt":"2019-07-11T13:56:20","slug":"plieuse-de-poche-19","status":"publish","type":"product","link":"https:\/\/www.3p-gmbh.de\/fr\/produkt\/plieuse-de-poche-19\/","title":{"rendered":"GUK FA 35-4-R1 Plieuse \u00e0 poches"},"content":{"rendered":"<ul>\n<li>max. format 35x65cm<\/li>\n<li>min. Format 7&#215;9 cm<\/li>\n<li>plus petit pli 15mm<\/li>\n<li>Puissance 10-30.000 selon le mat\u00e9riau<\/li>\n<li>Margeur \u00e0 friction R1<\/li>\n<li>4 poches de pliage 35 cm de largeur d&rsquo;entr\u00e9e et protection contre le bruit<\/li>\n<li>Rouleaux acier-caoutchouc<\/li>\n<li>arbre porte-lames en aval<\/li>\n<\/ul>\n","protected":false},"excerpt":{"rendered":"<p>max. format 35x65cm min. Format 7&#215;9 cm plus petit pli 15mm Puissance 10-30.000 selon le mat\u00e9riau Margeur \u00e0 friction R1 4 poches de pliage 35 cm de largeur d&rsquo;entr\u00e9e et protection contre le bruit Rouleaux acier-caoutchouc arbre porte-lames en aval<\/p>\n","protected":false},"featured_media":55710,"template":"","meta":[],"product_brand":[],"product_cat":[2984],"product_tag":[],"class_list":{"0":"post-94031","1":"product","2":"type-product","3":"status-publish","4":"has-post-thumbnail","6":"product_cat-plieuses-fr","7":"pa_baujahr-829","8":"pa_hersteller-guk","9":"pa_typ-fa-35-4-r1-as-35-automatic-720","11":"first","12":"instock","13":"sold-individually","14":"taxable","15":"shipping-taxable","16":"purchasable","17":"product-type-simple"},"jetpack_sharing_enabled":true,"_links":{"self":[{"href":"https:\/\/www.3p-gmbh.de\/fr\/wp-json\/wp\/v2\/product\/94031","targetHints":{"allow":["GET"]}}],"collection":[{"href":"https:\/\/www.3p-gmbh.de\/fr\/wp-json\/wp\/v2\/product"}],"about":[{"href":"https:\/\/www.3p-gmbh.de\/fr\/wp-json\/wp\/v2\/types\/product"}],"wp:featuredmedia":[{"embeddable":true,"href":"https:\/\/www.3p-gmbh.de\/fr\/wp-json\/wp\/v2\/media\/55710"}],"wp:attachment":[{"href":"https:\/\/www.3p-gmbh.de\/fr\/wp-json\/wp\/v2\/media?parent=94031"}],"wp:term":[{"taxonomy":"product_brand","embeddable":true,"href":"https:\/\/www.3p-gmbh.de\/fr\/wp-json\/wp\/v2\/product_brand?post=94031"},{"taxonomy":"product_cat","embeddable":true,"href":"https:\/\/www.3p-gmbh.de\/fr\/wp-json\/wp\/v2\/product_cat?post=94031"},{"taxonomy":"product_tag","embeddable":true,"href":"https:\/\/www.3p-gmbh.de\/fr\/wp-json\/wp\/v2\/product_tag?post=94031"}],"curies":[{"name":"wp","href":"https:\/\/api.w.org\/{rel}","templated":true}]}}