{"id":94027,"date":"2019-07-11T13:56:20","date_gmt":"2019-07-11T13:56:20","guid":{"rendered":"https:\/\/www.3p-gmbh.de\/produkt\/herzog-heymann-272-pont-damarrage-sous-le-niveau-du-sol\/"},"modified":"2019-07-11T13:56:20","modified_gmt":"2019-07-11T13:56:20","slug":"debarcadere-souterrain","status":"publish","type":"product","link":"https:\/\/www.3p-gmbh.de\/fr\/produkt\/debarcadere-souterrain\/","title":{"rendered":"Herzog &amp; Heymann 272 Pont d&rsquo;amarrage sous le niveau du sol"},"content":{"rendered":"<ul>\n<li>Amarrage mobile sous le niveau du sol avec son propre entra\u00eenement et pompe DV<\/li>\n<li>largeur d&rsquo;entr\u00e9e d&rsquo;environ 50cm<\/li>\n<li>S\u00e9paration des feuilles par le bas de la pile, rechargement du papier par le haut<\/li>\n<li>permet une mise en place continue sans pauses d&rsquo;alimentation<\/li>\n<\/ul>\n","protected":false},"excerpt":{"rendered":"<p>Amarrage mobile sous le niveau du sol avec son propre entra\u00eenement et pompe DV largeur d&rsquo;entr\u00e9e d&rsquo;environ 50cm S\u00e9paration des feuilles par le bas de la pile, rechargement du papier par le haut permet une mise en place continue sans pauses d&rsquo;alimentation<\/p>\n","protected":false},"featured_media":55715,"template":"","meta":[],"product_brand":[],"product_cat":[3029],"product_tag":[],"class_list":{"0":"post-94027","1":"product","2":"type-product","3":"status-publish","4":"has-post-thumbnail","6":"product_cat-investisseurs","7":"pa_baujahr-133","8":"pa_hersteller-herzog-heymann","9":"pa_typ-993","11":"first","12":"instock","13":"sold-individually","14":"taxable","15":"shipping-taxable","16":"purchasable","17":"product-type-simple"},"jetpack_sharing_enabled":true,"_links":{"self":[{"href":"https:\/\/www.3p-gmbh.de\/fr\/wp-json\/wp\/v2\/product\/94027","targetHints":{"allow":["GET"]}}],"collection":[{"href":"https:\/\/www.3p-gmbh.de\/fr\/wp-json\/wp\/v2\/product"}],"about":[{"href":"https:\/\/www.3p-gmbh.de\/fr\/wp-json\/wp\/v2\/types\/product"}],"wp:featuredmedia":[{"embeddable":true,"href":"https:\/\/www.3p-gmbh.de\/fr\/wp-json\/wp\/v2\/media\/55715"}],"wp:attachment":[{"href":"https:\/\/www.3p-gmbh.de\/fr\/wp-json\/wp\/v2\/media?parent=94027"}],"wp:term":[{"taxonomy":"product_brand","embeddable":true,"href":"https:\/\/www.3p-gmbh.de\/fr\/wp-json\/wp\/v2\/product_brand?post=94027"},{"taxonomy":"product_cat","embeddable":true,"href":"https:\/\/www.3p-gmbh.de\/fr\/wp-json\/wp\/v2\/product_cat?post=94027"},{"taxonomy":"product_tag","embeddable":true,"href":"https:\/\/www.3p-gmbh.de\/fr\/wp-json\/wp\/v2\/product_tag?post=94027"}],"curies":[{"name":"wp","href":"https:\/\/api.w.org\/{rel}","templated":true}]}}