{"id":94018,"date":"2019-07-11T13:56:20","date_gmt":"2019-07-11T13:56:20","guid":{"rendered":"https:\/\/www.3p-gmbh.de\/produkt\/desta-bas-fsa-600-sortie-a-pile-plate-avec-presse-a-feuilles\/"},"modified":"2019-07-11T13:56:20","modified_gmt":"2019-07-11T13:56:20","slug":"sortie-de-piles-a-plat-avec-presse-a-feuilles","status":"publish","type":"product","link":"https:\/\/www.3p-gmbh.de\/fr\/produkt\/sortie-de-piles-a-plat-avec-presse-a-feuilles\/","title":{"rendered":"Desta BAS &#8211; FSA 600 Sortie \u00e0 pile plate avec presse \u00e0 feuilles"},"content":{"rendered":"<p>La sortie sert \u00e0 un pressage optimal et \u00e0 une formation efficace de la pile, en combinaison avec une r\u00e9ception ergonomique, en particulier pour la production en plusieurs exemplaires. Elle fabrique des piles de produits optimales &#8211; des d\u00e9tails d&rsquo;\u00e9quipement tels que le rouleau d&rsquo;arr\u00eat entra\u00een\u00e9 et une ar\u00eate de coupe y veillent. La hauteur de r\u00e9ception est toujours constante, car tant la machine &#8211; via un compas de levage &#8211; que l&rsquo;entr\u00e9e de la presse peuvent \u00eatre inclin\u00e9es. Le BAS-FSA offre une multitude de possibilit\u00e9s de r\u00e9glage dans le d\u00e9tail. Leur accessibilit\u00e9 est exceptionnelle, notamment lors du r\u00e9glage ou du pr\u00e9l\u00e8vement de feuilles d&rsquo;essai. Le BAS-FSA est utilis\u00e9 pour les tirages moyens et pour la production fr\u00e9quente de plusieurs exemplaires. Gr\u00e2ce \u00e0 un c\u00e2ble adaptateur, elle peut \u00eatre utilis\u00e9e derri\u00e8re toutes les plieuses courantes et \u00e9galement sur les encarteuses-piqueuses.<\/p>\n<ul>\n<li>Ann\u00e9e de construction 2002<\/li>\n<li>Largeur de travail 600 mm<\/li>\n<li>\u00c9paisseur max. du produit 8 mm<\/li>\n<li>max. Largeur de travail x 320 mm, min. 100 x 80 mm<\/li>\n<li>Hauteur d&#8217;empilage max. 400 mm<\/li>\n<li>pression de pressage 0-20.000N, r\u00e9glable en continu<\/li>\n<li>vitesse 50-230 m\/min, r\u00e9glable en continu<\/li>\n<li>hauteur d&rsquo;entr\u00e9e 400-950 mm, r\u00e9glable<\/li>\n<li>hauteur d&rsquo;exportation 875 mm<\/li>\n<li>Dispositif de comptage et de marquage<\/li>\n<li>courroies d&rsquo;introduction sup\u00e9rieure et inf\u00e9rieure dans la presse \u00e0 feuilles<\/li>\n<li>2 paires de rouleaux de compression chrom\u00e9s durs D=100 mm, r\u00e9glables s\u00e9par\u00e9ment<\/li>\n<li>arbres \u00e0 courroies rainur\u00e9s pour un repositionnement rapide des courroies d&rsquo;alimentation lors d&rsquo;un changement de format ou pour l&rsquo;\u00e9cartement des poses multiples<\/li>\n<li>Base de ciseaux de levage pour un r\u00e9glage en continu de la hauteur<\/li>\n<li>mobile sur roulettes pivotantes<\/li>\n<\/ul>\n","protected":false},"excerpt":{"rendered":"<p>La sortie sert \u00e0 un pressage optimal et \u00e0 une formation efficace de la pile, en combinaison avec une r\u00e9ception ergonomique, en particulier pour la production en plusieurs exemplaires. Elle fabrique des piles de produits optimales &#8211; des d\u00e9tails d&rsquo;\u00e9quipement tels que le rouleau d&rsquo;arr\u00eat entra\u00een\u00e9 et une ar\u00eate de coupe y veillent. La hauteur [&hellip;]<\/p>\n","protected":false},"featured_media":55721,"template":"","meta":[],"product_brand":[],"product_cat":[2916],"product_tag":[],"class_list":{"0":"post-94018","1":"product","2":"type-product","3":"status-publish","4":"has-post-thumbnail","6":"product_cat-depenses","7":"pa_baujahr-153","8":"pa_hersteller-desta-guk","9":"pa_typ-desta-bas-fsa-600","11":"first","12":"instock","13":"sold-individually","14":"taxable","15":"shipping-taxable","16":"purchasable","17":"product-type-simple"},"jetpack_sharing_enabled":true,"_links":{"self":[{"href":"https:\/\/www.3p-gmbh.de\/fr\/wp-json\/wp\/v2\/product\/94018","targetHints":{"allow":["GET"]}}],"collection":[{"href":"https:\/\/www.3p-gmbh.de\/fr\/wp-json\/wp\/v2\/product"}],"about":[{"href":"https:\/\/www.3p-gmbh.de\/fr\/wp-json\/wp\/v2\/types\/product"}],"wp:featuredmedia":[{"embeddable":true,"href":"https:\/\/www.3p-gmbh.de\/fr\/wp-json\/wp\/v2\/media\/55721"}],"wp:attachment":[{"href":"https:\/\/www.3p-gmbh.de\/fr\/wp-json\/wp\/v2\/media?parent=94018"}],"wp:term":[{"taxonomy":"product_brand","embeddable":true,"href":"https:\/\/www.3p-gmbh.de\/fr\/wp-json\/wp\/v2\/product_brand?post=94018"},{"taxonomy":"product_cat","embeddable":true,"href":"https:\/\/www.3p-gmbh.de\/fr\/wp-json\/wp\/v2\/product_cat?post=94018"},{"taxonomy":"product_tag","embeddable":true,"href":"https:\/\/www.3p-gmbh.de\/fr\/wp-json\/wp\/v2\/product_tag?post=94018"}],"curies":[{"name":"wp","href":"https:\/\/api.w.org\/{rel}","templated":true}]}}