{"id":94000,"date":"2019-07-11T13:56:20","date_gmt":"2019-07-11T13:56:20","guid":{"rendered":"https:\/\/www.3p-gmbh.de\/produkt\/baeuerle-cas-35-2-pba-plieuse-a-reglage-automatique\/"},"modified":"2019-07-11T13:56:20","modified_gmt":"2019-07-11T13:56:20","slug":"plieuse-automatique-reglable","status":"publish","type":"product","link":"https:\/\/www.3p-gmbh.de\/fr\/produkt\/plieuse-automatique-reglable\/","title":{"rendered":"B\u00e4uerle CAS 35-2 PBA Plieuse \u00e0 r\u00e9glage automatique"},"content":{"rendered":"<ul>\n<li>Pliage par simple pression sur un bouton au format A3<\/li>\n<li>Ann\u00e9e de construction 2007<\/li>\n<li>Plieuse informatis\u00e9e avec deux poches de pliage automatique AFT-35 avec r\u00e8gle de renvoi<\/li>\n<li>Compteurs totaux et \u00e0 pr\u00e9s\u00e9lection<\/li>\n<li>Rouleaux de mousse PUR<\/li>\n<li>PBA Margeur \u00e0 aspiration par le bas avec table d&rsquo;alignement, double feuille et contr\u00f4le du passage du papier<\/li>\n<li>grand confort d&rsquo;utilisation<\/li>\n<li>Temps de pr\u00e9paration courts<\/li>\n<li>pas de r\u00e9glage des rouleaux de pliage<\/li>\n<li>Format de feuille maximal 35 x 46 cm<\/li>\n<li>Format de feuille minimal 8,5 x 10 cm<\/li>\n<li>Longueur de pliage des poches min. 50mm et max. 360mm<\/li>\n<li>Vitesse de 160 m\/min<\/li>\n<\/ul>\n","protected":false},"excerpt":{"rendered":"<p>Pliage par simple pression sur un bouton au format A3 Ann\u00e9e de construction 2007 Plieuse informatis\u00e9e avec deux poches de pliage automatique AFT-35 avec r\u00e8gle de renvoi Compteurs totaux et \u00e0 pr\u00e9s\u00e9lection Rouleaux de mousse PUR PBA Margeur \u00e0 aspiration par le bas avec table d&rsquo;alignement, double feuille et contr\u00f4le du passage du papier grand [&hellip;]<\/p>\n","protected":false},"featured_media":57063,"template":"","meta":[],"product_brand":[],"product_cat":[2984],"product_tag":[],"class_list":{"0":"post-94000","1":"product","2":"type-product","3":"status-publish","4":"has-post-thumbnail","6":"product_cat-plieuses-fr","7":"pa_baujahr-140","8":"pa_hersteller-mathias-baeuerle","9":"pa_typ-multimaster-cas-35-2-pba","11":"first","12":"instock","13":"sold-individually","14":"taxable","15":"shipping-taxable","16":"purchasable","17":"product-type-simple"},"jetpack_sharing_enabled":true,"_links":{"self":[{"href":"https:\/\/www.3p-gmbh.de\/fr\/wp-json\/wp\/v2\/product\/94000","targetHints":{"allow":["GET"]}}],"collection":[{"href":"https:\/\/www.3p-gmbh.de\/fr\/wp-json\/wp\/v2\/product"}],"about":[{"href":"https:\/\/www.3p-gmbh.de\/fr\/wp-json\/wp\/v2\/types\/product"}],"wp:featuredmedia":[{"embeddable":true,"href":"https:\/\/www.3p-gmbh.de\/fr\/wp-json\/wp\/v2\/media\/57063"}],"wp:attachment":[{"href":"https:\/\/www.3p-gmbh.de\/fr\/wp-json\/wp\/v2\/media?parent=94000"}],"wp:term":[{"taxonomy":"product_brand","embeddable":true,"href":"https:\/\/www.3p-gmbh.de\/fr\/wp-json\/wp\/v2\/product_brand?post=94000"},{"taxonomy":"product_cat","embeddable":true,"href":"https:\/\/www.3p-gmbh.de\/fr\/wp-json\/wp\/v2\/product_cat?post=94000"},{"taxonomy":"product_tag","embeddable":true,"href":"https:\/\/www.3p-gmbh.de\/fr\/wp-json\/wp\/v2\/product_tag?post=94000"}],"curies":[{"name":"wp","href":"https:\/\/api.w.org\/{rel}","templated":true}]}}