{"id":93999,"date":"2019-07-11T13:56:20","date_gmt":"2019-07-11T13:56:20","guid":{"rendered":"https:\/\/www.3p-gmbh.de\/produkt\/mbo-k-72-4-kl-f-plieuse-combinee\/"},"modified":"2019-07-11T13:56:20","modified_gmt":"2019-07-11T13:56:20","slug":"plieuse-combinee-3-2","status":"publish","type":"product","link":"https:\/\/www.3p-gmbh.de\/fr\/produkt\/plieuse-combinee-3-2\/","title":{"rendered":"MBO K 72-4-KL-F Plieuse combin\u00e9e"},"content":{"rendered":"<ul>\n<li>Format max. 720 x 950 mm<\/li>\n<li>Format min. 150 x 200 mm<\/li>\n<li>Puissance 10-180 \/min<\/li>\n<li>Margeur \u00e0 plat avec Vaculift<\/li>\n<li>Commande MC et compteur \u00e0 pr\u00e9s\u00e9lection EVZ<\/li>\n<li>4 poches 72cm<\/li>\n<li>arbre porte-lames en aval<\/li>\n<li>Exposition en \u00e9cailles SA<\/li>\n<\/ul>\n","protected":false},"excerpt":{"rendered":"<p>Format max. 720 x 950 mm Format min. 150 x 200 mm Puissance 10-180 \/min Margeur \u00e0 plat avec Vaculift Commande MC et compteur \u00e0 pr\u00e9s\u00e9lection EVZ 4 poches 72cm arbre porte-lames en aval Exposition en \u00e9cailles SA<\/p>\n","protected":false},"featured_media":55762,"template":"","meta":[],"product_brand":[],"product_cat":[2984],"product_tag":[],"class_list":{"0":"post-93999","1":"product","2":"type-product","3":"status-publish","4":"has-post-thumbnail","6":"product_cat-plieuses-fr","7":"pa_baujahr-133","8":"pa_hersteller-mbo","9":"pa_typ-k-72-4-kl-f","11":"first","12":"instock","13":"sold-individually","14":"taxable","15":"shipping-taxable","16":"purchasable","17":"product-type-simple"},"jetpack_sharing_enabled":true,"_links":{"self":[{"href":"https:\/\/www.3p-gmbh.de\/fr\/wp-json\/wp\/v2\/product\/93999","targetHints":{"allow":["GET"]}}],"collection":[{"href":"https:\/\/www.3p-gmbh.de\/fr\/wp-json\/wp\/v2\/product"}],"about":[{"href":"https:\/\/www.3p-gmbh.de\/fr\/wp-json\/wp\/v2\/types\/product"}],"wp:featuredmedia":[{"embeddable":true,"href":"https:\/\/www.3p-gmbh.de\/fr\/wp-json\/wp\/v2\/media\/55762"}],"wp:attachment":[{"href":"https:\/\/www.3p-gmbh.de\/fr\/wp-json\/wp\/v2\/media?parent=93999"}],"wp:term":[{"taxonomy":"product_brand","embeddable":true,"href":"https:\/\/www.3p-gmbh.de\/fr\/wp-json\/wp\/v2\/product_brand?post=93999"},{"taxonomy":"product_cat","embeddable":true,"href":"https:\/\/www.3p-gmbh.de\/fr\/wp-json\/wp\/v2\/product_cat?post=93999"},{"taxonomy":"product_tag","embeddable":true,"href":"https:\/\/www.3p-gmbh.de\/fr\/wp-json\/wp\/v2\/product_tag?post=93999"}],"curies":[{"name":"wp","href":"https:\/\/api.w.org\/{rel}","templated":true}]}}