{"id":93994,"date":"2019-07-11T13:56:20","date_gmt":"2019-07-11T13:56:20","guid":{"rendered":"https:\/\/www.3p-gmbh.de\/produkt\/mbo-k-76-8-sktl-pd-plieuse-combinee\/"},"modified":"2019-07-11T13:56:20","modified_gmt":"2019-07-11T13:56:20","slug":"plieuse-combinee-2-2","status":"publish","type":"product","link":"https:\/\/www.3p-gmbh.de\/fr\/produkt\/plieuse-combinee-2-2\/","title":{"rendered":"MBO K 76-8-SKTL-PD Plieuse combin\u00e9e"},"content":{"rendered":"<ul>\n<li>format 76 x 120 cm<\/li>\n<li>Margeur de palettes FP 76-120 avec Vaculift et Vacubelt<\/li>\n<li>8 poches Largeur d&rsquo;entr\u00e9e 76cm, arbre porte-lames en aval<\/li>\n<li>1 \u00e9p\u00e9e<\/li>\n<li>1 poche couch\u00e9e<\/li>\n<li>1 \u00e9p\u00e9e<\/li>\n<li>1 poche \u00e0 soufflet pour fen\u00eatre avec bo\u00eetier de commande et poche aveugle<\/li>\n<\/ul>\n","protected":false},"excerpt":{"rendered":"<p>format 76 x 120 cm Margeur de palettes FP 76-120 avec Vaculift et Vacubelt 8 poches Largeur d&rsquo;entr\u00e9e 76cm, arbre porte-lames en aval 1 \u00e9p\u00e9e 1 poche couch\u00e9e 1 \u00e9p\u00e9e 1 poche \u00e0 soufflet pour fen\u00eatre avec bo\u00eetier de commande et poche aveugle<\/p>\n","protected":false},"featured_media":55748,"template":"","meta":[],"product_brand":[],"product_cat":[2984],"product_tag":[],"class_list":{"0":"post-93994","1":"product","2":"type-product","3":"status-publish","4":"has-post-thumbnail","6":"product_cat-plieuses-fr","7":"pa_baujahr-123","8":"pa_hersteller-mbo","9":"pa_typ-k-76-8-sktl-pd","11":"first","12":"instock","13":"sold-individually","14":"taxable","15":"shipping-taxable","16":"purchasable","17":"product-type-simple"},"jetpack_sharing_enabled":true,"_links":{"self":[{"href":"https:\/\/www.3p-gmbh.de\/fr\/wp-json\/wp\/v2\/product\/93994","targetHints":{"allow":["GET"]}}],"collection":[{"href":"https:\/\/www.3p-gmbh.de\/fr\/wp-json\/wp\/v2\/product"}],"about":[{"href":"https:\/\/www.3p-gmbh.de\/fr\/wp-json\/wp\/v2\/types\/product"}],"wp:featuredmedia":[{"embeddable":true,"href":"https:\/\/www.3p-gmbh.de\/fr\/wp-json\/wp\/v2\/media\/55748"}],"wp:attachment":[{"href":"https:\/\/www.3p-gmbh.de\/fr\/wp-json\/wp\/v2\/media?parent=93994"}],"wp:term":[{"taxonomy":"product_brand","embeddable":true,"href":"https:\/\/www.3p-gmbh.de\/fr\/wp-json\/wp\/v2\/product_brand?post=93994"},{"taxonomy":"product_cat","embeddable":true,"href":"https:\/\/www.3p-gmbh.de\/fr\/wp-json\/wp\/v2\/product_cat?post=93994"},{"taxonomy":"product_tag","embeddable":true,"href":"https:\/\/www.3p-gmbh.de\/fr\/wp-json\/wp\/v2\/product_tag?post=93994"}],"curies":[{"name":"wp","href":"https:\/\/api.w.org\/{rel}","templated":true}]}}