{"id":93992,"date":"2019-07-11T13:56:20","date_gmt":"2019-07-11T13:56:20","guid":{"rendered":"https:\/\/www.3p-gmbh.de\/produkt\/heidelberg-stahl-t-32-2-uf-32-plieuse-a-poches\/"},"modified":"2019-07-11T13:56:20","modified_gmt":"2019-07-11T13:56:20","slug":"plieuse-de-poche-20","status":"publish","type":"product","link":"https:\/\/www.3p-gmbh.de\/fr\/produkt\/plieuse-de-poche-20\/","title":{"rendered":"Heidelberg Stahl T 32.2 &#8211; UF 32 Plieuse \u00e0 poches"},"content":{"rendered":"<ul>\n<li>max. Format : 32 x 45 cm<\/li>\n<li>min. Format : 7 x 12 cm<\/li>\n<li>D\u00e9positaire d&rsquo;\u0153ufs sous le niveau du sol US 32<\/li>\n<li>1.station 32 cm, 2 poches<\/li>\n<li>sortie \u00e0 \u00e9cailles r\u00e9glable SA 32 avec entra\u00eenement propre<\/li>\n<li>Dispositif d&rsquo;insonorisation en haut et en bas<\/li>\n<li>Pompe DV<\/li>\n<li>ch\u00e2ssis mobile<\/li>\n<li>deuxi\u00e8me groupe de pliage 32-2 avec 2 poches et table d&rsquo;alignement<\/li>\n<\/ul>\n","protected":false},"excerpt":{"rendered":"<p>max. Format : 32 x 45 cm min. Format : 7 x 12 cm D\u00e9positaire d&rsquo;\u0153ufs sous le niveau du sol US 32 1.station 32 cm, 2 poches sortie \u00e0 \u00e9cailles r\u00e9glable SA 32 avec entra\u00eenement propre Dispositif d&rsquo;insonorisation en haut et en bas Pompe DV ch\u00e2ssis mobile deuxi\u00e8me groupe de pliage 32-2 avec 2 [&hellip;]<\/p>\n","protected":false},"featured_media":55744,"template":"","meta":[],"product_brand":[],"product_cat":[2984],"product_tag":[],"class_list":{"0":"post-93992","1":"product","2":"type-product","3":"status-publish","4":"has-post-thumbnail","6":"product_cat-plieuses-fr","7":"pa_baujahr-133","8":"pa_hersteller-stahl","9":"pa_typ-t-32-2-uf-32","11":"first","12":"instock","13":"sold-individually","14":"taxable","15":"shipping-taxable","16":"purchasable","17":"product-type-simple"},"jetpack_sharing_enabled":true,"_links":{"self":[{"href":"https:\/\/www.3p-gmbh.de\/fr\/wp-json\/wp\/v2\/product\/93992","targetHints":{"allow":["GET"]}}],"collection":[{"href":"https:\/\/www.3p-gmbh.de\/fr\/wp-json\/wp\/v2\/product"}],"about":[{"href":"https:\/\/www.3p-gmbh.de\/fr\/wp-json\/wp\/v2\/types\/product"}],"wp:featuredmedia":[{"embeddable":true,"href":"https:\/\/www.3p-gmbh.de\/fr\/wp-json\/wp\/v2\/media\/55744"}],"wp:attachment":[{"href":"https:\/\/www.3p-gmbh.de\/fr\/wp-json\/wp\/v2\/media?parent=93992"}],"wp:term":[{"taxonomy":"product_brand","embeddable":true,"href":"https:\/\/www.3p-gmbh.de\/fr\/wp-json\/wp\/v2\/product_brand?post=93992"},{"taxonomy":"product_cat","embeddable":true,"href":"https:\/\/www.3p-gmbh.de\/fr\/wp-json\/wp\/v2\/product_cat?post=93992"},{"taxonomy":"product_tag","embeddable":true,"href":"https:\/\/www.3p-gmbh.de\/fr\/wp-json\/wp\/v2\/product_tag?post=93992"}],"curies":[{"name":"wp","href":"https:\/\/api.w.org\/{rel}","templated":true}]}}