{"id":93931,"date":"2019-07-11T13:55:38","date_gmt":"2019-07-11T13:55:38","guid":{"rendered":"https:\/\/www.3p-gmbh.de\/produkt\/heidelberg-acier-dispositif-de-prereglage-pour-arbres-porte-lames\/"},"modified":"2019-07-11T13:55:38","modified_gmt":"2019-07-11T13:55:38","slug":"dispositif-de-prereglage-pour","status":"publish","type":"product","link":"https:\/\/www.3p-gmbh.de\/fr\/produkt\/dispositif-de-prereglage-pour\/","title":{"rendered":"Heidelberg \/ Acier Dispositif de pr\u00e9r\u00e9glage pour arbres porte-lames"},"content":{"rendered":"<ul>\n<li>dispositif mobile de pr\u00e9r\u00e9glage des arbres porte-couteaux \u00e0 l&rsquo;ext\u00e9rieur de la plieuse<\/li>\n<li>pour une largeur de travail jusqu&rsquo;\u00e0 112 cm<\/li>\n<\/ul>\n","protected":false},"excerpt":{"rendered":"<p>dispositif mobile de pr\u00e9r\u00e9glage des arbres porte-couteaux \u00e0 l&rsquo;ext\u00e9rieur de la plieuse pour une largeur de travail jusqu&rsquo;\u00e0 112 cm<\/p>\n","protected":false},"featured_media":55537,"template":"","meta":[],"product_brand":[],"product_cat":[2886],"product_tag":[],"class_list":{"0":"post-93931","1":"product","2":"type-product","3":"status-publish","4":"has-post-thumbnail","6":"product_cat-accessoires-pour-plieuses","7":"pa_baujahr-205","8":"pa_hersteller-heidelberg-stahl","9":"pa_typ-voreinstelleinrichtung-fuermesserwellen","11":"first","12":"instock","13":"sold-individually","14":"taxable","15":"shipping-taxable","16":"purchasable","17":"product-type-simple"},"jetpack_sharing_enabled":true,"_links":{"self":[{"href":"https:\/\/www.3p-gmbh.de\/fr\/wp-json\/wp\/v2\/product\/93931","targetHints":{"allow":["GET"]}}],"collection":[{"href":"https:\/\/www.3p-gmbh.de\/fr\/wp-json\/wp\/v2\/product"}],"about":[{"href":"https:\/\/www.3p-gmbh.de\/fr\/wp-json\/wp\/v2\/types\/product"}],"wp:featuredmedia":[{"embeddable":true,"href":"https:\/\/www.3p-gmbh.de\/fr\/wp-json\/wp\/v2\/media\/55537"}],"wp:attachment":[{"href":"https:\/\/www.3p-gmbh.de\/fr\/wp-json\/wp\/v2\/media?parent=93931"}],"wp:term":[{"taxonomy":"product_brand","embeddable":true,"href":"https:\/\/www.3p-gmbh.de\/fr\/wp-json\/wp\/v2\/product_brand?post=93931"},{"taxonomy":"product_cat","embeddable":true,"href":"https:\/\/www.3p-gmbh.de\/fr\/wp-json\/wp\/v2\/product_cat?post=93931"},{"taxonomy":"product_tag","embeddable":true,"href":"https:\/\/www.3p-gmbh.de\/fr\/wp-json\/wp\/v2\/product_tag?post=93931"}],"curies":[{"name":"wp","href":"https:\/\/api.w.org\/{rel}","templated":true}]}}