{"id":93923,"date":"2019-07-11T13:55:48","date_gmt":"2019-07-11T13:55:48","guid":{"rendered":"https:\/\/www.3p-gmbh.de\/produkt\/mbo-t-530-6-r-avec-plieuse-a-poches-as-540\/"},"modified":"2019-07-11T13:55:48","modified_gmt":"2019-07-11T13:55:48","slug":"plieuse-de-poche-9","status":"publish","type":"product","link":"https:\/\/www.3p-gmbh.de\/fr\/produkt\/plieuse-de-poche-9\/","title":{"rendered":"MBO T 530-6-R avec plieuse \u00e0 poches AS-540"},"content":{"rendered":"<ul>\n<li>id\u00e9al pour la production \u00e0 double usage<\/li>\n<li>Ann\u00e9e de construction 2004<\/li>\n<li>Format max. 53 x 84 cm<\/li>\n<li>Format min. 10,5 x 10,5 cm<\/li>\n<li>Rendement : 10 &#8211; 205 m\/min<\/li>\n<li>Margeur \u00e0 pile ronde avec commande MC et compteur \u00e0 pr\u00e9s\u00e9lection<\/li>\n<li>FW 1 avec 6 poches de pliage combin\u00e9es Niro Largeur d&rsquo;entr\u00e9e 53 cm, arbre porte-couteaux mont\u00e9 en aval par des axes enfichables, dispositif d&rsquo;insonorisation<\/li>\n<li>Pochette \u00e0 fen\u00eatre pliante WinPlate avec bo\u00eetier de commande<\/li>\n<li>Sortie en \u00e9cailles MBO AS-540<\/li>\n<\/ul>\n","protected":false},"excerpt":{"rendered":"<p>id\u00e9al pour la production \u00e0 double usage Ann\u00e9e de construction 2004 Format max. 53 x 84 cm Format min. 10,5 x 10,5 cm Rendement : 10 &#8211; 205 m\/min Margeur \u00e0 pile ronde avec commande MC et compteur \u00e0 pr\u00e9s\u00e9lection FW 1 avec 6 poches de pliage combin\u00e9es Niro Largeur d&rsquo;entr\u00e9e 53 cm, arbre porte-couteaux [&hellip;]<\/p>\n","protected":false},"featured_media":57081,"template":"","meta":[],"product_brand":[],"product_cat":[2984],"product_tag":[],"class_list":{"0":"post-93923","1":"product","2":"type-product","3":"status-publish","4":"has-post-thumbnail","6":"product_cat-plieuses-fr","7":"pa_baujahr-198","8":"pa_hersteller-mbo-oppenweiler","9":"pa_typ-t-530-6-r-mit-as-540-oder-sbap-46me","11":"first","12":"instock","13":"sold-individually","14":"taxable","15":"shipping-taxable","16":"purchasable","17":"product-type-simple"},"jetpack_sharing_enabled":true,"_links":{"self":[{"href":"https:\/\/www.3p-gmbh.de\/fr\/wp-json\/wp\/v2\/product\/93923","targetHints":{"allow":["GET"]}}],"collection":[{"href":"https:\/\/www.3p-gmbh.de\/fr\/wp-json\/wp\/v2\/product"}],"about":[{"href":"https:\/\/www.3p-gmbh.de\/fr\/wp-json\/wp\/v2\/types\/product"}],"wp:featuredmedia":[{"embeddable":true,"href":"https:\/\/www.3p-gmbh.de\/fr\/wp-json\/wp\/v2\/media\/57081"}],"wp:attachment":[{"href":"https:\/\/www.3p-gmbh.de\/fr\/wp-json\/wp\/v2\/media?parent=93923"}],"wp:term":[{"taxonomy":"product_brand","embeddable":true,"href":"https:\/\/www.3p-gmbh.de\/fr\/wp-json\/wp\/v2\/product_brand?post=93923"},{"taxonomy":"product_cat","embeddable":true,"href":"https:\/\/www.3p-gmbh.de\/fr\/wp-json\/wp\/v2\/product_cat?post=93923"},{"taxonomy":"product_tag","embeddable":true,"href":"https:\/\/www.3p-gmbh.de\/fr\/wp-json\/wp\/v2\/product_tag?post=93923"}],"curies":[{"name":"wp","href":"https:\/\/api.w.org\/{rel}","templated":true}]}}