{"id":93904,"date":"2019-07-11T13:55:48","date_gmt":"2019-07-11T13:55:48","guid":{"rendered":"https:\/\/www.3p-gmbh.de\/produkt\/morgana-autofold-pro-plieuse-numerique\/"},"modified":"2019-07-11T13:55:48","modified_gmt":"2019-07-11T13:55:48","slug":"plieuse-numerique","status":"publish","type":"product","link":"https:\/\/www.3p-gmbh.de\/fr\/produkt\/plieuse-numerique\/","title":{"rendered":"Morgana Autofold Pro plieuse num\u00e9rique"},"content":{"rendered":"<p>Le partenaire id\u00e9al pour une raineuse ! L&rsquo;AutoFold Pro est une plieuse autonome enti\u00e8rement automatique destin\u00e9e aux utilisateurs qui utilisent d\u00e9j\u00e0 une raineuse \/ perforatrice. Elle peut \u00eatre connect\u00e9e en ligne avec de nombreux mod\u00e8les de machines de rainage \/ perforation. Elle peut traiter des feuilles d&rsquo;un grammage allant jusqu&rsquo;\u00e0 400 g\/m\u00b2.<\/p>\n<p>Une bande transporteuse r\u00e9glable en hauteur assure la transition vers une machine de rainage \/ perforation. Il prend en charge les arcs et les aligne. Au lieu des poches de pliage habituelles, l&rsquo;AutoFold Pro utilise une lame de pliage \u00e0 commande \u00e9lectronique (\u00ab\u00a0Flying Knife\u00a0\u00bb). Un aiguillage dynamique de feuilles n&rsquo;entre en contact qu&rsquo;avec le bord avant du papier. Cela permet d&rsquo;\u00e9viter les marques et les rayures sur le mat\u00e9riel. Le r\u00e9sultat est un produit final parfait avec un pli bien net. Les feuilles termin\u00e9es sont d\u00e9pos\u00e9es dans un bac de r\u00e9ception en \u00e9cailles d&rsquo;une grande capacit\u00e9. L&rsquo;AutoFold Pro est \u00e9quip\u00e9 d&rsquo;un \u00e9cran tactile couleur qui permet de contr\u00f4ler, de programmer et de g\u00e9rer enti\u00e8rement la m\u00e9moire des t\u00e2ches de la machine.<\/p>\n<ul>\n<li>Formats de papier : min. 160 x 140 mm max. 600 x 385 mm<\/li>\n<li>Feuilles jusqu&rsquo;\u00e0 400 g\/ m\u00b2<\/li>\n<li>R\u00e9glage automatique du pliage<\/li>\n<li>utilisation via un \u00e9cran tactile en couleur<\/li>\n<li>99 m\u00e9moires de programme<\/li>\n<\/ul>\n","protected":false},"excerpt":{"rendered":"<p>Le partenaire id\u00e9al pour une raineuse ! L&rsquo;AutoFold Pro est une plieuse autonome enti\u00e8rement automatique destin\u00e9e aux utilisateurs qui utilisent d\u00e9j\u00e0 une raineuse \/ perforatrice. Elle peut \u00eatre connect\u00e9e en ligne avec de nombreux mod\u00e8les de machines de rainage \/ perforation. Elle peut traiter des feuilles d&rsquo;un grammage allant jusqu&rsquo;\u00e0 400 g\/m\u00b2. Une bande transporteuse [&hellip;]<\/p>\n","protected":false},"featured_media":55555,"template":"","meta":[],"product_brand":[],"product_cat":[2984],"product_tag":[],"class_list":{"0":"post-93904","1":"product","2":"type-product","3":"status-publish","4":"has-post-thumbnail","6":"product_cat-plieuses-fr","7":"pa_baujahr-145","8":"pa_hersteller-morgana","9":"pa_typ-autofold-pro","11":"first","12":"instock","13":"sold-individually","14":"taxable","15":"shipping-taxable","16":"purchasable","17":"product-type-simple"},"jetpack_sharing_enabled":true,"_links":{"self":[{"href":"https:\/\/www.3p-gmbh.de\/fr\/wp-json\/wp\/v2\/product\/93904","targetHints":{"allow":["GET"]}}],"collection":[{"href":"https:\/\/www.3p-gmbh.de\/fr\/wp-json\/wp\/v2\/product"}],"about":[{"href":"https:\/\/www.3p-gmbh.de\/fr\/wp-json\/wp\/v2\/types\/product"}],"wp:featuredmedia":[{"embeddable":true,"href":"https:\/\/www.3p-gmbh.de\/fr\/wp-json\/wp\/v2\/media\/55555"}],"wp:attachment":[{"href":"https:\/\/www.3p-gmbh.de\/fr\/wp-json\/wp\/v2\/media?parent=93904"}],"wp:term":[{"taxonomy":"product_brand","embeddable":true,"href":"https:\/\/www.3p-gmbh.de\/fr\/wp-json\/wp\/v2\/product_brand?post=93904"},{"taxonomy":"product_cat","embeddable":true,"href":"https:\/\/www.3p-gmbh.de\/fr\/wp-json\/wp\/v2\/product_cat?post=93904"},{"taxonomy":"product_tag","embeddable":true,"href":"https:\/\/www.3p-gmbh.de\/fr\/wp-json\/wp\/v2\/product_tag?post=93904"}],"curies":[{"name":"wp","href":"https:\/\/api.w.org\/{rel}","templated":true}]}}