{"id":93903,"date":"2019-07-11T13:55:48","date_gmt":"2019-07-11T13:55:48","guid":{"rendered":"https:\/\/www.3p-gmbh.de\/produkt\/guk-fa-52-6-4-k-fl-plieuse-combinee\/"},"modified":"2019-07-11T13:55:48","modified_gmt":"2019-07-11T13:55:48","slug":"plieuse-combinee-3","status":"publish","type":"product","link":"https:\/\/www.3p-gmbh.de\/fr\/produkt\/plieuse-combinee-3\/","title":{"rendered":"GUK FA 52-6-4-K-FL Plieuse combin\u00e9e"},"content":{"rendered":"<ul>\n<li>Ann\u00e9e de construction : 1995<\/li>\n<li>Margeur \u00e0 pile plate Gremser<\/li>\n<li>1 FW 6 poches 52 cm de largeur d&rsquo;entr\u00e9e<\/li>\n<li>2 FW 4 poches 52 cm Largeur d&rsquo;entr\u00e9e<\/li>\n<li>fracture crois\u00e9e mobile EK.420<\/li>\n<li>Pr\u00e9sentoir mobile en \u00e9cailles SA 52<\/li>\n<\/ul>\n","protected":false},"excerpt":{"rendered":"<p>Ann\u00e9e de construction : 1995 Margeur \u00e0 pile plate Gremser 1 FW 6 poches 52 cm de largeur d&rsquo;entr\u00e9e 2 FW 4 poches 52 cm Largeur d&rsquo;entr\u00e9e fracture crois\u00e9e mobile EK.420 Pr\u00e9sentoir mobile en \u00e9cailles SA 52<\/p>\n","protected":false},"featured_media":60122,"template":"","meta":[],"product_brand":[],"product_cat":[2984],"product_tag":[],"class_list":{"0":"post-93903","1":"product","2":"type-product","3":"status-publish","4":"has-post-thumbnail","6":"product_cat-plieuses-fr","7":"pa_baujahr-194","8":"pa_hersteller-grieser-kunzmann","9":"pa_typ-guk-fa-52-6-4-k-fl","11":"first","12":"instock","13":"sold-individually","14":"taxable","15":"shipping-taxable","16":"purchasable","17":"product-type-simple"},"jetpack_sharing_enabled":true,"_links":{"self":[{"href":"https:\/\/www.3p-gmbh.de\/fr\/wp-json\/wp\/v2\/product\/93903","targetHints":{"allow":["GET"]}}],"collection":[{"href":"https:\/\/www.3p-gmbh.de\/fr\/wp-json\/wp\/v2\/product"}],"about":[{"href":"https:\/\/www.3p-gmbh.de\/fr\/wp-json\/wp\/v2\/types\/product"}],"wp:featuredmedia":[{"embeddable":true,"href":"https:\/\/www.3p-gmbh.de\/fr\/wp-json\/wp\/v2\/media\/60122"}],"wp:attachment":[{"href":"https:\/\/www.3p-gmbh.de\/fr\/wp-json\/wp\/v2\/media?parent=93903"}],"wp:term":[{"taxonomy":"product_brand","embeddable":true,"href":"https:\/\/www.3p-gmbh.de\/fr\/wp-json\/wp\/v2\/product_brand?post=93903"},{"taxonomy":"product_cat","embeddable":true,"href":"https:\/\/www.3p-gmbh.de\/fr\/wp-json\/wp\/v2\/product_cat?post=93903"},{"taxonomy":"product_tag","embeddable":true,"href":"https:\/\/www.3p-gmbh.de\/fr\/wp-json\/wp\/v2\/product_tag?post=93903"}],"curies":[{"name":"wp","href":"https:\/\/api.w.org\/{rel}","templated":true}]}}