{"id":93898,"date":"2019-07-11T13:55:48","date_gmt":"2019-07-11T13:55:48","guid":{"rendered":"https:\/\/www.3p-gmbh.de\/produkt\/mbo-t-800-6-4-2-fp-plieuse-a-poches-32-pages\/"},"modified":"2019-07-11T13:55:48","modified_gmt":"2019-07-11T13:55:48","slug":"plieuse-a-poches-32-pages","status":"publish","type":"product","link":"https:\/\/www.3p-gmbh.de\/fr\/produkt\/plieuse-a-poches-32-pages\/","title":{"rendered":"MBO T 800-6-4-2-FP Plieuse \u00e0 poches 32 pages"},"content":{"rendered":"<ul>\n<li>plieuse de poches combin\u00e9e \u00e0 r\u00e9glage semi-automatique<\/li>\n<li>Margeur de palettes FP 800.1-95 avec Vaculift et commande par navigateur<\/li>\n<li>FW 1 avec 6 poches r\u00e9glables par moteur 76cm<\/li>\n<li>FW 2 avec HighSpeed Guides, 4 poches r\u00e9glables par moteur 76cm<\/li>\n<li>FW 3 avec HighSpeed Guides, 2 poches r\u00e9glables par moteur 56cm<\/li>\n<li>Pochette \u00e0 fen\u00eatre pliante<\/li>\n<li>fracture crois\u00e9e mobile MBO Z2<\/li>\n<li>Sortie verticale en arc debout avec pressage MBO FA 82-ME Navigator<\/li>\n<li>mobile et r\u00e9glable en hauteur<\/li>\n<li>Largeur de travail 82cm<\/li>\n<li>station de pressage int\u00e9gr\u00e9e<\/li>\n<li>Dispositif de marquage avec compteur \u00e0 pr\u00e9s\u00e9lection<\/li>\n<\/ul>\n","protected":false},"excerpt":{"rendered":"<p>plieuse de poches combin\u00e9e \u00e0 r\u00e9glage semi-automatique Margeur de palettes FP 800.1-95 avec Vaculift et commande par navigateur FW 1 avec 6 poches r\u00e9glables par moteur 76cm FW 2 avec HighSpeed Guides, 4 poches r\u00e9glables par moteur 76cm FW 3 avec HighSpeed Guides, 2 poches r\u00e9glables par moteur 56cm Pochette \u00e0 fen\u00eatre pliante fracture crois\u00e9e [&hellip;]<\/p>\n","protected":false},"featured_media":55565,"template":"","meta":[],"product_brand":[],"product_cat":[2984],"product_tag":[],"class_list":{"0":"post-93898","1":"product","2":"type-product","3":"status-publish","4":"has-post-thumbnail","6":"product_cat-plieuses-fr","7":"pa_baujahr-182","8":"pa_hersteller-mbo-oppenweiler","9":"pa_typ-t-800-6-4-2-fp-auto-navigator-z2","11":"first","12":"instock","13":"sold-individually","14":"taxable","15":"shipping-taxable","16":"purchasable","17":"product-type-simple"},"jetpack_sharing_enabled":true,"_links":{"self":[{"href":"https:\/\/www.3p-gmbh.de\/fr\/wp-json\/wp\/v2\/product\/93898","targetHints":{"allow":["GET"]}}],"collection":[{"href":"https:\/\/www.3p-gmbh.de\/fr\/wp-json\/wp\/v2\/product"}],"about":[{"href":"https:\/\/www.3p-gmbh.de\/fr\/wp-json\/wp\/v2\/types\/product"}],"wp:featuredmedia":[{"embeddable":true,"href":"https:\/\/www.3p-gmbh.de\/fr\/wp-json\/wp\/v2\/media\/55565"}],"wp:attachment":[{"href":"https:\/\/www.3p-gmbh.de\/fr\/wp-json\/wp\/v2\/media?parent=93898"}],"wp:term":[{"taxonomy":"product_brand","embeddable":true,"href":"https:\/\/www.3p-gmbh.de\/fr\/wp-json\/wp\/v2\/product_brand?post=93898"},{"taxonomy":"product_cat","embeddable":true,"href":"https:\/\/www.3p-gmbh.de\/fr\/wp-json\/wp\/v2\/product_cat?post=93898"},{"taxonomy":"product_tag","embeddable":true,"href":"https:\/\/www.3p-gmbh.de\/fr\/wp-json\/wp\/v2\/product_tag?post=93898"}],"curies":[{"name":"wp","href":"https:\/\/api.w.org\/{rel}","templated":true}]}}