{"id":93896,"date":"2019-07-11T13:55:48","date_gmt":"2019-07-11T13:55:48","guid":{"rendered":"https:\/\/www.3p-gmbh.de\/produkt\/heidelberg-acier-ffp-94-pochette-a-fenetre-pliable\/"},"modified":"2019-07-11T13:55:48","modified_gmt":"2019-07-11T13:55:48","slug":"pliage-a-lancienne","status":"publish","type":"product","link":"https:\/\/www.3p-gmbh.de\/fr\/produkt\/pliage-a-lancienne\/","title":{"rendered":"Heidelberg \/ Acier FFP 94 Pochette \u00e0 fen\u00eatre pliable"},"content":{"rendered":"<ul>\n<li>Pochette de pliage de fen\u00eatre pneumatique 94 cm<\/li>\n<li>avec unit\u00e9 de contr\u00f4le Acc 2.x et capteur Omron adapt\u00e9 aux plieuses en acier<\/li>\n<li>Commande num\u00e9rique avec ACC 2.4 pour d\u00e9terminer avec pr\u00e9cision les moments de commutation<\/li>\n<li>Utilisation simple, temps de r\u00e9glage court<\/li>\n<li>Jusqu&rsquo;\u00e0 15 000 cycles par heure possibles en fonctionnement continu<\/li>\n<li>Espacement minimal des volets de 0,5 \u00e0 1 millim\u00e8tre selon l&rsquo;\u00e9paisseur du papier<\/li>\n<li>Construction particuli\u00e8rement plate, utilisation dans chaque position de poche<\/li>\n<\/ul>\n","protected":false},"excerpt":{"rendered":"<p>Pochette de pliage de fen\u00eatre pneumatique 94 cm avec unit\u00e9 de contr\u00f4le Acc 2.x et capteur Omron adapt\u00e9 aux plieuses en acier Commande num\u00e9rique avec ACC 2.4 pour d\u00e9terminer avec pr\u00e9cision les moments de commutation Utilisation simple, temps de r\u00e9glage court Jusqu&rsquo;\u00e0 15 000 cycles par heure possibles en fonctionnement continu Espacement minimal des volets [&hellip;]<\/p>\n","protected":false},"featured_media":55557,"template":"","meta":[],"product_brand":[],"product_cat":[2886],"product_tag":[],"class_list":{"0":"post-93896","1":"product","2":"type-product","3":"status-publish","4":"has-post-thumbnail","6":"product_cat-accessoires-pour-plieuses","7":"pa_baujahr-153","8":"pa_hersteller-heidelberg-stahl","9":"pa_typ-pneumatische-fensterfalztasche-ffp-94","11":"first","12":"instock","13":"sold-individually","14":"taxable","15":"shipping-taxable","16":"purchasable","17":"product-type-simple"},"jetpack_sharing_enabled":true,"_links":{"self":[{"href":"https:\/\/www.3p-gmbh.de\/fr\/wp-json\/wp\/v2\/product\/93896","targetHints":{"allow":["GET"]}}],"collection":[{"href":"https:\/\/www.3p-gmbh.de\/fr\/wp-json\/wp\/v2\/product"}],"about":[{"href":"https:\/\/www.3p-gmbh.de\/fr\/wp-json\/wp\/v2\/types\/product"}],"wp:featuredmedia":[{"embeddable":true,"href":"https:\/\/www.3p-gmbh.de\/fr\/wp-json\/wp\/v2\/media\/55557"}],"wp:attachment":[{"href":"https:\/\/www.3p-gmbh.de\/fr\/wp-json\/wp\/v2\/media?parent=93896"}],"wp:term":[{"taxonomy":"product_brand","embeddable":true,"href":"https:\/\/www.3p-gmbh.de\/fr\/wp-json\/wp\/v2\/product_brand?post=93896"},{"taxonomy":"product_cat","embeddable":true,"href":"https:\/\/www.3p-gmbh.de\/fr\/wp-json\/wp\/v2\/product_cat?post=93896"},{"taxonomy":"product_tag","embeddable":true,"href":"https:\/\/www.3p-gmbh.de\/fr\/wp-json\/wp\/v2\/product_tag?post=93896"}],"curies":[{"name":"wp","href":"https:\/\/api.w.org\/{rel}","templated":true}]}}