{"id":93885,"date":"2019-07-11T13:55:48","date_gmt":"2019-07-11T13:55:48","guid":{"rendered":"https:\/\/www.3p-gmbh.de\/produkt\/heidelberg-stahl-ftf-66-pochette-a-fenetre-pliante\/"},"modified":"2019-07-11T13:55:48","modified_gmt":"2019-07-11T13:55:48","slug":"poche-a-soufflet-pour-fenetre-2","status":"publish","type":"product","link":"https:\/\/www.3p-gmbh.de\/fr\/produkt\/poche-a-soufflet-pour-fenetre-2\/","title":{"rendered":"Heidelberg Stahl FTF 66 Pochette \u00e0 fen\u00eatre pliante"},"content":{"rendered":"<p>poche de pliage de fen\u00eatre pneumatique 66 cm entr\u00e9e avec capteur d&rsquo;entr\u00e9e et unit\u00e9 de contr\u00f4le ACC<\/p>\n","protected":false},"excerpt":{"rendered":"<p>poche de pliage de fen\u00eatre pneumatique 66 cm entr\u00e9e avec capteur d&rsquo;entr\u00e9e et unit\u00e9 de contr\u00f4le ACC<\/p>\n","protected":false},"featured_media":55578,"template":"","meta":[],"product_brand":[],"product_cat":[2886],"product_tag":[],"class_list":{"0":"post-93885","1":"product","2":"type-product","3":"status-publish","4":"has-post-thumbnail","6":"product_cat-accessoires-pour-plieuses","7":"pa_baujahr-205","8":"pa_hersteller-heidelberg","9":"pa_typ-stahlfolder-ftf-66","11":"first","12":"instock","13":"sold-individually","14":"taxable","15":"shipping-taxable","16":"purchasable","17":"product-type-simple"},"jetpack_sharing_enabled":true,"_links":{"self":[{"href":"https:\/\/www.3p-gmbh.de\/fr\/wp-json\/wp\/v2\/product\/93885","targetHints":{"allow":["GET"]}}],"collection":[{"href":"https:\/\/www.3p-gmbh.de\/fr\/wp-json\/wp\/v2\/product"}],"about":[{"href":"https:\/\/www.3p-gmbh.de\/fr\/wp-json\/wp\/v2\/types\/product"}],"wp:featuredmedia":[{"embeddable":true,"href":"https:\/\/www.3p-gmbh.de\/fr\/wp-json\/wp\/v2\/media\/55578"}],"wp:attachment":[{"href":"https:\/\/www.3p-gmbh.de\/fr\/wp-json\/wp\/v2\/media?parent=93885"}],"wp:term":[{"taxonomy":"product_brand","embeddable":true,"href":"https:\/\/www.3p-gmbh.de\/fr\/wp-json\/wp\/v2\/product_brand?post=93885"},{"taxonomy":"product_cat","embeddable":true,"href":"https:\/\/www.3p-gmbh.de\/fr\/wp-json\/wp\/v2\/product_cat?post=93885"},{"taxonomy":"product_tag","embeddable":true,"href":"https:\/\/www.3p-gmbh.de\/fr\/wp-json\/wp\/v2\/product_tag?post=93885"}],"curies":[{"name":"wp","href":"https:\/\/api.w.org\/{rel}","templated":true}]}}