{"id":93884,"date":"2019-07-11T13:55:48","date_gmt":"2019-07-11T13:55:48","guid":{"rendered":"https:\/\/www.3p-gmbh.de\/produkt\/mbo-t-800-6-6-r-plieuse-a-poches\/"},"modified":"2019-07-11T13:55:48","modified_gmt":"2019-07-11T13:55:48","slug":"plieuse-de-poche-10","status":"publish","type":"product","link":"https:\/\/www.3p-gmbh.de\/fr\/produkt\/plieuse-de-poche-10\/","title":{"rendered":"MBO T 800-6-6-R Plieuse \u00e0 poches"},"content":{"rendered":"<ul>\n<li>avec ASP 66 ME et HHS Watersoring<\/li>\n<li>Margeur \u00e0 collage circulaire Dualfeed avec MC Kontrol et syst\u00e8me d&rsquo;alimentation en feuilles Vivas par bandes aspirantes<\/li>\n<li>Plieuse 1, 6 poches 78cm, cassette simple \u00e0 arbre porte-couteaux, rouleaux de pliage Niro Watersoring, 3x Tricraeser Fit<\/li>\n<li>Plieuse 2, 6 poches 76cm, rouleaux de pliage ViroTec arbre porte-couteaux en aval<\/li>\n<li>Syst\u00e8me de watersoring HHS sur chariot de transport avec r\u00e9servoir de 15 litres, 4 buses DW-502 et commande de canal HHS XT-E4 (sans le syst\u00e8me hotmelt illustr\u00e9)<\/li>\n<li>Pochette \u00e0 fen\u00eatre WinPlate<\/li>\n<li>Sortie de presse \u00e0 \u00e9cailles MBO ASP 66 ME avec dispositif de marquage<\/li>\n<\/ul>\n","protected":false},"excerpt":{"rendered":"<p>avec ASP 66 ME et HHS Watersoring Margeur \u00e0 collage circulaire Dualfeed avec MC Kontrol et syst\u00e8me d&rsquo;alimentation en feuilles Vivas par bandes aspirantes Plieuse 1, 6 poches 78cm, cassette simple \u00e0 arbre porte-couteaux, rouleaux de pliage Niro Watersoring, 3x Tricraeser Fit Plieuse 2, 6 poches 76cm, rouleaux de pliage ViroTec arbre porte-couteaux en aval [&hellip;]<\/p>\n","protected":false},"featured_media":55571,"template":"","meta":[],"product_brand":[],"product_cat":[2984],"product_tag":[],"class_list":{"0":"post-93884","1":"product","2":"type-product","3":"status-publish","4":"has-post-thumbnail","6":"product_cat-plieuses-fr","7":"pa_baujahr-137","8":"pa_hersteller-mbo","9":"pa_typ-mbo-t-800-6-6-r-mit-asp-66-me","11":"first","12":"instock","13":"sold-individually","14":"taxable","15":"shipping-taxable","16":"purchasable","17":"product-type-simple"},"jetpack_sharing_enabled":true,"_links":{"self":[{"href":"https:\/\/www.3p-gmbh.de\/fr\/wp-json\/wp\/v2\/product\/93884","targetHints":{"allow":["GET"]}}],"collection":[{"href":"https:\/\/www.3p-gmbh.de\/fr\/wp-json\/wp\/v2\/product"}],"about":[{"href":"https:\/\/www.3p-gmbh.de\/fr\/wp-json\/wp\/v2\/types\/product"}],"wp:featuredmedia":[{"embeddable":true,"href":"https:\/\/www.3p-gmbh.de\/fr\/wp-json\/wp\/v2\/media\/55571"}],"wp:attachment":[{"href":"https:\/\/www.3p-gmbh.de\/fr\/wp-json\/wp\/v2\/media?parent=93884"}],"wp:term":[{"taxonomy":"product_brand","embeddable":true,"href":"https:\/\/www.3p-gmbh.de\/fr\/wp-json\/wp\/v2\/product_brand?post=93884"},{"taxonomy":"product_cat","embeddable":true,"href":"https:\/\/www.3p-gmbh.de\/fr\/wp-json\/wp\/v2\/product_cat?post=93884"},{"taxonomy":"product_tag","embeddable":true,"href":"https:\/\/www.3p-gmbh.de\/fr\/wp-json\/wp\/v2\/product_tag?post=93884"}],"curies":[{"name":"wp","href":"https:\/\/api.w.org\/{rel}","templated":true}]}}