{"id":93879,"date":"2019-07-11T13:55:48","date_gmt":"2019-07-11T13:55:48","guid":{"rendered":"https:\/\/www.3p-gmbh.de\/produkt\/mbo-k-66-6-sktl-r-a-76-plieuse-combinee\/"},"modified":"2019-07-11T13:55:48","modified_gmt":"2019-07-11T13:55:48","slug":"plieuse-combinee-4","status":"publish","type":"product","link":"https:\/\/www.3p-gmbh.de\/fr\/produkt\/plieuse-combinee-4\/","title":{"rendered":"MBO K 66-6-SKTL-R A-76 Plieuse combin\u00e9e"},"content":{"rendered":"<ul>\n<li>Format 66&#215;128 cm<\/li>\n<li>Margeur \u00e0 pile ronde R-66<\/li>\n<li>MC-Control<\/li>\n<li>6 poches Largeur d&rsquo;entr\u00e9e 66cm, arbre porte-lames en aval<\/li>\n<li>1 \u00e9p\u00e9e<\/li>\n<li>1 poche couch\u00e9e<\/li>\n<li>1 \u00e9p\u00e9e<\/li>\n<li>Sortie d&rsquo;\u00e9cailles A 76<\/li>\n<li>Pochette \u00e0 fen\u00eatre pliante FTF 66<\/li>\n<\/ul>\n","protected":false},"excerpt":{"rendered":"<p>Format 66&#215;128 cm Margeur \u00e0 pile ronde R-66 MC-Control 6 poches Largeur d&rsquo;entr\u00e9e 66cm, arbre porte-lames en aval 1 \u00e9p\u00e9e 1 poche couch\u00e9e 1 \u00e9p\u00e9e Sortie d&rsquo;\u00e9cailles A 76 Pochette \u00e0 fen\u00eatre pliante FTF 66<\/p>\n","protected":false},"featured_media":55582,"template":"","meta":[],"product_brand":[],"product_cat":[2984],"product_tag":[],"class_list":{"0":"post-93879","1":"product","2":"type-product","3":"status-publish","4":"has-post-thumbnail","6":"product_cat-plieuses-fr","7":"pa_baujahr-209","8":"pa_hersteller-mbo","9":"pa_typ-k-66-6-sktl-r-a-76","11":"first","12":"instock","13":"sold-individually","14":"taxable","15":"shipping-taxable","16":"purchasable","17":"product-type-simple"},"jetpack_sharing_enabled":true,"_links":{"self":[{"href":"https:\/\/www.3p-gmbh.de\/fr\/wp-json\/wp\/v2\/product\/93879","targetHints":{"allow":["GET"]}}],"collection":[{"href":"https:\/\/www.3p-gmbh.de\/fr\/wp-json\/wp\/v2\/product"}],"about":[{"href":"https:\/\/www.3p-gmbh.de\/fr\/wp-json\/wp\/v2\/types\/product"}],"wp:featuredmedia":[{"embeddable":true,"href":"https:\/\/www.3p-gmbh.de\/fr\/wp-json\/wp\/v2\/media\/55582"}],"wp:attachment":[{"href":"https:\/\/www.3p-gmbh.de\/fr\/wp-json\/wp\/v2\/media?parent=93879"}],"wp:term":[{"taxonomy":"product_brand","embeddable":true,"href":"https:\/\/www.3p-gmbh.de\/fr\/wp-json\/wp\/v2\/product_brand?post=93879"},{"taxonomy":"product_cat","embeddable":true,"href":"https:\/\/www.3p-gmbh.de\/fr\/wp-json\/wp\/v2\/product_cat?post=93879"},{"taxonomy":"product_tag","embeddable":true,"href":"https:\/\/www.3p-gmbh.de\/fr\/wp-json\/wp\/v2\/product_tag?post=93879"}],"curies":[{"name":"wp","href":"https:\/\/api.w.org\/{rel}","templated":true}]}}