{"id":93859,"date":"2019-07-11T13:55:48","date_gmt":"2019-07-11T13:55:48","guid":{"rendered":"https:\/\/www.3p-gmbh.de\/produkt\/heidelberg-stahl-table-inclinee-mobile-reglable-en-hauteur-srt-56-f-re-d-station-de-finition\/"},"modified":"2019-07-11T13:55:48","modified_gmt":"2019-07-11T13:55:48","slug":"table-a-rallonge-inclinable","status":"publish","type":"product","link":"https:\/\/www.3p-gmbh.de\/fr\/produkt\/table-a-rallonge-inclinable\/","title":{"rendered":"Heidelberg Stahl table inclin\u00e9e mobile r\u00e9glable en hauteur SRT 56 F-re-D (station de finition)"},"content":{"rendered":"<ul>\n<li>table mobile inclin\u00e9e r\u00e9glable en hauteur SRT 56 G-F-re-D (station de finition) avec tasseau \u00e0 billes et commande DCT<\/li>\n<li>Largeur d&rsquo;entr\u00e9e 56 cm<\/li>\n<\/ul>\n","protected":false},"excerpt":{"rendered":"<p>table mobile inclin\u00e9e r\u00e9glable en hauteur SRT 56 G-F-re-D (station de finition) avec tasseau \u00e0 billes et commande DCT Largeur d&rsquo;entr\u00e9e 56 cm<\/p>\n","protected":false},"featured_media":55591,"template":"","meta":[],"product_brand":[],"product_cat":[2984],"product_tag":[],"class_list":{"0":"post-93859","1":"product","2":"type-product","3":"status-publish","4":"has-post-thumbnail","6":"product_cat-plieuses-fr","7":"pa_baujahr-130","8":"pa_hersteller-heidelberg-stahl","9":"pa_typ-srt-56-g-f-re-d","11":"first","12":"instock","13":"sold-individually","14":"taxable","15":"shipping-taxable","16":"purchasable","17":"product-type-simple"},"jetpack_sharing_enabled":true,"_links":{"self":[{"href":"https:\/\/www.3p-gmbh.de\/fr\/wp-json\/wp\/v2\/product\/93859","targetHints":{"allow":["GET"]}}],"collection":[{"href":"https:\/\/www.3p-gmbh.de\/fr\/wp-json\/wp\/v2\/product"}],"about":[{"href":"https:\/\/www.3p-gmbh.de\/fr\/wp-json\/wp\/v2\/types\/product"}],"wp:featuredmedia":[{"embeddable":true,"href":"https:\/\/www.3p-gmbh.de\/fr\/wp-json\/wp\/v2\/media\/55591"}],"wp:attachment":[{"href":"https:\/\/www.3p-gmbh.de\/fr\/wp-json\/wp\/v2\/media?parent=93859"}],"wp:term":[{"taxonomy":"product_brand","embeddable":true,"href":"https:\/\/www.3p-gmbh.de\/fr\/wp-json\/wp\/v2\/product_brand?post=93859"},{"taxonomy":"product_cat","embeddable":true,"href":"https:\/\/www.3p-gmbh.de\/fr\/wp-json\/wp\/v2\/product_cat?post=93859"},{"taxonomy":"product_tag","embeddable":true,"href":"https:\/\/www.3p-gmbh.de\/fr\/wp-json\/wp\/v2\/product_tag?post=93859"}],"curies":[{"name":"wp","href":"https:\/\/api.w.org\/{rel}","templated":true}]}}