{"id":93855,"date":"2019-07-11T13:55:58","date_gmt":"2019-07-11T13:55:58","guid":{"rendered":"https:\/\/www.3p-gmbh.de\/produkt\/horizon-afc-566-fkt-plieuse-combinee-entierement-automatique\/"},"modified":"2019-07-11T13:55:58","modified_gmt":"2019-07-11T13:55:58","slug":"plieuse-combinee-entierement-automatique","status":"publish","type":"product","link":"https:\/\/www.3p-gmbh.de\/fr\/produkt\/plieuse-combinee-entierement-automatique\/","title":{"rendered":"Horizon AFC-566 FKT Plieuse combin\u00e9e enti\u00e8rement automatique"},"content":{"rendered":"<ul>\n<li>plieuse combin\u00e9e \u00e0 r\u00e9glage enti\u00e8rement automatique avec sortie en \u00e9cailles<\/li>\n<li>Enti\u00e8rement automatique, du margeur \u00e0 l&rsquo;\u00e9cartement des rouleaux<\/li>\n<li>Des r\u00e9glages au milli\u00e8me de millim\u00e8tre pr\u00e8s<\/li>\n<li>Z\u00e9ro g\u00e2che pour les commandes r\u00e9p\u00e9titives<\/li>\n<li>Technologie Touch&amp;work &#8211; centrale et facile \u00e0 utiliser<\/li>\n<li>T\u00e9l\u00e9commande sans fil pour des corrections fines<\/li>\n<li>Plieuse avec 6 poches<\/li>\n<li>1 lame de pliage avec r\u00e9glage enti\u00e8rement automatique<\/li>\n<li>1 poche de pliage en aval<\/li>\n<li>Technologie Touch&amp;Work<\/li>\n<li>17 types de pliage standard<\/li>\n<li>M\u00e9moire des t\u00e2ches : 200<\/li>\n<li>Installation en quelques secondes<\/li>\n<li>D\u00e9tection de double feuille<\/li>\n<li>Surveillance de la course de l&rsquo;arc<\/li>\n<li>Dispositif de rainage et de perforation<\/li>\n<li>Puissance : max. 50.000 cycles\/h<\/li>\n<li>Poids du papier : 40-250g\/qm<\/li>\n<li>Hauteur d&#8217;empilage du margeur : 740mm<\/li>\n<li>Format : min. 128x148mm max. 558x850mm<\/li>\n<li>Compresseur T4.40<\/li>\n<\/ul>\n<p>Comme options :<\/p>\n<ul>\n<li>Dispositif de collage \u00e0 froid HHS avec contr\u00f4leur \u00e0 2 canaux et une t\u00eate de collage<\/li>\n<li>3 rouleaux de pliage segment\u00e9s pour Horizon AFC 566\/546 FW 1<\/li>\n<li>Poche de pliage de fen\u00eatre GFB-56 avec capteur et unit\u00e9 de contr\u00f4le<\/li>\n<li>\u00c9p\u00e9e mobile de rupture de croix Horizon MKU-54<\/li>\n<\/ul>\n","protected":false},"excerpt":{"rendered":"<p>plieuse combin\u00e9e \u00e0 r\u00e9glage enti\u00e8rement automatique avec sortie en \u00e9cailles Enti\u00e8rement automatique, du margeur \u00e0 l&rsquo;\u00e9cartement des rouleaux Des r\u00e9glages au milli\u00e8me de millim\u00e8tre pr\u00e8s Z\u00e9ro g\u00e2che pour les commandes r\u00e9p\u00e9titives Technologie Touch&amp;work &#8211; centrale et facile \u00e0 utiliser T\u00e9l\u00e9commande sans fil pour des corrections fines Plieuse avec 6 poches 1 lame de pliage avec [&hellip;]<\/p>\n","protected":false},"featured_media":57076,"template":"","meta":[],"product_brand":[],"product_cat":[2984],"product_tag":[],"class_list":{"0":"post-93855","1":"product","2":"type-product","3":"status-publish","4":"has-post-thumbnail","6":"product_cat-plieuses-fr","7":"pa_baujahr-205","8":"pa_hersteller-horizon","9":"pa_typ-afc-566-fkt","11":"first","12":"instock","13":"sold-individually","14":"taxable","15":"shipping-taxable","16":"purchasable","17":"product-type-simple"},"jetpack_sharing_enabled":true,"_links":{"self":[{"href":"https:\/\/www.3p-gmbh.de\/fr\/wp-json\/wp\/v2\/product\/93855","targetHints":{"allow":["GET"]}}],"collection":[{"href":"https:\/\/www.3p-gmbh.de\/fr\/wp-json\/wp\/v2\/product"}],"about":[{"href":"https:\/\/www.3p-gmbh.de\/fr\/wp-json\/wp\/v2\/types\/product"}],"wp:featuredmedia":[{"embeddable":true,"href":"https:\/\/www.3p-gmbh.de\/fr\/wp-json\/wp\/v2\/media\/57076"}],"wp:attachment":[{"href":"https:\/\/www.3p-gmbh.de\/fr\/wp-json\/wp\/v2\/media?parent=93855"}],"wp:term":[{"taxonomy":"product_brand","embeddable":true,"href":"https:\/\/www.3p-gmbh.de\/fr\/wp-json\/wp\/v2\/product_brand?post=93855"},{"taxonomy":"product_cat","embeddable":true,"href":"https:\/\/www.3p-gmbh.de\/fr\/wp-json\/wp\/v2\/product_cat?post=93855"},{"taxonomy":"product_tag","embeddable":true,"href":"https:\/\/www.3p-gmbh.de\/fr\/wp-json\/wp\/v2\/product_tag?post=93855"}],"curies":[{"name":"wp","href":"https:\/\/api.w.org\/{rel}","templated":true}]}}