{"id":93850,"date":"2019-07-11T13:55:58","date_gmt":"2019-07-11T13:55:58","guid":{"rendered":"https:\/\/www.3p-gmbh.de\/produkt\/guk-fa-74-6-ktl-f4-sa-plieuse-combinee-16-pages\/"},"modified":"2019-07-11T13:55:58","modified_gmt":"2019-07-11T13:55:58","slug":"plieuse-combinee-16-pages-2","status":"publish","type":"product","link":"https:\/\/www.3p-gmbh.de\/fr\/produkt\/plieuse-combinee-16-pages-2\/","title":{"rendered":"GUK FA 74-6-KTL-F4 SA Plieuse combin\u00e9e 16 pages"},"content":{"rendered":"<ul>\n<li>avec dispositif de collage \u00e0 froid HHS pour le collage au pli<\/li>\n<li>Ann\u00e9e de construction 1999<\/li>\n<li>Margeur \u00e0 pile plate Gremser F4 avec s\u00e9parateur de bord arri\u00e8re et compteur \u00e0 pr\u00e9s\u00e9lection MCS<\/li>\n<li>6 poches 74cm, arbre porte-lames suivi<\/li>\n<li>Pr\u00e9sentoir mobile en \u00e9cailles SA 720<\/li>\n<\/ul>\n","protected":false},"excerpt":{"rendered":"<p>avec dispositif de collage \u00e0 froid HHS pour le collage au pli Ann\u00e9e de construction 1999 Margeur \u00e0 pile plate Gremser F4 avec s\u00e9parateur de bord arri\u00e8re et compteur \u00e0 pr\u00e9s\u00e9lection MCS 6 poches 74cm, arbre porte-lames suivi Pr\u00e9sentoir mobile en \u00e9cailles SA 720<\/p>\n","protected":false},"featured_media":56864,"template":"","meta":[],"product_brand":[],"product_cat":[2984],"product_tag":[],"class_list":{"0":"post-93850","1":"product","2":"type-product","3":"status-publish","4":"has-post-thumbnail","6":"product_cat-plieuses-fr","7":"pa_baujahr-158","8":"pa_hersteller-grieser-kunzmann","9":"pa_typ-guk-fa-74-6-ktl-f4-sa","11":"first","12":"instock","13":"sold-individually","14":"taxable","15":"shipping-taxable","16":"purchasable","17":"product-type-simple"},"jetpack_sharing_enabled":true,"_links":{"self":[{"href":"https:\/\/www.3p-gmbh.de\/fr\/wp-json\/wp\/v2\/product\/93850","targetHints":{"allow":["GET"]}}],"collection":[{"href":"https:\/\/www.3p-gmbh.de\/fr\/wp-json\/wp\/v2\/product"}],"about":[{"href":"https:\/\/www.3p-gmbh.de\/fr\/wp-json\/wp\/v2\/types\/product"}],"wp:featuredmedia":[{"embeddable":true,"href":"https:\/\/www.3p-gmbh.de\/fr\/wp-json\/wp\/v2\/media\/56864"}],"wp:attachment":[{"href":"https:\/\/www.3p-gmbh.de\/fr\/wp-json\/wp\/v2\/media?parent=93850"}],"wp:term":[{"taxonomy":"product_brand","embeddable":true,"href":"https:\/\/www.3p-gmbh.de\/fr\/wp-json\/wp\/v2\/product_brand?post=93850"},{"taxonomy":"product_cat","embeddable":true,"href":"https:\/\/www.3p-gmbh.de\/fr\/wp-json\/wp\/v2\/product_cat?post=93850"},{"taxonomy":"product_tag","embeddable":true,"href":"https:\/\/www.3p-gmbh.de\/fr\/wp-json\/wp\/v2\/product_tag?post=93850"}],"curies":[{"name":"wp","href":"https:\/\/api.w.org\/{rel}","templated":true}]}}