{"id":93834,"date":"2019-07-11T13:55:58","date_gmt":"2019-07-11T13:55:58","guid":{"rendered":"https:\/\/www.3p-gmbh.de\/produkt\/technifold-tri-creaser-multi-tool-mt-2-plieuse-multi-outils\/"},"modified":"2019-07-11T13:55:58","modified_gmt":"2019-07-11T13:55:58","slug":"plieuse-multi-tool","status":"publish","type":"product","link":"https:\/\/www.3p-gmbh.de\/fr\/produkt\/plieuse-multi-tool\/","title":{"rendered":"technifold Tri Creaser Multi Tool MT-2 Plieuse multi-outils"},"content":{"rendered":"<p>Cet outil sensationnel et polyvalent de 35 mm de diam\u00e8tre r\u00e9sout d&rsquo;un seul coup vos probl\u00e8mes de coupe et de microperforation. Un seul outil pour la microperforation, la coupe de s\u00e9paration, l&rsquo;\u00e9jection, le rognage des bords et le rainurage.<\/p>\n","protected":false},"excerpt":{"rendered":"<p>Cet outil sensationnel et polyvalent de 35 mm de diam\u00e8tre r\u00e9sout d&rsquo;un seul coup vos probl\u00e8mes de coupe et de microperforation. Un seul outil pour la microperforation, la coupe de s\u00e9paration, l&rsquo;\u00e9jection, le rognage des bords et le rainurage.<\/p>\n","protected":false},"featured_media":57074,"template":"","meta":[],"product_brand":[],"product_cat":[2886],"product_tag":[],"class_list":{"0":"post-93834","1":"product","2":"type-product","3":"status-publish","4":"has-post-thumbnail","6":"product_cat-accessoires-pour-plieuses","7":"pa_hersteller-technifold","8":"pa_typ-tri-creaser-multi-tool-mt-2","10":"first","11":"instock","12":"sold-individually","13":"taxable","14":"shipping-taxable","15":"purchasable","16":"product-type-simple"},"jetpack_sharing_enabled":true,"_links":{"self":[{"href":"https:\/\/www.3p-gmbh.de\/fr\/wp-json\/wp\/v2\/product\/93834","targetHints":{"allow":["GET"]}}],"collection":[{"href":"https:\/\/www.3p-gmbh.de\/fr\/wp-json\/wp\/v2\/product"}],"about":[{"href":"https:\/\/www.3p-gmbh.de\/fr\/wp-json\/wp\/v2\/types\/product"}],"wp:featuredmedia":[{"embeddable":true,"href":"https:\/\/www.3p-gmbh.de\/fr\/wp-json\/wp\/v2\/media\/57074"}],"wp:attachment":[{"href":"https:\/\/www.3p-gmbh.de\/fr\/wp-json\/wp\/v2\/media?parent=93834"}],"wp:term":[{"taxonomy":"product_brand","embeddable":true,"href":"https:\/\/www.3p-gmbh.de\/fr\/wp-json\/wp\/v2\/product_brand?post=93834"},{"taxonomy":"product_cat","embeddable":true,"href":"https:\/\/www.3p-gmbh.de\/fr\/wp-json\/wp\/v2\/product_cat?post=93834"},{"taxonomy":"product_tag","embeddable":true,"href":"https:\/\/www.3p-gmbh.de\/fr\/wp-json\/wp\/v2\/product_tag?post=93834"}],"curies":[{"name":"wp","href":"https:\/\/api.w.org\/{rel}","templated":true}]}}