{"id":93831,"date":"2019-07-11T13:55:58","date_gmt":"2019-07-11T13:55:58","guid":{"rendered":"https:\/\/www.3p-gmbh.de\/produkt\/presse-mobile-avec-sortie-a-ecailles-horizon-pst-40\/"},"modified":"2019-07-11T13:55:58","modified_gmt":"2019-07-11T13:55:58","slug":"sortie-de-presse-a-ecailles","status":"publish","type":"product","link":"https:\/\/www.3p-gmbh.de\/fr\/produkt\/sortie-de-presse-a-ecailles\/","title":{"rendered":"presse mobile avec sortie \u00e0 \u00e9cailles Horizon PST-40"},"content":{"rendered":"<p><strong>presse mobile pour feuilles pli\u00e9es avec sortie en \u00e9cailles Horizon PST-40<\/strong><br \/>\n<strong>de 2007<\/strong><\/p>\n<p>hauteur r\u00e9glable par simple pression sur un bouton<br \/>\npour presser &#8211; Pression de pressage : max. 20 kN, r\u00e9glable<br \/>\n\u00e0 marquer<br \/>\nUtilisation en ligne ou hors ligne possible<\/p>\n<p>&#8211; Format : min. 60x64mm ; max. 440x310mm<br \/>\n&#8211; hauteur d&rsquo;entr\u00e9e 280-1000mm<br \/>\n&#8211; Puissance : 50-230m\/min<br \/>\n&#8211; Courant : 230V ; 50\/60Hz &#8211; 0,9kW<br \/>\n&#8211; Dimensions : 1.100x800x1.450mm<br \/>\n&#8211; Poids : 280kg<\/p>\n","protected":false},"excerpt":{"rendered":"<p>presse mobile pour feuilles pli\u00e9es avec sortie en \u00e9cailles Horizon PST-40 de 2007 hauteur r\u00e9glable par simple pression sur un bouton pour presser &#8211; Pression de pressage : max. 20 kN, r\u00e9glable \u00e0 marquer Utilisation en ligne ou hors ligne possible &#8211; Format : min. 60x64mm ; max. 440x310mm &#8211; hauteur d&rsquo;entr\u00e9e 280-1000mm &#8211; Puissance [&hellip;]<\/p>\n","protected":false},"featured_media":61396,"template":"","meta":[],"product_brand":[],"product_cat":[2916],"product_tag":[],"class_list":{"0":"post-93831","1":"product","2":"type-product","3":"status-publish","4":"has-post-thumbnail","6":"product_cat-depenses","7":"pa_baujahr-140","8":"pa_hersteller-horizon","9":"pa_typ-pst-40","11":"first","12":"instock","13":"sold-individually","14":"taxable","15":"shipping-taxable","16":"purchasable","17":"product-type-simple"},"jetpack_sharing_enabled":true,"_links":{"self":[{"href":"https:\/\/www.3p-gmbh.de\/fr\/wp-json\/wp\/v2\/product\/93831","targetHints":{"allow":["GET"]}}],"collection":[{"href":"https:\/\/www.3p-gmbh.de\/fr\/wp-json\/wp\/v2\/product"}],"about":[{"href":"https:\/\/www.3p-gmbh.de\/fr\/wp-json\/wp\/v2\/types\/product"}],"wp:featuredmedia":[{"embeddable":true,"href":"https:\/\/www.3p-gmbh.de\/fr\/wp-json\/wp\/v2\/media\/61396"}],"wp:attachment":[{"href":"https:\/\/www.3p-gmbh.de\/fr\/wp-json\/wp\/v2\/media?parent=93831"}],"wp:term":[{"taxonomy":"product_brand","embeddable":true,"href":"https:\/\/www.3p-gmbh.de\/fr\/wp-json\/wp\/v2\/product_brand?post=93831"},{"taxonomy":"product_cat","embeddable":true,"href":"https:\/\/www.3p-gmbh.de\/fr\/wp-json\/wp\/v2\/product_cat?post=93831"},{"taxonomy":"product_tag","embeddable":true,"href":"https:\/\/www.3p-gmbh.de\/fr\/wp-json\/wp\/v2\/product_tag?post=93831"}],"curies":[{"name":"wp","href":"https:\/\/api.w.org\/{rel}","templated":true}]}}