{"id":93825,"date":"2019-07-11T13:55:58","date_gmt":"2019-07-11T13:55:58","guid":{"rendered":"https:\/\/www.3p-gmbh.de\/produkt\/mbo-k-79-4-kl-f-plieuse-combinee\/"},"modified":"2019-07-11T13:55:58","modified_gmt":"2019-07-11T13:55:58","slug":"plieuse-combinee-6","status":"publish","type":"product","link":"https:\/\/www.3p-gmbh.de\/fr\/produkt\/plieuse-combinee-6\/","title":{"rendered":"MBO K 79-4-KL-F Plieuse combin\u00e9e"},"content":{"rendered":"<ul>\n<li>Margeur \u00e0 pile plate avec Vaculift (hauteur de pile 76 cm)<\/li>\n<li>Roue d&rsquo;aspiration<\/li>\n<li>Syst\u00e8me de s\u00e9paration des feuilles<\/li>\n<li>Largeur d&rsquo;entr\u00e9e 79 cm<\/li>\n<li>Plieuse \u00e0 poches avec 4 poches et dispositif antibruit<\/li>\n<li>1. rupture de la croix avec une \u00e9p\u00e9e pli\u00e9e<\/li>\n<li>2. rupture de la croix (\u00e0 gauche) avec une \u00e9p\u00e9e pli\u00e9e<\/li>\n<li>Sortie SAP 46 avec pressage et kicker pour la partie<\/li>\n<\/ul>\n","protected":false},"excerpt":{"rendered":"<p>Margeur \u00e0 pile plate avec Vaculift (hauteur de pile 76 cm) Roue d&rsquo;aspiration Syst\u00e8me de s\u00e9paration des feuilles Largeur d&rsquo;entr\u00e9e 79 cm Plieuse \u00e0 poches avec 4 poches et dispositif antibruit 1. rupture de la croix avec une \u00e9p\u00e9e pli\u00e9e 2. rupture de la croix (\u00e0 gauche) avec une \u00e9p\u00e9e pli\u00e9e Sortie SAP 46 avec [&hellip;]<\/p>\n","protected":false},"featured_media":55605,"template":"","meta":[],"product_brand":[],"product_cat":[2984],"product_tag":[],"class_list":{"0":"post-93825","1":"product","2":"type-product","3":"status-publish","4":"has-post-thumbnail","6":"product_cat-plieuses-fr","7":"pa_baujahr-829","8":"pa_hersteller-mbo","9":"pa_typ-k-79-4-kl-f","11":"first","12":"instock","13":"sold-individually","14":"taxable","15":"shipping-taxable","16":"purchasable","17":"product-type-simple"},"jetpack_sharing_enabled":true,"_links":{"self":[{"href":"https:\/\/www.3p-gmbh.de\/fr\/wp-json\/wp\/v2\/product\/93825","targetHints":{"allow":["GET"]}}],"collection":[{"href":"https:\/\/www.3p-gmbh.de\/fr\/wp-json\/wp\/v2\/product"}],"about":[{"href":"https:\/\/www.3p-gmbh.de\/fr\/wp-json\/wp\/v2\/types\/product"}],"wp:featuredmedia":[{"embeddable":true,"href":"https:\/\/www.3p-gmbh.de\/fr\/wp-json\/wp\/v2\/media\/55605"}],"wp:attachment":[{"href":"https:\/\/www.3p-gmbh.de\/fr\/wp-json\/wp\/v2\/media?parent=93825"}],"wp:term":[{"taxonomy":"product_brand","embeddable":true,"href":"https:\/\/www.3p-gmbh.de\/fr\/wp-json\/wp\/v2\/product_brand?post=93825"},{"taxonomy":"product_cat","embeddable":true,"href":"https:\/\/www.3p-gmbh.de\/fr\/wp-json\/wp\/v2\/product_cat?post=93825"},{"taxonomy":"product_tag","embeddable":true,"href":"https:\/\/www.3p-gmbh.de\/fr\/wp-json\/wp\/v2\/product_tag?post=93825"}],"curies":[{"name":"wp","href":"https:\/\/api.w.org\/{rel}","templated":true}]}}