{"id":93822,"date":"2019-07-11T13:55:58","date_gmt":"2019-07-11T13:55:58","guid":{"rendered":"https:\/\/www.3p-gmbh.de\/produkt\/dispositif-de-pressage-a-chaud-habasit-p-100\/"},"modified":"2019-07-11T13:55:58","modified_gmt":"2019-07-11T13:55:58","slug":"dispositif-de-pressage-a-chaud","status":"publish","type":"product","link":"https:\/\/www.3p-gmbh.de\/fr\/produkt\/dispositif-de-pressage-a-chaud\/","title":{"rendered":"Dispositif de pressage \u00e0 chaud Habasit P 100"},"content":{"rendered":"<ul>\n<li>Dispositif de pressage \u00e0 chaud pour le jonctionnement Flexproof des bandes et courroies Habasit jusqu&rsquo;\u00e0 une largeur de 100 mm et une \u00e9paisseur de 2,5 mm<\/li>\n<li>La plaque de pressage inf\u00e9rieure est chauff\u00e9e et dispose d&rsquo;un fusible int\u00e9gr\u00e9 et d&rsquo;un r\u00e9gulateur de temp\u00e9rature.<\/li>\n<li>Le m\u00e9canisme \u00e0 genouill\u00e8re permet une adaptation facile aux diff\u00e9rentes \u00e9paisseurs de bande<\/li>\n<li>Convient \u00e0 la fois \u00e0 l&rsquo;utilisation en atelier et \u00e0 la r\u00e9paration sur site<\/li>\n<li>avec dispositif de pr\u00e9paration pour l&rsquo;aff\u00fbtage<\/li>\n<\/ul>\n","protected":false},"excerpt":{"rendered":"<p>Dispositif de pressage \u00e0 chaud pour le jonctionnement Flexproof des bandes et courroies Habasit jusqu&rsquo;\u00e0 une largeur de 100 mm et une \u00e9paisseur de 2,5 mm La plaque de pressage inf\u00e9rieure est chauff\u00e9e et dispose d&rsquo;un fusible int\u00e9gr\u00e9 et d&rsquo;un r\u00e9gulateur de temp\u00e9rature. Le m\u00e9canisme \u00e0 genouill\u00e8re permet une adaptation facile aux diff\u00e9rentes \u00e9paisseurs de [&hellip;]<\/p>\n","protected":false},"featured_media":55606,"template":"","meta":[],"product_brand":[],"product_cat":[2886],"product_tag":[],"class_list":{"0":"post-93822","1":"product","2":"type-product","3":"status-publish","4":"has-post-thumbnail","6":"product_cat-accessoires-pour-plieuses","7":"pa_baujahr-158","8":"pa_hersteller-habasit","9":"pa_typ-p-100-und-ausschaerfwerkzeug","11":"first","12":"instock","13":"sold-individually","14":"taxable","15":"shipping-taxable","16":"purchasable","17":"product-type-simple"},"jetpack_sharing_enabled":true,"_links":{"self":[{"href":"https:\/\/www.3p-gmbh.de\/fr\/wp-json\/wp\/v2\/product\/93822","targetHints":{"allow":["GET"]}}],"collection":[{"href":"https:\/\/www.3p-gmbh.de\/fr\/wp-json\/wp\/v2\/product"}],"about":[{"href":"https:\/\/www.3p-gmbh.de\/fr\/wp-json\/wp\/v2\/types\/product"}],"wp:featuredmedia":[{"embeddable":true,"href":"https:\/\/www.3p-gmbh.de\/fr\/wp-json\/wp\/v2\/media\/55606"}],"wp:attachment":[{"href":"https:\/\/www.3p-gmbh.de\/fr\/wp-json\/wp\/v2\/media?parent=93822"}],"wp:term":[{"taxonomy":"product_brand","embeddable":true,"href":"https:\/\/www.3p-gmbh.de\/fr\/wp-json\/wp\/v2\/product_brand?post=93822"},{"taxonomy":"product_cat","embeddable":true,"href":"https:\/\/www.3p-gmbh.de\/fr\/wp-json\/wp\/v2\/product_cat?post=93822"},{"taxonomy":"product_tag","embeddable":true,"href":"https:\/\/www.3p-gmbh.de\/fr\/wp-json\/wp\/v2\/product_tag?post=93822"}],"curies":[{"name":"wp","href":"https:\/\/api.w.org\/{rel}","templated":true}]}}