{"id":93817,"date":"2019-07-11T13:55:58","date_gmt":"2019-07-11T13:55:58","guid":{"rendered":"https:\/\/www.3p-gmbh.de\/produkt\/plieuse-a-couteau-numerique-guk-zk-500-pliage-en-croix-mobile\/"},"modified":"2019-07-11T13:55:58","modified_gmt":"2019-07-11T13:55:58","slug":"pliage-en-croix-2","status":"publish","type":"product","link":"https:\/\/www.3p-gmbh.de\/fr\/produkt\/pliage-en-croix-2\/","title":{"rendered":"Plieuse \u00e0 couteau num\u00e9rique GUK ZK 500 (pliage en croix mobile)"},"content":{"rendered":"<p><strong>Plieuse \u00e0 couteau num\u00e9rique GUK ZK 500 (pliage en croix mobile)<br \/>\nBj. 2004<\/strong><\/p>\n<p>Plieuse \u00e0 couteaux \u00e0 la pointe de la technologie &#8211; \u00e0 commande \u00e9lectronique !<br \/>\nPour le montage sur les plieuses automatiques de GUK ainsi que sur les machines d&rsquo;autres marques comme les encarteuses-piqueuses, les assembleuses, etc.<\/p>\n<ul>\n<li>Plieuse rotative, pour quatre plis allemands et internationaux<\/li>\n<li>Entra\u00eenement totalement silencieux, sans engrenages, par courroies trap\u00e9zo\u00efdales et bandes plates<\/li>\n<li>R\u00e9gulation de vitesse sans usure, \u00e0 commande \u00e9lectronique, avec g\u00e9n\u00e9rateur tachym\u00e9trique<\/li>\n<li>R\u00e9glage automatique de la cadence via une cellule photo\u00e9lectrique r\u00e9flexe par la feuille entrante<\/li>\n<li>R\u00e9glage central des rouleaux avec micro-r\u00e9glage<\/li>\n<li>R\u00e9glable en hauteur, mobile, verrouillable<\/li>\n<li>Syst\u00e8me \u00e9lectrique commutable de l&rsquo;automatique au fonctionnement s\u00e9par\u00e9 pour les machines \u00e9trang\u00e8res<\/li>\n<li>Construction massive, sans entretien, con\u00e7ue pour un fonctionnement continu<\/li>\n<\/ul>\n<ul>\n<li>Largeur d&rsquo;entr\u00e9e : max. 48 mm, min. 14,8 mm<\/li>\n<li>Longueur du format : max. 31 \/ 41 cm, min. 7 cm<\/li>\n<\/ul>\n<ul>\n<li>Hauteur d&rsquo;entr\u00e9e (guide depuis le haut) : max. 875 mm, min. 530 mm<\/li>\n<li>Hauteur de sortie (guide depuis le haut) : max. 770 mm, min. 425 mm<\/li>\n<li>Hauteur d&rsquo;entr\u00e9e (guide depuis le bas) : max. 865 mm, min. 525 mm<\/li>\n<li>Hauteur de sortie (guide depuis le bas) : max. 970 mm, min. 630 mm<\/li>\n<\/ul>\n<ul>\n<li>Vitesse : 40 &#8211; 160 m\/minute, r\u00e9glable en continu par variateur de vitesse \u00e9lectronique<\/li>\n<li>Cadence : jusqu&rsquo;\u00e0 env. 20.000 cycles\/heure<\/li>\n<li>Puissance n\u00e9cessaire : 0,7 kW<\/li>\n<li>espace n\u00e9cessaire : environ 0,80 x 1,30 m<\/li>\n<li>Poids net : 220 kg<\/li>\n<\/ul>\n","protected":false},"excerpt":{"rendered":"<p>Plieuse \u00e0 couteau num\u00e9rique GUK ZK 500 (pliage en croix mobile) Bj. 2004 Plieuse \u00e0 couteaux \u00e0 la pointe de la technologie &#8211; \u00e0 commande \u00e9lectronique ! Pour le montage sur les plieuses automatiques de GUK ainsi que sur les machines d&rsquo;autres marques comme les encarteuses-piqueuses, les assembleuses, etc. Plieuse rotative, pour quatre plis allemands [&hellip;]<\/p>\n","protected":false},"featured_media":59522,"template":"","meta":[],"product_brand":[],"product_cat":[2924],"product_tag":[],"class_list":{"0":"post-93817","1":"product","2":"type-product","3":"status-publish","4":"has-post-thumbnail","6":"product_cat-plieuses","7":"pa_baujahr-198","8":"pa_hersteller-griesser-kunzmann","9":"pa_typ-guk-zk-500","11":"first","12":"instock","13":"sold-individually","14":"taxable","15":"shipping-taxable","16":"purchasable","17":"product-type-simple"},"jetpack_sharing_enabled":true,"_links":{"self":[{"href":"https:\/\/www.3p-gmbh.de\/fr\/wp-json\/wp\/v2\/product\/93817","targetHints":{"allow":["GET"]}}],"collection":[{"href":"https:\/\/www.3p-gmbh.de\/fr\/wp-json\/wp\/v2\/product"}],"about":[{"href":"https:\/\/www.3p-gmbh.de\/fr\/wp-json\/wp\/v2\/types\/product"}],"wp:featuredmedia":[{"embeddable":true,"href":"https:\/\/www.3p-gmbh.de\/fr\/wp-json\/wp\/v2\/media\/59522"}],"wp:attachment":[{"href":"https:\/\/www.3p-gmbh.de\/fr\/wp-json\/wp\/v2\/media?parent=93817"}],"wp:term":[{"taxonomy":"product_brand","embeddable":true,"href":"https:\/\/www.3p-gmbh.de\/fr\/wp-json\/wp\/v2\/product_brand?post=93817"},{"taxonomy":"product_cat","embeddable":true,"href":"https:\/\/www.3p-gmbh.de\/fr\/wp-json\/wp\/v2\/product_cat?post=93817"},{"taxonomy":"product_tag","embeddable":true,"href":"https:\/\/www.3p-gmbh.de\/fr\/wp-json\/wp\/v2\/product_tag?post=93817"}],"curies":[{"name":"wp","href":"https:\/\/api.w.org\/{rel}","templated":true}]}}