{"id":93809,"date":"2019-07-11T13:55:58","date_gmt":"2019-07-11T13:55:58","guid":{"rendered":"https:\/\/www.3p-gmbh.de\/produkt\/ernst-nagel-foldnak-8-systeme-dagrafage-de-brochures\/"},"modified":"2019-07-11T13:55:58","modified_gmt":"2019-07-11T13:55:58","slug":"systeme-de-reliure-pour-brochures","status":"publish","type":"product","link":"https:\/\/www.3p-gmbh.de\/fr\/produkt\/systeme-de-reliure-pour-brochures\/","title":{"rendered":"Ernst Nagel Foldnak 8 Syst\u00e8me d&rsquo;agrafage de brochures"},"content":{"rendered":"<ul>\n<li>Volume de la brochure jusqu&rsquo;\u00e0 100 pages (papier 80 g\/m\u00b2)<\/li>\n<li>Formats de papier DIN A5, A4, A3, A3+, SRA3 (et tout format interm\u00e9diaire)<\/li>\n<li>formats de brochure DIN A4, A5, A6 (et tout format interm\u00e9diaire)<\/li>\n<li>Couverture Carton jusqu&rsquo;\u00e0 300 g\/m\u00b2 env.<\/li>\n<li>2 t\u00eates d&rsquo;agrafage 2 avec contr\u00f4le du magasin<\/li>\n<li>Aucun r\u00e9glage de l&rsquo;\u00e9paisseur du papier n&rsquo;est n\u00e9cessaire<\/li>\n<li>Positions de la t\u00eate d&rsquo;agrafage en mm 30 x 50 x 80 x 50 x 30<\/li>\n<li>Agrafeuses Clincher (Agrafeuses mobiles)<\/li>\n<li>Types d&rsquo;agrafes Agrafes annulaires Ri 26\/6<\/li>\n<li>Agrafes 26\/6, 26\/8, 26\/8S<\/li>\n<li>capacit\u00e9 de production jusqu&rsquo;\u00e0 2.000 brochures\/heure<\/li>\n<li>Sortie \u00e0 \u00e9cailles \u00e9lectrique, course r\u00e9glable<\/li>\n<li>Agrafage en bloc On-Line, jusqu&rsquo;\u00e0 40 feuilles<\/li>\n<\/ul>\n<p>Coupe frontale<br \/>\nLa station de pressage avant le rognage assure des brochures \u00e0 plat avec un pli net, les bandes de transport sup\u00e9rieures assurent un transport s\u00fbr du papier, m\u00eame pour les cahiers \u00e9pais, le suivi r\u00e9glable de la bande assure toujours un appui pr\u00e9cis sur la but\u00e9e, m\u00eame pour les cahiers qui entrent en biais, changement de format en 30 sec.<\/p>\n<ul>\n<li>Volume de la brochure jusqu&rsquo;\u00e0 100 pages (papier 80 g\/m\u00b2)<\/li>\n<li>formats de brochure A4, A5, A6 (et tout format interm\u00e9diaire), min 10 cm<\/li>\n<li>capacit\u00e9 de production jusqu&rsquo;\u00e0 2.000 brochures\/heure<\/li>\n<li>Raccordement 230 V, 50 Hz, 600 W<\/li>\n<\/ul>\n","protected":false},"excerpt":{"rendered":"<p>Volume de la brochure jusqu&rsquo;\u00e0 100 pages (papier 80 g\/m\u00b2) Formats de papier DIN A5, A4, A3, A3+, SRA3 (et tout format interm\u00e9diaire) formats de brochure DIN A4, A5, A6 (et tout format interm\u00e9diaire) Couverture Carton jusqu&rsquo;\u00e0 300 g\/m\u00b2 env. 2 t\u00eates d&rsquo;agrafage 2 avec contr\u00f4le du magasin Aucun r\u00e9glage de l&rsquo;\u00e9paisseur du papier n&rsquo;est [&hellip;]<\/p>\n","protected":false},"featured_media":55614,"template":"","meta":[],"product_brand":[],"product_cat":[2947],"product_tag":[],"class_list":{"0":"post-93809","1":"product","2":"type-product","3":"status-publish","4":"has-post-thumbnail","6":"product_cat-systemes-de-fabrication-de-brochures","7":"pa_baujahr-326","8":"pa_hersteller-ernst-nagel","9":"pa_typ-foldnak-8","11":"first","12":"instock","13":"sold-individually","14":"taxable","15":"shipping-taxable","16":"purchasable","17":"product-type-simple"},"jetpack_sharing_enabled":true,"_links":{"self":[{"href":"https:\/\/www.3p-gmbh.de\/fr\/wp-json\/wp\/v2\/product\/93809","targetHints":{"allow":["GET"]}}],"collection":[{"href":"https:\/\/www.3p-gmbh.de\/fr\/wp-json\/wp\/v2\/product"}],"about":[{"href":"https:\/\/www.3p-gmbh.de\/fr\/wp-json\/wp\/v2\/types\/product"}],"wp:featuredmedia":[{"embeddable":true,"href":"https:\/\/www.3p-gmbh.de\/fr\/wp-json\/wp\/v2\/media\/55614"}],"wp:attachment":[{"href":"https:\/\/www.3p-gmbh.de\/fr\/wp-json\/wp\/v2\/media?parent=93809"}],"wp:term":[{"taxonomy":"product_brand","embeddable":true,"href":"https:\/\/www.3p-gmbh.de\/fr\/wp-json\/wp\/v2\/product_brand?post=93809"},{"taxonomy":"product_cat","embeddable":true,"href":"https:\/\/www.3p-gmbh.de\/fr\/wp-json\/wp\/v2\/product_cat?post=93809"},{"taxonomy":"product_tag","embeddable":true,"href":"https:\/\/www.3p-gmbh.de\/fr\/wp-json\/wp\/v2\/product_tag?post=93809"}],"curies":[{"name":"wp","href":"https:\/\/api.w.org\/{rel}","templated":true}]}}