{"id":93800,"date":"2019-07-11T13:55:08","date_gmt":"2019-07-11T13:55:08","guid":{"rendered":"https:\/\/www.3p-gmbh.de\/produkt\/hunkeler-re-320-decoupeuse-a-reperage-par-le-pouce\/"},"modified":"2019-07-11T13:55:08","modified_gmt":"2019-07-11T13:55:08","slug":"poinconneuse-a-registre-pour-le-pouce","status":"publish","type":"product","link":"https:\/\/www.3p-gmbh.de\/fr\/produkt\/poinconneuse-a-registre-pour-le-pouce\/","title":{"rendered":"Hunkeler RE 320 D\u00e9coupeuse \u00e0 rep\u00e9rage par le pouce"},"content":{"rendered":"<ul>\n<li>Machine \u00e0 d\u00e9couper en registre avec groupe d&rsquo;impression \u00e0 deux couleurs<\/li>\n<li>longueur de coupe 320 mm<\/li>\n<li>profondeur de coupe 80 mm<\/li>\n<li>Epaisseur de coupe max. 10 mm<\/li>\n<li>Epaisseur de serrage max. 50 mm<\/li>\n<li>Longueur max. du dos du livre 400 mm<\/li>\n<li>max. Vitesse 70 coups \/ min<\/li>\n<li>Outil 90 degr\u00e9s \/ rayon de 1,5mm<\/li>\n<\/ul>\n","protected":false},"excerpt":{"rendered":"<p>Machine \u00e0 d\u00e9couper en registre avec groupe d&rsquo;impression \u00e0 deux couleurs longueur de coupe 320 mm profondeur de coupe 80 mm Epaisseur de coupe max. 10 mm Epaisseur de serrage max. 50 mm Longueur max. du dos du livre 400 mm max. Vitesse 70 coups \/ min Outil 90 degr\u00e9s \/ rayon de 1,5mm<\/p>\n","protected":false},"featured_media":55348,"template":"","meta":[],"product_brand":[],"product_cat":[3016],"product_tag":[],"class_list":{"0":"post-93800","1":"product","2":"type-product","3":"status-publish","4":"has-post-thumbnail","6":"product_cat-machines-de-decoupe","7":"pa_baujahr-829","8":"pa_hersteller-hunkeler","9":"pa_typ-re-320-var","11":"first","12":"instock","13":"sold-individually","14":"taxable","15":"shipping-taxable","16":"purchasable","17":"product-type-simple"},"jetpack_sharing_enabled":true,"_links":{"self":[{"href":"https:\/\/www.3p-gmbh.de\/fr\/wp-json\/wp\/v2\/product\/93800","targetHints":{"allow":["GET"]}}],"collection":[{"href":"https:\/\/www.3p-gmbh.de\/fr\/wp-json\/wp\/v2\/product"}],"about":[{"href":"https:\/\/www.3p-gmbh.de\/fr\/wp-json\/wp\/v2\/types\/product"}],"wp:featuredmedia":[{"embeddable":true,"href":"https:\/\/www.3p-gmbh.de\/fr\/wp-json\/wp\/v2\/media\/55348"}],"wp:attachment":[{"href":"https:\/\/www.3p-gmbh.de\/fr\/wp-json\/wp\/v2\/media?parent=93800"}],"wp:term":[{"taxonomy":"product_brand","embeddable":true,"href":"https:\/\/www.3p-gmbh.de\/fr\/wp-json\/wp\/v2\/product_brand?post=93800"},{"taxonomy":"product_cat","embeddable":true,"href":"https:\/\/www.3p-gmbh.de\/fr\/wp-json\/wp\/v2\/product_cat?post=93800"},{"taxonomy":"product_tag","embeddable":true,"href":"https:\/\/www.3p-gmbh.de\/fr\/wp-json\/wp\/v2\/product_tag?post=93800"}],"curies":[{"name":"wp","href":"https:\/\/api.w.org\/{rel}","templated":true}]}}