{"id":93797,"date":"2019-07-11T13:55:08","date_gmt":"2019-07-11T13:55:08","guid":{"rendered":"https:\/\/www.3p-gmbh.de\/produkt\/coupeuse-rapide-wohlenberg-wp-76-spm\/"},"modified":"2019-07-11T13:55:08","modified_gmt":"2019-07-11T13:55:08","slug":"coupeur-rapide-9","status":"publish","type":"product","link":"https:\/\/www.3p-gmbh.de\/fr\/produkt\/coupeur-rapide-9\/","title":{"rendered":"Coupeuse rapide Wohlenberg WP 76 SPM"},"content":{"rendered":"<ul>\n<li>Largeur de coupe 76 cm<\/li>\n<li>hauteur de l&rsquo;insert 110 mm<\/li>\n<li>nombre de coupes 42\/min<\/li>\n<li>Coupe r\u00e9siduelle manuelle 52mm<\/li>\n<li>SPM Programme automatique<\/li>\n<li>Table \u00e0 air<\/li>\n<li>Couverture de la table arri\u00e8re<\/li>\n<li>2 couteaux<\/li>\n<\/ul>\n","protected":false},"excerpt":{"rendered":"<p>Largeur de coupe 76 cm hauteur de l&rsquo;insert 110 mm nombre de coupes 42\/min Coupe r\u00e9siduelle manuelle 52mm SPM Programme automatique Table \u00e0 air Couverture de la table arri\u00e8re 2 couteaux<\/p>\n","protected":false},"featured_media":55342,"template":"","meta":[],"product_brand":[],"product_cat":[3016],"product_tag":[],"class_list":{"0":"post-93797","1":"product","2":"type-product","3":"status-publish","4":"has-post-thumbnail","6":"product_cat-machines-de-decoupe","7":"pa_baujahr-196","8":"pa_hersteller-wohlenberg","9":"pa_typ-wp-76-spm","11":"first","12":"instock","13":"sold-individually","14":"taxable","15":"shipping-taxable","16":"purchasable","17":"product-type-simple"},"jetpack_sharing_enabled":true,"_links":{"self":[{"href":"https:\/\/www.3p-gmbh.de\/fr\/wp-json\/wp\/v2\/product\/93797","targetHints":{"allow":["GET"]}}],"collection":[{"href":"https:\/\/www.3p-gmbh.de\/fr\/wp-json\/wp\/v2\/product"}],"about":[{"href":"https:\/\/www.3p-gmbh.de\/fr\/wp-json\/wp\/v2\/types\/product"}],"wp:featuredmedia":[{"embeddable":true,"href":"https:\/\/www.3p-gmbh.de\/fr\/wp-json\/wp\/v2\/media\/55342"}],"wp:attachment":[{"href":"https:\/\/www.3p-gmbh.de\/fr\/wp-json\/wp\/v2\/media?parent=93797"}],"wp:term":[{"taxonomy":"product_brand","embeddable":true,"href":"https:\/\/www.3p-gmbh.de\/fr\/wp-json\/wp\/v2\/product_brand?post=93797"},{"taxonomy":"product_cat","embeddable":true,"href":"https:\/\/www.3p-gmbh.de\/fr\/wp-json\/wp\/v2\/product_cat?post=93797"},{"taxonomy":"product_tag","embeddable":true,"href":"https:\/\/www.3p-gmbh.de\/fr\/wp-json\/wp\/v2\/product_tag?post=93797"}],"curies":[{"name":"wp","href":"https:\/\/api.w.org\/{rel}","templated":true}]}}