{"id":93795,"date":"2019-07-11T13:55:08","date_gmt":"2019-07-11T13:55:08","guid":{"rendered":"https:\/\/www.3p-gmbh.de\/produkt\/baumann-ba-6-n-eplucheur-grand-format\/"},"modified":"2019-07-11T13:55:08","modified_gmt":"2019-07-11T13:55:08","slug":"depileur-grand-format","status":"publish","type":"product","link":"https:\/\/www.3p-gmbh.de\/fr\/produkt\/depileur-grand-format\/","title":{"rendered":"Baumann BA 6 N Eplucheur grand format"},"content":{"rendered":"<ul>\n<li>Image de la couche max. [mm]  1050 x 1450<\/li>\n<li>Hauteur d&#8217;empilage [mm] 1100<\/li>\n<li>Poids des couches [kg] 300<\/li>\n<li>Hauteur de palette min. [mm]  130<\/li>\n<\/ul>\n<p>La mani\u00e8re \u00e9conomique et sans effort d&#8217;empiler des poses simples ou multiples avec une grande pr\u00e9cision. La d\u00e9pose manuelle de produits coup\u00e9s ou d\u00e9coup\u00e9s demande du temps et des efforts. Ce processus est automatis\u00e9 par des d\u00e9chargeurs. Le mat\u00e9riel a \u00e9t\u00e9 mis au niveau de la table. La pile se trouve en dessous de la table. L&#8217;empilage se fait uniquement vers le bas &#8211; la hauteur d&#8217;empilage est de max. 1100 mm.<\/p>\n","protected":false},"excerpt":{"rendered":"<p>Image de la couche max. [mm] 1050 x 1450 Hauteur d&#8217;empilage [mm] 1100 Poids des couches [kg] 300 Hauteur de palette min. [mm] 130 La mani\u00e8re \u00e9conomique et sans effort d&#8217;empiler des poses simples ou multiples avec une grande pr\u00e9cision. La d\u00e9pose manuelle de produits coup\u00e9s ou d\u00e9coup\u00e9s demande du temps et des efforts. Ce [&hellip;]<\/p>\n","protected":false},"featured_media":55339,"template":"","meta":[],"product_brand":[],"product_cat":[3016],"product_tag":[],"class_list":{"0":"post-93795","1":"product","2":"type-product","3":"status-publish","4":"has-post-thumbnail","6":"product_cat-machines-de-decoupe","7":"pa_baujahr-150","8":"pa_hersteller-wohlenberg-baumann","9":"pa_typ-ba-6-n","11":"first","12":"instock","13":"sold-individually","14":"taxable","15":"shipping-taxable","16":"purchasable","17":"product-type-simple"},"jetpack_sharing_enabled":true,"_links":{"self":[{"href":"https:\/\/www.3p-gmbh.de\/fr\/wp-json\/wp\/v2\/product\/93795","targetHints":{"allow":["GET"]}}],"collection":[{"href":"https:\/\/www.3p-gmbh.de\/fr\/wp-json\/wp\/v2\/product"}],"about":[{"href":"https:\/\/www.3p-gmbh.de\/fr\/wp-json\/wp\/v2\/types\/product"}],"wp:featuredmedia":[{"embeddable":true,"href":"https:\/\/www.3p-gmbh.de\/fr\/wp-json\/wp\/v2\/media\/55339"}],"wp:attachment":[{"href":"https:\/\/www.3p-gmbh.de\/fr\/wp-json\/wp\/v2\/media?parent=93795"}],"wp:term":[{"taxonomy":"product_brand","embeddable":true,"href":"https:\/\/www.3p-gmbh.de\/fr\/wp-json\/wp\/v2\/product_brand?post=93795"},{"taxonomy":"product_cat","embeddable":true,"href":"https:\/\/www.3p-gmbh.de\/fr\/wp-json\/wp\/v2\/product_cat?post=93795"},{"taxonomy":"product_tag","embeddable":true,"href":"https:\/\/www.3p-gmbh.de\/fr\/wp-json\/wp\/v2\/product_tag?post=93795"}],"curies":[{"name":"wp","href":"https:\/\/api.w.org\/{rel}","templated":true}]}}