{"id":93785,"date":"2019-07-11T13:55:08","date_gmt":"2019-07-11T13:55:08","guid":{"rendered":"https:\/\/www.3p-gmbh.de\/produkt\/couteaux-hss-pour-perfecta-132\/"},"modified":"2019-07-11T13:55:08","modified_gmt":"2019-07-11T13:55:08","slug":"couteau","status":"publish","type":"product","link":"https:\/\/www.3p-gmbh.de\/fr\/produkt\/couteau\/","title":{"rendered":"Couteaux HSS pour Perfecta 132"},"content":{"rendered":"<p><strong>Couteaux HSS pour Perfecta 132<\/strong><\/p>\n<p><em>d&rsquo;occasion<\/em><\/p>\n<p>1 couteau HSS Sch\u00f6neberger pour Perfecta 132<br \/>\n\u00e0 l&rsquo;\u00e9tat neuf &#8211; tranchant<\/p>\n<p>1 couteau HSS Sch\u00f6neberger pour Perfecta 132<br \/>\npeut encore \u00eatre ponc\u00e9 environ 2-3 fois &#8211; tranchant<\/p>\n","protected":false},"excerpt":{"rendered":"<p>Couteaux HSS pour Perfecta 132 d&rsquo;occasion 1 couteau HSS Sch\u00f6neberger pour Perfecta 132 \u00e0 l&rsquo;\u00e9tat neuf &#8211; tranchant 1 couteau HSS Sch\u00f6neberger pour Perfecta 132 peut encore \u00eatre ponc\u00e9 environ 2-3 fois &#8211; tranchant<\/p>\n","protected":false},"featured_media":55354,"template":"","meta":[],"product_brand":[],"product_cat":[3016],"product_tag":[],"class_list":{"0":"post-93785","1":"product","2":"type-product","3":"status-publish","4":"has-post-thumbnail","6":"product_cat-machines-de-decoupe","7":"pa_baujahr-127","8":"pa_hersteller-hagedorn-fuer-perfecta","9":"pa_typ-831","11":"first","12":"instock","13":"sold-individually","14":"taxable","15":"shipping-taxable","16":"purchasable","17":"product-type-simple"},"jetpack_sharing_enabled":true,"_links":{"self":[{"href":"https:\/\/www.3p-gmbh.de\/fr\/wp-json\/wp\/v2\/product\/93785","targetHints":{"allow":["GET"]}}],"collection":[{"href":"https:\/\/www.3p-gmbh.de\/fr\/wp-json\/wp\/v2\/product"}],"about":[{"href":"https:\/\/www.3p-gmbh.de\/fr\/wp-json\/wp\/v2\/types\/product"}],"wp:featuredmedia":[{"embeddable":true,"href":"https:\/\/www.3p-gmbh.de\/fr\/wp-json\/wp\/v2\/media\/55354"}],"wp:attachment":[{"href":"https:\/\/www.3p-gmbh.de\/fr\/wp-json\/wp\/v2\/media?parent=93785"}],"wp:term":[{"taxonomy":"product_brand","embeddable":true,"href":"https:\/\/www.3p-gmbh.de\/fr\/wp-json\/wp\/v2\/product_brand?post=93785"},{"taxonomy":"product_cat","embeddable":true,"href":"https:\/\/www.3p-gmbh.de\/fr\/wp-json\/wp\/v2\/product_cat?post=93785"},{"taxonomy":"product_tag","embeddable":true,"href":"https:\/\/www.3p-gmbh.de\/fr\/wp-json\/wp\/v2\/product_tag?post=93785"}],"curies":[{"name":"wp","href":"https:\/\/api.w.org\/{rel}","templated":true}]}}