{"id":93783,"date":"2019-07-11T13:55:08","date_gmt":"2019-07-11T13:55:08","guid":{"rendered":"https:\/\/www.3p-gmbh.de\/produkt\/coupeuse-de-cartes-de-visite-fks-duplo-dc-615-pro\/"},"modified":"2019-07-11T13:55:08","modified_gmt":"2019-07-11T13:55:08","slug":"coupeuse-de-cartes-de-visite","status":"publish","type":"product","link":"https:\/\/www.3p-gmbh.de\/fr\/produkt\/coupeuse-de-cartes-de-visite\/","title":{"rendered":"Coupeuse de cartes de visite FKS Duplo DC 615 Pro"},"content":{"rendered":"<ul>\n<li>incl. Logiciel Duplo Job Creator<\/li>\n<li>Finisher pour l&rsquo;impression num\u00e9rique couleur<\/li>\n<li>D\u00e9coupe des bords, d\u00e9coupe des avantages, rainurage des impressions num\u00e9riques couleur en un seul passage pour les cartes de visite, les cartes de visite pli\u00e9es, les cartes de v\u0153ux, les cartes pliables, les cartes postales, les prospectus, les insertions de CD\/DVD, les invitations, les programmes, les pr\u00e9sentoirs et bien d&rsquo;autres choses encore.<\/li>\n<li>Table de marge avec capacit\u00e9 de pr\u00e9-empilage de 100 mm<\/li>\n<li>S\u00e9parateur d&rsquo;air pour une s\u00e9paration fiable des feuilles<\/li>\n<li>2 lames lat\u00e9rales rotatives<\/li>\n<li>4 lames de d\u00e9coupe rotatives<\/li>\n<li>1 lame transversale et 1 barre de rainurage pour des coupes ou des rainurages multiples<\/li>\n<\/ul>\n","protected":false},"excerpt":{"rendered":"<p>incl. Logiciel Duplo Job Creator Finisher pour l&rsquo;impression num\u00e9rique couleur D\u00e9coupe des bords, d\u00e9coupe des avantages, rainurage des impressions num\u00e9riques couleur en un seul passage pour les cartes de visite, les cartes de visite pli\u00e9es, les cartes de v\u0153ux, les cartes pliables, les cartes postales, les prospectus, les insertions de CD\/DVD, les invitations, les programmes, [&hellip;]<\/p>\n","protected":false},"featured_media":55361,"template":"","meta":[],"product_brand":[],"product_cat":[3016],"product_tag":[],"class_list":{"0":"post-93783","1":"product","2":"type-product","3":"status-publish","4":"has-post-thumbnail","6":"product_cat-machines-de-decoupe","7":"pa_baujahr-145","8":"pa_hersteller-duplo-fks","9":"pa_typ-docucutter-dc-615-pro","11":"first","12":"instock","13":"sold-individually","14":"taxable","15":"shipping-taxable","16":"purchasable","17":"product-type-simple"},"jetpack_sharing_enabled":true,"_links":{"self":[{"href":"https:\/\/www.3p-gmbh.de\/fr\/wp-json\/wp\/v2\/product\/93783","targetHints":{"allow":["GET"]}}],"collection":[{"href":"https:\/\/www.3p-gmbh.de\/fr\/wp-json\/wp\/v2\/product"}],"about":[{"href":"https:\/\/www.3p-gmbh.de\/fr\/wp-json\/wp\/v2\/types\/product"}],"wp:featuredmedia":[{"embeddable":true,"href":"https:\/\/www.3p-gmbh.de\/fr\/wp-json\/wp\/v2\/media\/55361"}],"wp:attachment":[{"href":"https:\/\/www.3p-gmbh.de\/fr\/wp-json\/wp\/v2\/media?parent=93783"}],"wp:term":[{"taxonomy":"product_brand","embeddable":true,"href":"https:\/\/www.3p-gmbh.de\/fr\/wp-json\/wp\/v2\/product_brand?post=93783"},{"taxonomy":"product_cat","embeddable":true,"href":"https:\/\/www.3p-gmbh.de\/fr\/wp-json\/wp\/v2\/product_cat?post=93783"},{"taxonomy":"product_tag","embeddable":true,"href":"https:\/\/www.3p-gmbh.de\/fr\/wp-json\/wp\/v2\/product_tag?post=93783"}],"curies":[{"name":"wp","href":"https:\/\/api.w.org\/{rel}","templated":true}]}}