{"id":93778,"date":"2019-07-11T13:55:08","date_gmt":"2019-07-11T13:55:08","guid":{"rendered":"https:\/\/www.3p-gmbh.de\/produkt\/butee-laterale-abaissable-pneumatiquement\/"},"modified":"2019-07-11T13:55:08","modified_gmt":"2019-07-11T13:55:08","slug":"butee-laterale","status":"publish","type":"product","link":"https:\/\/www.3p-gmbh.de\/fr\/produkt\/butee-laterale\/","title":{"rendered":"but\u00e9e lat\u00e9rale abaissable pneumatiquement"},"content":{"rendered":"<ul>\n<li>convient aux machines de d\u00e9coupe grand format de tous les fabricants (Wohlenberg, Polar, Perfecta)<\/li>\n<li>avec autogestion<\/li>\n<li>But\u00e9e et table \u00e0 air en acier inoxydable<\/li>\n<li>possibilit\u00e9 de montage \u00e0 gauche ou \u00e0 droite<\/li>\n<li>longueur 165cm, largeur 25cm<\/li>\n<li>avec buses d&rsquo;air<\/li>\n<li>est n\u00e9cessaire lorsqu&rsquo;une machine de d\u00e9coupe doit \u00eatre aliment\u00e9e par la table arri\u00e8re de la machine<\/li>\n<\/ul>\n","protected":false},"excerpt":{"rendered":"<p>convient aux machines de d\u00e9coupe grand format de tous les fabricants (Wohlenberg, Polar, Perfecta) avec autogestion But\u00e9e et table \u00e0 air en acier inoxydable possibilit\u00e9 de montage \u00e0 gauche ou \u00e0 droite longueur 165cm, largeur 25cm avec buses d&rsquo;air est n\u00e9cessaire lorsqu&rsquo;une machine de d\u00e9coupe doit \u00eatre aliment\u00e9e par la table arri\u00e8re de la machine<\/p>\n","protected":false},"featured_media":55368,"template":"","meta":[],"product_brand":[],"product_cat":[3016],"product_tag":[],"class_list":{"0":"post-93778","1":"product","2":"type-product","3":"status-publish","4":"has-post-thumbnail","6":"product_cat-machines-de-decoupe","7":"pa_baujahr-165","8":"pa_hersteller-wohlenberg-polar-perfecta","9":"pa_typ-pneumatisch-absenkbarer-seitenanschlag","11":"first","12":"instock","13":"sold-individually","14":"taxable","15":"shipping-taxable","16":"purchasable","17":"product-type-simple"},"jetpack_sharing_enabled":true,"_links":{"self":[{"href":"https:\/\/www.3p-gmbh.de\/fr\/wp-json\/wp\/v2\/product\/93778","targetHints":{"allow":["GET"]}}],"collection":[{"href":"https:\/\/www.3p-gmbh.de\/fr\/wp-json\/wp\/v2\/product"}],"about":[{"href":"https:\/\/www.3p-gmbh.de\/fr\/wp-json\/wp\/v2\/types\/product"}],"wp:featuredmedia":[{"embeddable":true,"href":"https:\/\/www.3p-gmbh.de\/fr\/wp-json\/wp\/v2\/media\/55368"}],"wp:attachment":[{"href":"https:\/\/www.3p-gmbh.de\/fr\/wp-json\/wp\/v2\/media?parent=93778"}],"wp:term":[{"taxonomy":"product_brand","embeddable":true,"href":"https:\/\/www.3p-gmbh.de\/fr\/wp-json\/wp\/v2\/product_brand?post=93778"},{"taxonomy":"product_cat","embeddable":true,"href":"https:\/\/www.3p-gmbh.de\/fr\/wp-json\/wp\/v2\/product_cat?post=93778"},{"taxonomy":"product_tag","embeddable":true,"href":"https:\/\/www.3p-gmbh.de\/fr\/wp-json\/wp\/v2\/product_tag?post=93778"}],"curies":[{"name":"wp","href":"https:\/\/api.w.org\/{rel}","templated":true}]}}